{"id":7857,"date":"2020-08-26T10:22:05","date_gmt":"2020-08-26T08:22:05","guid":{"rendered":"http:\/\/wp.hartkorn-gewuerze.de\/wp1\/?page_id=7857"},"modified":"2023-07-14T14:22:58","modified_gmt":"2023-07-14T12:22:58","slug":"red-cap-spende-2016-2017","status":"publish","type":"page","link":"https:\/\/hartkorn-gewuerze.de\/unternehmen\/red-cap-spende-2016-2017\/","title":{"rendered":"Red Cap Spende 2016\/2017"},"content":{"rendered":"<p><div class=\"fusion-fullwidth fullwidth-box fusion-builder-row-1 fusion-flex-container nonhundred-percent-fullwidth non-hundred-percent-height-scrolling\" style=\"--awb-border-radius-top-left:0px;--awb-border-radius-top-right:0px;--awb-border-radius-bottom-right:0px;--awb-border-radius-bottom-left:0px;--awb-flex-wrap:wrap;\" ><div class=\"fusion-builder-row fusion-row fusion-flex-align-items-flex-start fusion-flex-content-wrap\" style=\"max-width:1216.8px;margin-left: calc(-4% \/ 2 );margin-right: calc(-4% \/ 2 );\"><div class=\"fusion-layout-column fusion_builder_column fusion-builder-column-0 fusion_builder_column_1_1 1_1 fusion-flex-column\" style=\"--awb-bg-size:cover;--awb-width-large:100%;--awb-margin-top-large:0px;--awb-spacing-right-large:1.92%;--awb-margin-bottom-large:20px;--awb-spacing-left-large:1.92%;--awb-width-medium:100%;--awb-order-medium:0;--awb-spacing-right-medium:1.92%;--awb-spacing-left-medium:1.92%;--awb-width-small:100%;--awb-order-small:0;--awb-spacing-right-small:1.92%;--awb-spacing-left-small:1.92%;\"><div class=\"fusion-column-wrapper fusion-column-has-shadow fusion-flex-justify-content-flex-start fusion-content-layout-column\"><div class=\"fusion-title title fusion-title-1 fusion-sep-none fusion-title-text fusion-title-size-one\" style=\"--awb-margin-top-small:10px;--awb-margin-right-small:0px;--awb-margin-bottom-small:10px;--awb-margin-left-small:0px;\"><h1 class=\"fusion-title-heading title-heading-left fusion-responsive-typography-calculated\" style=\"margin:0;--fontSize:40;line-height:1.14;\"><p style=\"text-align: center;\">Red Cap Spende 2016\/2017<\/p>\n<p style=\"text-align: center;\">Warum aufh\u00f6ren Gutes zu tun?<\/p><\/h1><\/div><div class=\"fusion-separator fusion-full-width-sep\" style=\"align-self: center;margin-left: auto;margin-right: auto;width:100%;\"><div class=\"fusion-separator-border sep-single sep-solid\" style=\"--awb-height:20px;--awb-amount:20px;border-color:#e2e2e2;border-top-width:1px;\"><\/div><\/div><\/div><\/div><\/div><\/div><div class=\"fusion-fullwidth fullwidth-box fusion-builder-row-2 fusion-flex-container nonhundred-percent-fullwidth non-hundred-percent-height-scrolling\" style=\"--awb-border-radius-top-left:0px;--awb-border-radius-top-right:0px;--awb-border-radius-bottom-right:0px;--awb-border-radius-bottom-left:0px;--awb-flex-wrap:wrap;\" ><div class=\"fusion-builder-row fusion-row fusion-flex-align-items-flex-start fusion-flex-content-wrap\" style=\"max-width:1216.8px;margin-left: calc(-4% \/ 2 );margin-right: calc(-4% \/ 2 );\"><div class=\"fusion-layout-column fusion_builder_column fusion-builder-column-1 fusion_builder_column_1_1 1_1 fusion-flex-column\" style=\"--awb-bg-size:cover;--awb-width-large:100%;--awb-margin-top-large:0px;--awb-spacing-right-large:1.92%;--awb-margin-bottom-large:20px;--awb-spacing-left-large:1.92%;--awb-width-medium:100%;--awb-order-medium:0;--awb-spacing-right-medium:1.92%;--awb-spacing-left-medium:1.92%;--awb-width-small:100%;--awb-order-small:0;--awb-spacing-right-small:1.92%;--awb-spacing-left-small:1.92%;\"><div class=\"fusion-column-wrapper fusion-column-has-shadow fusion-flex-justify-content-flex-start fusion-content-layout-column\"><div class=\"fusion-text fusion-text-1\"><p style=\"font-size: 18px; text-align: justify; line-height: 1.3;\">Nachdem wir 2015 unsere erste RED CAP Spendenaktion gestartet haben, und das Projektergebnis uns doch sehr ber\u00fchrt hat, stehen wir auch weiterhin mit der Hilfsorganisation arche noVa &#8211; Initiative f\u00fcr Menschen in Not e.V. in engem Kontakt. Sie k\u00f6nnen sich vorstellen dass die Situation in Syrien nach wie vor mehr als brisant ist. Die medizinische Versorgung der Zivilbev\u00f6lkerung ist katastrophal. Die wenigen noch funktionierenden Einrichtungen brauchen nach Einsch\u00e4tzung von arche noVa dringende Unterst\u00fctzung.<br \/>\nDarum haben wir uns dieses Jahr erneut daf\u00fcr entschieden einen Beitrag zu leisten, den Menschen in Syrien ein wenig Hoffnung zur\u00fcck zu geben. Daher schicken wir zum zweiten Mal die RED CAP Spendendose ins Rennen. Ab dem 31.10.2016 finden Sie die Dosen mit dem roten Deckel wieder im Handel. <strong>5 Cent<\/strong> jeder verkauften RED CAP Spendendose spenden wir an arche noVa.<\/p>\n<p style=\"font-size: 18px; text-align: justify; line-height: 1.3;\">Dank Ihrer Mithilfe war die Aktion im letzten Jahr ein Riesenerfolg! Lassen Sie uns gemeinsam daf\u00fcr sorgen, dass die diesj\u00e4hrige Aktion nahtlos daran ankn\u00fcpfen kann.<\/p>\n<\/div><div class=\"fusion-separator fusion-full-width-sep\" style=\"align-self: center;margin-left: auto;margin-right: auto;width:100%;\"><div class=\"fusion-separator-border sep-single sep-solid\" style=\"--awb-height:20px;--awb-amount:20px;border-color:#e2e2e2;border-top-width:1px;\"><\/div><\/div><\/div><\/div><div class=\"fusion-layout-column fusion_builder_column fusion-builder-column-2 fusion_builder_column_1_2 1_2 fusion-flex-column\" style=\"--awb-bg-size:cover;--awb-width-large:50%;--awb-margin-top-large:0px;--awb-spacing-right-large:3.84%;--awb-margin-bottom-large:20px;--awb-spacing-left-large:3.84%;--awb-width-medium:100%;--awb-order-medium:0;--awb-spacing-right-medium:1.92%;--awb-spacing-left-medium:1.92%;--awb-width-small:100%;--awb-order-small:0;--awb-spacing-right-small:1.92%;--awb-spacing-left-small:1.92%;\"><div class=\"fusion-column-wrapper fusion-column-has-shadow fusion-flex-justify-content-flex-start fusion-content-layout-column\"><div class=\"fusion-text fusion-text-2\"><h2>Warum spenden wir?<\/h2>\n<p style=\"font-size: 18px; text-align: justify; line-height: 1.3;\">Wir spenden einen Teil unserer Einnahmen, um Menschen in Notsituationen zu helfen. Unsere Gew\u00fcrze kommen aus den unterschiedlichsten Regionen der Welt. Wir glauben fest daran, dass wir als eines der wohlhabenderen L\u00e4nder auf der Welt eine gro\u00dfe Verantwortung gegen\u00fcber den Menschen haben denen es nicht gut geht.<\/p>\n<h2>Wie spenden wir?<\/h2>\n<p style=\"font-size: 18px; text-align: justify; line-height: 1.3;\">Zur Unterst\u00fctzung von Menschen in Notsituationen haben wir letztes Jahr die RED CAP Spendendose ins Leben gerufen. Auch dieses Jahr spenden wir wieder <strong>5 Cent<\/strong> des Verkaufserl\u00f6ses jeder verkauften RED CAP Dose. \u00dcber unseren Counter auf der Startseite ist die aktuelle Spendensumme abrufbar. Die Spendensumme kommt der Hilfsorganisation arche noVa \u2013 Initiative f\u00fcr Menschen in Not e.V. zu Gute.<\/p>\n<p style=\"font-size: 18px; text-align: justify; line-height: 1.3;\">F\u00fcr unsere 2. RED CAP Spendenaktion haben wir uns erneut f\u00fcr das Thema Fl\u00fcchtlingshilfe entschieden und m\u00f6chten ein Hilfsprojekt von arche noVa zur Erhaltung und Modernisierung des gr\u00f6\u00dften noch funktionierenden Krankenhauses in Nordsyrien unterst\u00fctzen.<\/p>\n<\/div><\/div><\/div><div class=\"fusion-layout-column fusion_builder_column fusion-builder-column-3 fusion_builder_column_1_2 1_2 fusion-flex-column\" style=\"--awb-bg-size:cover;--awb-width-large:50%;--awb-margin-top-large:100px;--awb-spacing-right-large:3.84%;--awb-margin-bottom-large:100px;--awb-spacing-left-large:3.84%;--awb-width-medium:100%;--awb-order-medium:0;--awb-spacing-right-medium:1.92%;--awb-spacing-left-medium:1.92%;--awb-width-small:100%;--awb-order-small:0;--awb-spacing-right-small:1.92%;--awb-spacing-left-small:1.92%;\"><div class=\"fusion-column-wrapper fusion-column-has-shadow fusion-flex-justify-content-flex-start fusion-content-layout-column\"><div class=\"fusion-image-element \" style=\"--awb-caption-title-font-family:var(--h2_typography-font-family);--awb-caption-title-font-weight:var(--h2_typography-font-weight);--awb-caption-title-font-style:var(--h2_typography-font-style);--awb-caption-title-size:var(--h2_typography-font-size);--awb-caption-title-transform:var(--h2_typography-text-transform);--awb-caption-title-line-height:var(--h2_typography-line-height);--awb-caption-title-letter-spacing:var(--h2_typography-letter-spacing);\"><span class=\" fusion-imageframe imageframe-none imageframe-1 hover-type-none\"><img decoding=\"async\" width=\"1170\" height=\"774\" title=\"red-cap-2016(1)\" src=\"https:\/\/hartkorn-gewuerze.de\/unternehmen\/wp-content\/uploads\/2020\/08\/red-cap-20161.jpg\" data-orig-src=\"https:\/\/hartkorn-gewuerze.de\/unternehmen\/wp-content\/uploads\/2020\/08\/red-cap-20161.jpg\" alt class=\"lazyload img-responsive wp-image-7863\" srcset=\"data:image\/svg+xml,%3Csvg%20xmlns%3D%27http%3A%2F%2Fwww.w3.org%2F2000%2Fsvg%27%20width%3D%271170%27%20height%3D%27774%27%20viewBox%3D%270%200%201170%20774%27%3E%3Crect%20width%3D%271170%27%20height%3D%27774%27%20fill-opacity%3D%220%22%2F%3E%3C%2Fsvg%3E\" data-srcset=\"https:\/\/hartkorn-gewuerze.de\/unternehmen\/wp-content\/uploads\/2020\/08\/red-cap-20161-200x132.jpg 200w, https:\/\/hartkorn-gewuerze.de\/unternehmen\/wp-content\/uploads\/2020\/08\/red-cap-20161-400x265.jpg 400w, https:\/\/hartkorn-gewuerze.de\/unternehmen\/wp-content\/uploads\/2020\/08\/red-cap-20161-600x397.jpg 600w, https:\/\/hartkorn-gewuerze.de\/unternehmen\/wp-content\/uploads\/2020\/08\/red-cap-20161-800x529.jpg 800w, https:\/\/hartkorn-gewuerze.de\/unternehmen\/wp-content\/uploads\/2020\/08\/red-cap-20161.jpg 1170w\" data-sizes=\"auto\" data-orig-sizes=\"(max-width: 1024px) 100vw, (max-width: 640px) 100vw, 600px\" \/><\/span><\/div><\/div><\/div><div class=\"fusion-layout-column fusion_builder_column fusion-builder-column-4 fusion_builder_column_1_2 1_2 fusion-flex-column\" style=\"--awb-bg-size:cover;--awb-width-large:50%;--awb-margin-top-large:25px;--awb-spacing-right-large:3.84%;--awb-margin-bottom-large:25px;--awb-spacing-left-large:3.84%;--awb-width-medium:100%;--awb-order-medium:0;--awb-spacing-right-medium:1.92%;--awb-spacing-left-medium:1.92%;--awb-width-small:100%;--awb-order-small:0;--awb-spacing-right-small:1.92%;--awb-spacing-left-small:1.92%;\"><div class=\"fusion-column-wrapper fusion-column-has-shadow fusion-flex-justify-content-flex-start fusion-content-layout-column\"><div class=\"fusion-image-element \" style=\"--awb-caption-title-font-family:var(--h2_typography-font-family);--awb-caption-title-font-weight:var(--h2_typography-font-weight);--awb-caption-title-font-style:var(--h2_typography-font-style);--awb-caption-title-size:var(--h2_typography-font-size);--awb-caption-title-transform:var(--h2_typography-text-transform);--awb-caption-title-line-height:var(--h2_typography-line-height);--awb-caption-title-letter-spacing:var(--h2_typography-letter-spacing);\"><span class=\" fusion-imageframe imageframe-none imageframe-2 hover-type-none\"><img decoding=\"async\" width=\"1170\" height=\"775\" title=\"red-cap-2016-2(1)\" src=\"https:\/\/hartkorn-gewuerze.de\/unternehmen\/wp-content\/uploads\/2020\/08\/red-cap-2016-21.jpg\" data-orig-src=\"https:\/\/hartkorn-gewuerze.de\/unternehmen\/wp-content\/uploads\/2020\/08\/red-cap-2016-21.jpg\" alt class=\"lazyload img-responsive wp-image-7865\" srcset=\"data:image\/svg+xml,%3Csvg%20xmlns%3D%27http%3A%2F%2Fwww.w3.org%2F2000%2Fsvg%27%20width%3D%271170%27%20height%3D%27775%27%20viewBox%3D%270%200%201170%20775%27%3E%3Crect%20width%3D%271170%27%20height%3D%27775%27%20fill-opacity%3D%220%22%2F%3E%3C%2Fsvg%3E\" data-srcset=\"https:\/\/hartkorn-gewuerze.de\/unternehmen\/wp-content\/uploads\/2020\/08\/red-cap-2016-21-200x132.jpg 200w, https:\/\/hartkorn-gewuerze.de\/unternehmen\/wp-content\/uploads\/2020\/08\/red-cap-2016-21-400x265.jpg 400w, https:\/\/hartkorn-gewuerze.de\/unternehmen\/wp-content\/uploads\/2020\/08\/red-cap-2016-21-600x397.jpg 600w, https:\/\/hartkorn-gewuerze.de\/unternehmen\/wp-content\/uploads\/2020\/08\/red-cap-2016-21-800x530.jpg 800w, https:\/\/hartkorn-gewuerze.de\/unternehmen\/wp-content\/uploads\/2020\/08\/red-cap-2016-21.jpg 1170w\" data-sizes=\"auto\" data-orig-sizes=\"(max-width: 1024px) 100vw, (max-width: 640px) 100vw, 600px\" \/><\/span><\/div><\/div><\/div><div class=\"fusion-layout-column fusion_builder_column fusion-builder-column-5 fusion_builder_column_1_2 1_2 fusion-flex-column\" style=\"--awb-bg-size:cover;--awb-width-large:50%;--awb-margin-top-large:0px;--awb-spacing-right-large:3.84%;--awb-margin-bottom-large:20px;--awb-spacing-left-large:3.84%;--awb-width-medium:100%;--awb-order-medium:0;--awb-spacing-right-medium:1.92%;--awb-spacing-left-medium:1.92%;--awb-width-small:100%;--awb-order-small:0;--awb-spacing-right-small:1.92%;--awb-spacing-left-small:1.92%;\"><div class=\"fusion-column-wrapper fusion-column-has-shadow fusion-flex-justify-content-flex-start fusion-content-layout-column\"><div class=\"fusion-text fusion-text-3\"><h2>Zum Projekt:<\/h2>\n<p style=\"font-size: 18px; text-align: justify; line-height: 1.3;\">arche noVa ist seit Ende 2012 in Syrien aktiv. Das Hauptziel der Ma\u00dfnahmen ist das \u00dcberleben der Menschen im l\u00e4ndlichen Raum Nordsyriens zu sichern (z.B. durch Lebensmittelverteilungen, Instandsetzung der Wasserversorgungsysteme, M\u00fcllentsorgung). Einen besonderen Hilfebedarf hat derzeit ein Krankenhaus in Nordsyrien, nahe der t\u00fcrkischen Grenze. Das Krankenhaus ist das gr\u00f6\u00dfte noch funktionierende in der ganzen Region und ist f\u00fcr sch\u00e4tzungsweise 350.000 Menschen zust\u00e4ndig. Unter anderem werden hier medizinische Ger\u00e4tschaften dringend ben\u00f6tigt.<br \/>\nUnd genau hier m\u00f6chten wir gemeinsam mit Ihnen einen Beitrag zur Unterst\u00fctzung und erfolgreichen Umsetzung des Hilfsprojekts von arche noVa leisten:<br \/>\n<strong>Mit jeder von Ihnen gekauften Red Cap Spendendose erm\u00f6glichen Sie die Finanzierung dringend ben\u00f6tigter Ger\u00e4te in einem Erweiterungsanbau.<\/strong><\/p>\n<\/div><\/div><\/div><div class=\"fusion-layout-column fusion_builder_column fusion-builder-column-6 fusion_builder_column_1_1 1_1 fusion-flex-column\" style=\"--awb-bg-size:cover;--awb-width-large:100%;--awb-margin-top-large:0px;--awb-spacing-right-large:1.92%;--awb-margin-bottom-large:20px;--awb-spacing-left-large:1.92%;--awb-width-medium:100%;--awb-order-medium:0;--awb-spacing-right-medium:1.92%;--awb-spacing-left-medium:1.92%;--awb-width-small:100%;--awb-order-small:0;--awb-spacing-right-small:1.92%;--awb-spacing-left-small:1.92%;\"><div class=\"fusion-column-wrapper fusion-column-has-shadow fusion-flex-justify-content-flex-start fusion-content-layout-column\"><div class=\"fusion-text fusion-text-4\"><h2>Spendentransparenz!<\/h2>\n<p style=\"font-size: 18px; text-align: justify; line-height: 1.3;\">Gemeinsam mit arche noVa informieren wir Sie \u00fcber den Einsatz der Spendensumme durch die RED CAP Spendendose auf unserer Homepage. arche noVa \u2013 Initiative f\u00fcr Menschen in Not e.V. tr\u00e4gt seit 1993 das DIZ Spendensiegel. Das DIZ Spendensiegel garantiert den effizienten und verantwortungsvollen Umgang mit den anvertrauten Spendenmitteln.<\/p>\n<p style=\"font-size: 18px; text-align: justify; line-height: 1.3;\">Wir hoffen auf eine tolle Unterst\u00fctzung!<\/p>\n<\/div><\/div><\/div><\/div><\/div><div class=\"fusion-fullwidth fullwidth-box fusion-builder-row-3 has-pattern-background has-mask-background nonhundred-percent-fullwidth non-hundred-percent-height-scrolling\" style=\"--awb-background-position:left top;--awb-background-repeat:repeat-x;--awb-border-sizes-top:0px;--awb-border-sizes-bottom:0px;--awb-border-sizes-left:0px;--awb-border-sizes-right:0px;--awb-border-radius-top-left:0px;--awb-border-radius-top-right:0px;--awb-border-radius-bottom-right:0px;--awb-border-radius-bottom-left:0px;--awb-padding-top:30px;--awb-padding-bottom:0px;--awb-margin-top:0px;--awb-margin-bottom:0px;--awb-flex-wrap:wrap;\" ><div class=\"fusion-builder-row fusion-row\"><\/div><\/div>\n<\/p>\n","protected":false},"excerpt":{"rendered":"","protected":false},"author":1,"featured_media":0,"parent":0,"menu_order":0,"comment_status":"closed","ping_status":"closed","template":"100-width.php","meta":{"footnotes":""},"class_list":["post-7857","page","type-page","status-publish","hentry"],"yoast_head":"<!-- This site is optimized with the Yoast SEO plugin v27.5 - https:\/\/yoast.com\/product\/yoast-seo-wordpress\/ -->\n<title>Red Cap Spende 2016\/2017 - Hartkorn Gew\u00fcrze<\/title>\n<meta name=\"robots\" content=\"index, follow, max-snippet:-1, max-image-preview:large, max-video-preview:-1\" \/>\n<link rel=\"canonical\" href=\"https:\/\/hartkorn-gewuerze.de\/unternehmen\/red-cap-spende-2016-2017\/\" \/>\n<meta property=\"og:locale\" content=\"de_DE\" \/>\n<meta property=\"og:type\" content=\"article\" \/>\n<meta property=\"og:title\" content=\"Red Cap Spende 2016\/2017 - Hartkorn Gew\u00fcrze\" \/>\n<meta property=\"og:url\" content=\"https:\/\/hartkorn-gewuerze.de\/unternehmen\/red-cap-spende-2016-2017\/\" \/>\n<meta property=\"og:site_name\" content=\"Hartkorn Gew\u00fcrze\" \/>\n<meta property=\"article:publisher\" content=\"https:\/\/de-de.facebook.com\/hartkorngewuerze\/\" \/>\n<meta property=\"article:modified_time\" content=\"2023-07-14T12:22:58+00:00\" \/>\n<meta name=\"twitter:card\" content=\"summary_large_image\" \/>\n<meta name=\"twitter:label1\" content=\"Gesch\u00e4tzte Lesezeit\" \/>\n\t<meta name=\"twitter:data1\" content=\"10\u00a0Minuten\" \/>\n<script type=\"application\/ld+json\" class=\"yoast-schema-graph\">{\"@context\":\"https:\\\/\\\/schema.org\",\"@graph\":[{\"@type\":\"WebPage\",\"@id\":\"https:\\\/\\\/hartkorn-gewuerze.de\\\/unternehmen\\\/red-cap-spende-2016-2017\\\/\",\"url\":\"https:\\\/\\\/hartkorn-gewuerze.de\\\/unternehmen\\\/red-cap-spende-2016-2017\\\/\",\"name\":\"Red Cap Spende 2016\\\/2017 - Hartkorn Gew\u00fcrze\",\"isPartOf\":{\"@id\":\"https:\\\/\\\/hartkorn-gewuerze.de\\\/unternehmen\\\/#website\"},\"datePublished\":\"2020-08-26T08:22:05+00:00\",\"dateModified\":\"2023-07-14T12:22:58+00:00\",\"breadcrumb\":{\"@id\":\"https:\\\/\\\/hartkorn-gewuerze.de\\\/unternehmen\\\/red-cap-spende-2016-2017\\\/#breadcrumb\"},\"inLanguage\":\"de\",\"potentialAction\":[{\"@type\":\"ReadAction\",\"target\":[\"https:\\\/\\\/hartkorn-gewuerze.de\\\/unternehmen\\\/red-cap-spende-2016-2017\\\/\"]}]},{\"@type\":\"BreadcrumbList\",\"@id\":\"https:\\\/\\\/hartkorn-gewuerze.de\\\/unternehmen\\\/red-cap-spende-2016-2017\\\/#breadcrumb\",\"itemListElement\":[{\"@type\":\"ListItem\",\"position\":1,\"name\":\"Startseite\",\"item\":\"https:\\\/\\\/hartkorn-gewuerze.de\\\/unternehmen\\\/\"},{\"@type\":\"ListItem\",\"position\":2,\"name\":\"Red Cap Spende 2016\\\/2017\"}]},{\"@type\":\"WebSite\",\"@id\":\"https:\\\/\\\/hartkorn-gewuerze.de\\\/unternehmen\\\/#website\",\"url\":\"https:\\\/\\\/hartkorn-gewuerze.de\\\/unternehmen\\\/\",\"name\":\"Hartkorn Gew\u00fcrze\",\"description\":\"Hartkorn Gew\u00fcrze Unternehmensseite\",\"publisher\":{\"@id\":\"https:\\\/\\\/hartkorn-gewuerze.de\\\/unternehmen\\\/#organization\"},\"potentialAction\":[{\"@type\":\"SearchAction\",\"target\":{\"@type\":\"EntryPoint\",\"urlTemplate\":\"https:\\\/\\\/hartkorn-gewuerze.de\\\/unternehmen\\\/?s={search_term_string}\"},\"query-input\":{\"@type\":\"PropertyValueSpecification\",\"valueRequired\":true,\"valueName\":\"search_term_string\"}}],\"inLanguage\":\"de\"},{\"@type\":\"Organization\",\"@id\":\"https:\\\/\\\/hartkorn-gewuerze.de\\\/unternehmen\\\/#organization\",\"name\":\"Hartkorn Gew\u00fcrzm\u00fchle GmbH\",\"url\":\"https:\\\/\\\/hartkorn-gewuerze.de\\\/unternehmen\\\/\",\"logo\":{\"@type\":\"ImageObject\",\"inLanguage\":\"de\",\"@id\":\"https:\\\/\\\/hartkorn-gewuerze.de\\\/unternehmen\\\/#\\\/schema\\\/logo\\\/image\\\/\",\"url\":\"https:\\\/\\\/hartkorn-gewuerze.de\\\/unternehmen\\\/wp-content\\\/uploads\\\/2020\\\/07\\\/cropped-Logo-hartkorn-144x144-1.png\",\"contentUrl\":\"https:\\\/\\\/hartkorn-gewuerze.de\\\/unternehmen\\\/wp-content\\\/uploads\\\/2020\\\/07\\\/cropped-Logo-hartkorn-144x144-1.png\",\"width\":512,\"height\":512,\"caption\":\"Hartkorn Gew\u00fcrzm\u00fchle GmbH\"},\"image\":{\"@id\":\"https:\\\/\\\/hartkorn-gewuerze.de\\\/unternehmen\\\/#\\\/schema\\\/logo\\\/image\\\/\"},\"sameAs\":[\"https:\\\/\\\/de-de.facebook.com\\\/hartkorngewuerze\\\/\",\"https:\\\/\\\/www.tiktok.com\\\/@hartkorngewuerze\",\"https:\\\/\\\/www.instagram.com\\\/hartkorngewuerze\\\/\"]}]}<\/script>\n<!-- \/ Yoast SEO plugin. -->","yoast_head_json":{"title":"Red Cap Spende 2016\/2017 - Hartkorn Gew\u00fcrze","robots":{"index":"index","follow":"follow","max-snippet":"max-snippet:-1","max-image-preview":"max-image-preview:large","max-video-preview":"max-video-preview:-1"},"canonical":"https:\/\/hartkorn-gewuerze.de\/unternehmen\/red-cap-spende-2016-2017\/","og_locale":"de_DE","og_type":"article","og_title":"Red Cap Spende 2016\/2017 - Hartkorn Gew\u00fcrze","og_url":"https:\/\/hartkorn-gewuerze.de\/unternehmen\/red-cap-spende-2016-2017\/","og_site_name":"Hartkorn Gew\u00fcrze","article_publisher":"https:\/\/de-de.facebook.com\/hartkorngewuerze\/","article_modified_time":"2023-07-14T12:22:58+00:00","twitter_card":"summary_large_image","twitter_misc":{"Gesch\u00e4tzte Lesezeit":"10\u00a0Minuten"},"schema":{"@context":"https:\/\/schema.org","@graph":[{"@type":"WebPage","@id":"https:\/\/hartkorn-gewuerze.de\/unternehmen\/red-cap-spende-2016-2017\/","url":"https:\/\/hartkorn-gewuerze.de\/unternehmen\/red-cap-spende-2016-2017\/","name":"Red Cap Spende 2016\/2017 - Hartkorn Gew\u00fcrze","isPartOf":{"@id":"https:\/\/hartkorn-gewuerze.de\/unternehmen\/#website"},"datePublished":"2020-08-26T08:22:05+00:00","dateModified":"2023-07-14T12:22:58+00:00","breadcrumb":{"@id":"https:\/\/hartkorn-gewuerze.de\/unternehmen\/red-cap-spende-2016-2017\/#breadcrumb"},"inLanguage":"de","potentialAction":[{"@type":"ReadAction","target":["https:\/\/hartkorn-gewuerze.de\/unternehmen\/red-cap-spende-2016-2017\/"]}]},{"@type":"BreadcrumbList","@id":"https:\/\/hartkorn-gewuerze.de\/unternehmen\/red-cap-spende-2016-2017\/#breadcrumb","itemListElement":[{"@type":"ListItem","position":1,"name":"Startseite","item":"https:\/\/hartkorn-gewuerze.de\/unternehmen\/"},{"@type":"ListItem","position":2,"name":"Red Cap Spende 2016\/2017"}]},{"@type":"WebSite","@id":"https:\/\/hartkorn-gewuerze.de\/unternehmen\/#website","url":"https:\/\/hartkorn-gewuerze.de\/unternehmen\/","name":"Hartkorn Gew\u00fcrze","description":"Hartkorn Gew\u00fcrze Unternehmensseite","publisher":{"@id":"https:\/\/hartkorn-gewuerze.de\/unternehmen\/#organization"},"potentialAction":[{"@type":"SearchAction","target":{"@type":"EntryPoint","urlTemplate":"https:\/\/hartkorn-gewuerze.de\/unternehmen\/?s={search_term_string}"},"query-input":{"@type":"PropertyValueSpecification","valueRequired":true,"valueName":"search_term_string"}}],"inLanguage":"de"},{"@type":"Organization","@id":"https:\/\/hartkorn-gewuerze.de\/unternehmen\/#organization","name":"Hartkorn Gew\u00fcrzm\u00fchle GmbH","url":"https:\/\/hartkorn-gewuerze.de\/unternehmen\/","logo":{"@type":"ImageObject","inLanguage":"de","@id":"https:\/\/hartkorn-gewuerze.de\/unternehmen\/#\/schema\/logo\/image\/","url":"https:\/\/hartkorn-gewuerze.de\/unternehmen\/wp-content\/uploads\/2020\/07\/cropped-Logo-hartkorn-144x144-1.png","contentUrl":"https:\/\/hartkorn-gewuerze.de\/unternehmen\/wp-content\/uploads\/2020\/07\/cropped-Logo-hartkorn-144x144-1.png","width":512,"height":512,"caption":"Hartkorn Gew\u00fcrzm\u00fchle GmbH"},"image":{"@id":"https:\/\/hartkorn-gewuerze.de\/unternehmen\/#\/schema\/logo\/image\/"},"sameAs":["https:\/\/de-de.facebook.com\/hartkorngewuerze\/","https:\/\/www.tiktok.com\/@hartkorngewuerze","https:\/\/www.instagram.com\/hartkorngewuerze\/"]}]}},"_links":{"self":[{"href":"https:\/\/hartkorn-gewuerze.de\/unternehmen\/wp-json\/wp\/v2\/pages\/7857","targetHints":{"allow":["GET"]}}],"collection":[{"href":"https:\/\/hartkorn-gewuerze.de\/unternehmen\/wp-json\/wp\/v2\/pages"}],"about":[{"href":"https:\/\/hartkorn-gewuerze.de\/unternehmen\/wp-json\/wp\/v2\/types\/page"}],"author":[{"embeddable":true,"href":"https:\/\/hartkorn-gewuerze.de\/unternehmen\/wp-json\/wp\/v2\/users\/1"}],"replies":[{"embeddable":true,"href":"https:\/\/hartkorn-gewuerze.de\/unternehmen\/wp-json\/wp\/v2\/comments?post=7857"}],"version-history":[{"count":8,"href":"https:\/\/hartkorn-gewuerze.de\/unternehmen\/wp-json\/wp\/v2\/pages\/7857\/revisions"}],"predecessor-version":[{"id":13988,"href":"https:\/\/hartkorn-gewuerze.de\/unternehmen\/wp-json\/wp\/v2\/pages\/7857\/revisions\/13988"}],"wp:attachment":[{"href":"https:\/\/hartkorn-gewuerze.de\/unternehmen\/wp-json\/wp\/v2\/media?parent=7857"}],"curies":[{"name":"wp","href":"https:\/\/api.w.org\/{rel}","templated":true}]}}