{"id":4714,"date":"2020-07-14T09:05:38","date_gmt":"2020-07-14T07:05:38","guid":{"rendered":"http:\/\/wp.hartkorn-gewuerze.de\/wp1?page_id=4714"},"modified":"2023-07-14T12:13:33","modified_gmt":"2023-07-14T10:13:33","slug":"reklamation","status":"publish","type":"page","link":"https:\/\/hartkorn-gewuerze.de\/unternehmen\/reklamation\/","title":{"rendered":"Reklamation"},"content":{"rendered":"<p><div class=\"fusion-fullwidth fullwidth-box fusion-builder-row-1 nonhundred-percent-fullwidth non-hundred-percent-height-scrolling\" style=\"--awb-border-radius-top-left:0px;--awb-border-radius-top-right:0px;--awb-border-radius-bottom-right:0px;--awb-border-radius-bottom-left:0px;--awb-margin-top:30px;--awb-flex-wrap:wrap;\" ><div class=\"fusion-builder-row fusion-row\"><div class=\"fusion-layout-column fusion_builder_column fusion-builder-column-0 fusion_builder_column_1_1 1_1 fusion-one-full fusion-column-first fusion-column-last\" style=\"--awb-bg-size:cover;--awb-margin-top:30px;\"><div class=\"fusion-column-wrapper fusion-column-has-shadow fusion-flex-column-wrapper-legacy\"><div class=\"fusion-title title fusion-title-1 fusion-sep-none fusion-title-text fusion-title-size-one\" style=\"--awb-margin-top-small:10px;--awb-margin-right-small:0px;--awb-margin-bottom-small:10px;--awb-margin-left-small:0px;\"><h1 class=\"fusion-title-heading title-heading-left fusion-responsive-typography-calculated\" style=\"margin:0;--fontSize:40;line-height:1.14;\"><p class=\"page-subheading\" style=\"text-align: center;\">Reklamationsformular<\/p><\/h1><\/div><div class=\"fusion-text fusion-text-1\"><p>Hier hast\u00a0du die M\u00f6glichkeit ein Produkt bei uns zu reklamieren. Eine Reklamation ist immer eine unsch\u00f6ne Sache, sowohl f\u00fcr uns als auch f\u00fcr dich. Daher m\u00f6chten wir jede Reklamation so z\u00fcgig und unkompliziert wie m\u00f6glich bearbeiten. Bitte hilf\u00a0uns dabei indem du\u00a0die Felder m\u00f6glichst detailliert und vollst\u00e4ndig ausf\u00fcllst:<\/p>\n<p><strong>Hier findest du Informationen wo du die <\/strong><a href=\"https:\/\/hartkorn-gewuerze.de\/unternehmen\/chargennummer\/\" target=\"_blank\" rel=\"noopener noreferrer\"><strong>Chargennummer<\/strong><\/a><strong> auf unseren Produkten findest.<\/strong><\/p>\n<\/div><div class=\"fusion-clearfix\"><\/div><\/div><\/div><\/div><\/div><div class=\"fusion-fullwidth fullwidth-box fusion-builder-row-2 fusion-flex-container nonhundred-percent-fullwidth non-hundred-percent-height-scrolling\" style=\"--awb-border-radius-top-left:0px;--awb-border-radius-top-right:0px;--awb-border-radius-bottom-right:0px;--awb-border-radius-bottom-left:0px;--awb-padding-top:10px;--awb-padding-bottom:10px;--awb-background-color:rgba(255,255,255,0);--awb-flex-wrap:wrap;\" ><div class=\"fusion-builder-row fusion-row fusion-flex-align-items-flex-start fusion-flex-justify-content-center fusion-flex-content-wrap\" style=\"max-width:1216.8px;margin-left: calc(-4% \/ 2 );margin-right: calc(-4% \/ 2 );\"><div class=\"fusion-layout-column fusion_builder_column fusion-builder-column-1 fusion_builder_column_5_6 5_6 fusion-flex-column\" style=\"--awb-padding-top:15px;--awb-padding-right:15px;--awb-padding-bottom:15px;--awb-padding-left:15px;--awb-overflow:hidden;--awb-bg-size:cover;--awb-border-color:#c11f1a;--awb-border-top:3px;--awb-border-right:3px;--awb-border-bottom:3px;--awb-border-left:3px;--awb-border-style:solid;--awb-border-radius:10px 10px 10px 10px;--awb-width-large:83.333333333333%;--awb-margin-top-large:0px;--awb-spacing-right-large:2.304%;--awb-margin-bottom-large:20px;--awb-spacing-left-large:2.304%;--awb-width-medium:100%;--awb-order-medium:0;--awb-spacing-right-medium:1.92%;--awb-spacing-left-medium:1.92%;--awb-width-small:100%;--awb-order-small:0;--awb-spacing-right-small:1.92%;--awb-spacing-left-small:1.92%;\"><div class=\"fusion-column-wrapper fusion-column-has-shadow fusion-flex-justify-content-flex-start fusion-content-layout-column\">\n<div class=\"wpcf7 no-js\" id=\"wpcf7-f7151-o1\" lang=\"de-DE\" dir=\"ltr\" data-wpcf7-id=\"7151\">\n<div class=\"screen-reader-response\"><p role=\"status\" aria-live=\"polite\" aria-atomic=\"true\"><\/p> <ul><\/ul><\/div>\n<form action=\"\/unternehmen\/wp-json\/wp\/v2\/pages\/4714#wpcf7-f7151-o1\" method=\"post\" class=\"wpcf7-form init\" aria-label=\"Kontaktformular\" enctype=\"multipart\/form-data\" novalidate=\"novalidate\" data-status=\"init\">\n<fieldset class=\"hidden-fields-container\"><input type=\"hidden\" name=\"_wpcf7\" value=\"7151\" \/><input type=\"hidden\" name=\"_wpcf7_version\" value=\"6.1.5\" \/><input type=\"hidden\" name=\"_wpcf7_locale\" value=\"de_DE\" \/><input type=\"hidden\" name=\"_wpcf7_unit_tag\" value=\"wpcf7-f7151-o1\" \/><input type=\"hidden\" name=\"_wpcf7_container_post\" value=\"0\" \/><input type=\"hidden\" name=\"_wpcf7_posted_data_hash\" value=\"\" \/>\n<\/fieldset>\n<p>Geschlecht <span class=\"wpcf7-form-control-wrap\" data-name=\"radio-116\"><span class=\"wpcf7-form-control wpcf7-radio\"><span class=\"wpcf7-list-item first\"><input type=\"radio\" name=\"radio-116\" value=\"Herr\" checked=\"checked\" \/><span class=\"wpcf7-list-item-label\">Herr<\/span><\/span><span class=\"wpcf7-list-item last\"><input type=\"radio\" name=\"radio-116\" value=\"Frau\" \/><span class=\"wpcf7-list-item-label\">Frau<\/span><\/span><\/span><\/span><br \/>\nVor- und Nachname <span class=\"wpcf7-form-control-wrap\" data-name=\"text-308\"><input size=\"40\" maxlength=\"400\" class=\"wpcf7-form-control wpcf7-text wpcf7-validates-as-required\" aria-required=\"true\" aria-invalid=\"false\" value=\"\" type=\"text\" name=\"text-308\" \/><\/span><br \/>\nE-Mail Adresse <span class=\"wpcf7-form-control-wrap\" data-name=\"email-447\"><input size=\"40\" maxlength=\"400\" class=\"wpcf7-form-control wpcf7-email wpcf7-validates-as-required wpcf7-text wpcf7-validates-as-email\" aria-required=\"true\" aria-invalid=\"false\" value=\"\" type=\"email\" name=\"email-447\" \/><\/span><br \/>\nR\u00fcckrufnummer <span class=\"wpcf7-form-control-wrap\" data-name=\"text-300\"><input size=\"40\" maxlength=\"400\" class=\"wpcf7-form-control wpcf7-text wpcf7-validates-as-required\" aria-required=\"true\" aria-invalid=\"false\" value=\"\" type=\"text\" name=\"text-300\" \/><\/span><br \/>\nStra\u00dfe und Hausnummer <span class=\"wpcf7-form-control-wrap\" data-name=\"text-400\"><input size=\"40\" maxlength=\"400\" class=\"wpcf7-form-control wpcf7-text wpcf7-validates-as-required\" aria-required=\"true\" aria-invalid=\"false\" value=\"\" type=\"text\" name=\"text-400\" \/><\/span><br \/>\nPLZ und Ort <span class=\"wpcf7-form-control-wrap\" data-name=\"text-500\"><input size=\"40\" maxlength=\"400\" class=\"wpcf7-form-control wpcf7-text wpcf7-validates-as-required\" aria-required=\"true\" aria-invalid=\"false\" value=\"\" type=\"text\" name=\"text-500\" \/><\/span><br \/>\nProduktverpackung <span class=\"wpcf7-form-control-wrap\" data-name=\"HKWPadmin2\"><select class=\"wpcf7-form-control wpcf7-select wpcf7-validates-as-required\" aria-required=\"true\" aria-invalid=\"false\" name=\"HKWPadmin2\"><option value=\"\">&#8211; Bitte ausw\u00e4hlen &#8211;<\/option><option value=\"Aromadose \/ Aludose\">Aromadose \/ Aludose<\/option><option value=\"Maxi Bag \/ Beutel\">Maxi Bag \/ Beutel<\/option><option value=\"Gourmetdose\">Gourmetdose<\/option><option value=\"Gourmetglas\">Gourmetglas<\/option><option value=\"Flachbeutel\">Flachbeutel<\/option><option value=\"Spice 4 Go \/ Spice 4 Coffee\">Spice 4 Go \/ Spice 4 Coffee<\/option><option value=\"Spice&#039;n Drink \/ Spice&#039;n Gin\">Spice&#039;n Drink \/ Spice&#039;n Gin<\/option><option value=\"Korkdeckeldose \/ Pappdose\">Korkdeckeldose \/ Pappdose<\/option><option value=\"Keramiktopf\">Keramiktopf<\/option><option value=\"Shake&#039;n Grill\">Shake&#039;n Grill<\/option><option value=\"Bio Standbeutel\">Bio Standbeutel<\/option><option value=\"Bio Pappdose\">Bio Pappdose<\/option><option value=\"Grind&#039;n Spice\">Grind&#039;n Spice<\/option><option value=\"Twist&#039;n Spice\">Twist&#039;n Spice<\/option><option value=\"Bio M\u00fchle\">Bio M\u00fchle<\/option><option value=\"Fruit&#039;n Drink\">Fruit&#039;n Drink<\/option><option value=\"Maxi Dose\">Maxi Dose<\/option><\/select><\/span><br \/>\nReklamiertes Produkt <span class=\"wpcf7-form-control-wrap\" data-name=\"text-394\"><input size=\"40\" maxlength=\"400\" class=\"wpcf7-form-control wpcf7-text wpcf7-validates-as-required\" aria-required=\"true\" aria-invalid=\"false\" value=\"\" type=\"text\" name=\"text-394\" \/><\/span><br \/>\nMindesthaltbarkeitsdatum <span class=\"wpcf7-form-control-wrap\" data-name=\"text-265\"><input size=\"40\" maxlength=\"400\" class=\"wpcf7-form-control wpcf7-text wpcf7-validates-as-required\" aria-required=\"true\" aria-invalid=\"false\" value=\"\" type=\"text\" name=\"text-265\" \/><\/span><br \/>\nChargennummer <span class=\"wpcf7-form-control-wrap\" data-name=\"text-266\"><input size=\"40\" maxlength=\"400\" class=\"wpcf7-form-control wpcf7-text wpcf7-validates-as-required\" aria-required=\"true\" aria-invalid=\"false\" value=\"\" type=\"text\" name=\"text-266\" \/><\/span><br \/>\nWann wurde das Produkt ca. gekauft? <span class=\"wpcf7-form-control-wrap\" data-name=\"text-600\"><input size=\"40\" maxlength=\"400\" class=\"wpcf7-form-control wpcf7-text wpcf7-validates-as-required\" aria-required=\"true\" aria-invalid=\"false\" value=\"\" type=\"text\" name=\"text-600\" \/><\/span><br \/>\nWo wurde das Produkt gekauft? <span class=\"wpcf7-form-control-wrap\" data-name=\"text-700\"><input size=\"40\" maxlength=\"400\" class=\"wpcf7-form-control wpcf7-text wpcf7-validates-as-required\" aria-required=\"true\" aria-invalid=\"false\" value=\"\" type=\"text\" name=\"text-700\" \/><\/span><br \/>\nIhre Nachricht an uns: <span class=\"wpcf7-form-control-wrap\" data-name=\"Nachricht\"><textarea cols=\"40\" rows=\"10\" maxlength=\"2000\" class=\"wpcf7-form-control wpcf7-textarea wpcf7-validates-as-required\" aria-required=\"true\" aria-invalid=\"false\" name=\"Nachricht\"><\/textarea><\/span>\n<\/p>\n<p>Maximale Dateigr\u00f6\u00dfe 3MB<br \/>\nErlaubte Formate: jpg, jpeg, png<br \/>\n<span class=\"wpcf7-form-control-wrap\" data-name=\"file-88\"><input size=\"40\" class=\"wpcf7-form-control wpcf7-file\" accept=\".jpg,.jpeg,.png\" aria-invalid=\"false\" type=\"file\" name=\"file-88\" \/><\/span><br \/>\n<span class=\"wpcf7-form-control-wrap\" data-name=\"acceptance-279\"><span class=\"wpcf7-form-control wpcf7-acceptance\"><span class=\"wpcf7-list-item\"><label><input type=\"checkbox\" name=\"acceptance-279\" value=\"1\" aria-invalid=\"false\" \/><span class=\"wpcf7-list-item-label\">Ich habe die <a href=\"https:\/\/hartkorn-gewuerze.de\/unternehmen\/datenschutzerklaerung\/\">Datenschutzhinweise<\/a> zur Kenntnis genommen und die <a href=\"https:\/\/hartkorn-gewuerze.de\/unternehmen\/agb\/\">AGB<\/a> gelesen und bin mit ihnen einverstanden.<\/span><\/label><\/span><\/span><\/span>\n<\/p>\n<p><span class=\"wpcf7-form-control-wrap\" data-name=\"quiz-774\"><label><span class=\"wpcf7-quiz-label\">Wie viel ist 3+5?<\/span> <input size=\"40\" class=\"wpcf7-form-control wpcf7-quiz\" autocomplete=\"off\" aria-required=\"true\" aria-invalid=\"false\" type=\"text\" name=\"quiz-774\" \/><\/label><input type=\"hidden\" name=\"_wpcf7_quiz_answer_quiz-774\" value=\"f4f4b569cd02cbde3d744524b9288c17\" \/><\/span>\n<\/p>\n<p><input class=\"wpcf7-form-control wpcf7-submit has-spinner\" type=\"submit\" value=\"Senden\" \/>\n<\/p><div class=\"fusion-alert alert custom alert-custom fusion-alert-center wpcf7-response-output awb-alert-native-link-color alert-dismissable awb-alert-close-boxed\" style=\"--awb-border-size:1px;--awb-border-top-left-radius:0px;--awb-border-top-right-radius:0px;--awb-border-bottom-left-radius:0px;--awb-border-bottom-right-radius:0px;\" role=\"alert\"><div class=\"fusion-alert-content-wrapper\"><span class=\"fusion-alert-content\"><\/span><\/div><button type=\"button\" class=\"close toggle-alert\" data-dismiss=\"alert\" aria-label=\"Close\">&times;<\/button><\/div>\n<\/form>\n<\/div>\n<\/div><\/div><\/div><\/div><div class=\"fusion-fullwidth fullwidth-box fusion-builder-row-3 has-pattern-background has-mask-background nonhundred-percent-fullwidth non-hundred-percent-height-scrolling\" style=\"--awb-background-position:left top;--awb-background-repeat:repeat-x;--awb-border-sizes-top:0px;--awb-border-sizes-bottom:0px;--awb-border-sizes-left:0px;--awb-border-sizes-right:0px;--awb-border-radius-top-left:0px;--awb-border-radius-top-right:0px;--awb-border-radius-bottom-right:0px;--awb-border-radius-bottom-left:0px;--awb-padding-top:30px;--awb-padding-bottom:0px;--awb-margin-top:0px;--awb-margin-bottom:0px;--awb-flex-wrap:wrap;\" ><div class=\"fusion-builder-row fusion-row\"><\/div><\/div>\n<\/p>\n","protected":false},"excerpt":{"rendered":"","protected":false},"author":1,"featured_media":0,"parent":0,"menu_order":0,"comment_status":"closed","ping_status":"closed","template":"100-width.php","meta":{"footnotes":""},"class_list":["post-4714","page","type-page","status-publish","hentry"],"yoast_head":"<!-- This site is optimized with the Yoast SEO plugin v27.3 - https:\/\/yoast.com\/product\/yoast-seo-wordpress\/ -->\n<title>Reklamation - Hartkorn Gew\u00fcrze<\/title>\n<meta name=\"description\" content=\"Ohje, gibt einen Grund f\u00fcr eine Reklamation? Das tut uns leid. Kontaktiere uns gerne - wir helfen dir schnell weiter!\" \/>\n<meta name=\"robots\" content=\"index, follow, max-snippet:-1, max-image-preview:large, max-video-preview:-1\" \/>\n<link rel=\"canonical\" href=\"https:\/\/hartkorn-gewuerze.de\/unternehmen\/reklamation\/\" \/>\n<meta property=\"og:locale\" content=\"de_DE\" \/>\n<meta property=\"og:type\" content=\"article\" \/>\n<meta property=\"og:title\" content=\"Reklamation - Hartkorn Gew\u00fcrze\" \/>\n<meta property=\"og:description\" content=\"Ohje, gibt einen Grund f\u00fcr eine Reklamation? Das tut uns leid. Kontaktiere uns gerne - wir helfen dir schnell weiter!\" \/>\n<meta property=\"og:url\" content=\"https:\/\/hartkorn-gewuerze.de\/unternehmen\/reklamation\/\" \/>\n<meta property=\"og:site_name\" content=\"Hartkorn Gew\u00fcrze\" \/>\n<meta property=\"article:publisher\" content=\"https:\/\/de-de.facebook.com\/hartkorngewuerze\/\" \/>\n<meta property=\"article:modified_time\" content=\"2023-07-14T10:13:33+00:00\" \/>\n<meta name=\"twitter:card\" content=\"summary_large_image\" \/>\n<meta name=\"twitter:label1\" content=\"Gesch\u00e4tzte Lesezeit\" \/>\n\t<meta name=\"twitter:data1\" content=\"12\u00a0Minuten\" \/>\n<script type=\"application\/ld+json\" class=\"yoast-schema-graph\">{\"@context\":\"https:\\\/\\\/schema.org\",\"@graph\":[{\"@type\":\"WebPage\",\"@id\":\"https:\\\/\\\/hartkorn-gewuerze.de\\\/unternehmen\\\/reklamation\\\/\",\"url\":\"https:\\\/\\\/hartkorn-gewuerze.de\\\/unternehmen\\\/reklamation\\\/\",\"name\":\"Reklamation - Hartkorn Gew\u00fcrze\",\"isPartOf\":{\"@id\":\"https:\\\/\\\/hartkorn-gewuerze.de\\\/unternehmen\\\/#website\"},\"datePublished\":\"2020-07-14T07:05:38+00:00\",\"dateModified\":\"2023-07-14T10:13:33+00:00\",\"description\":\"Ohje, gibt einen Grund f\u00fcr eine Reklamation? Das tut uns leid. Kontaktiere uns gerne - wir helfen dir schnell weiter!\",\"breadcrumb\":{\"@id\":\"https:\\\/\\\/hartkorn-gewuerze.de\\\/unternehmen\\\/reklamation\\\/#breadcrumb\"},\"inLanguage\":\"de\",\"potentialAction\":[{\"@type\":\"ReadAction\",\"target\":[\"https:\\\/\\\/hartkorn-gewuerze.de\\\/unternehmen\\\/reklamation\\\/\"]}]},{\"@type\":\"BreadcrumbList\",\"@id\":\"https:\\\/\\\/hartkorn-gewuerze.de\\\/unternehmen\\\/reklamation\\\/#breadcrumb\",\"itemListElement\":[{\"@type\":\"ListItem\",\"position\":1,\"name\":\"Startseite\",\"item\":\"https:\\\/\\\/hartkorn-gewuerze.de\\\/unternehmen\\\/\"},{\"@type\":\"ListItem\",\"position\":2,\"name\":\"Reklamation\"}]},{\"@type\":\"WebSite\",\"@id\":\"https:\\\/\\\/hartkorn-gewuerze.de\\\/unternehmen\\\/#website\",\"url\":\"https:\\\/\\\/hartkorn-gewuerze.de\\\/unternehmen\\\/\",\"name\":\"Hartkorn Gew\u00fcrze\",\"description\":\"Hartkorn Gew\u00fcrze Unternehmensseite\",\"publisher\":{\"@id\":\"https:\\\/\\\/hartkorn-gewuerze.de\\\/unternehmen\\\/#organization\"},\"potentialAction\":[{\"@type\":\"SearchAction\",\"target\":{\"@type\":\"EntryPoint\",\"urlTemplate\":\"https:\\\/\\\/hartkorn-gewuerze.de\\\/unternehmen\\\/?s={search_term_string}\"},\"query-input\":{\"@type\":\"PropertyValueSpecification\",\"valueRequired\":true,\"valueName\":\"search_term_string\"}}],\"inLanguage\":\"de\"},{\"@type\":\"Organization\",\"@id\":\"https:\\\/\\\/hartkorn-gewuerze.de\\\/unternehmen\\\/#organization\",\"name\":\"Hartkorn Gew\u00fcrzm\u00fchle GmbH\",\"url\":\"https:\\\/\\\/hartkorn-gewuerze.de\\\/unternehmen\\\/\",\"logo\":{\"@type\":\"ImageObject\",\"inLanguage\":\"de\",\"@id\":\"https:\\\/\\\/hartkorn-gewuerze.de\\\/unternehmen\\\/#\\\/schema\\\/logo\\\/image\\\/\",\"url\":\"https:\\\/\\\/hartkorn-gewuerze.de\\\/unternehmen\\\/wp-content\\\/uploads\\\/2020\\\/07\\\/cropped-Logo-hartkorn-144x144-1.png\",\"contentUrl\":\"https:\\\/\\\/hartkorn-gewuerze.de\\\/unternehmen\\\/wp-content\\\/uploads\\\/2020\\\/07\\\/cropped-Logo-hartkorn-144x144-1.png\",\"width\":512,\"height\":512,\"caption\":\"Hartkorn Gew\u00fcrzm\u00fchle GmbH\"},\"image\":{\"@id\":\"https:\\\/\\\/hartkorn-gewuerze.de\\\/unternehmen\\\/#\\\/schema\\\/logo\\\/image\\\/\"},\"sameAs\":[\"https:\\\/\\\/de-de.facebook.com\\\/hartkorngewuerze\\\/\",\"https:\\\/\\\/www.tiktok.com\\\/@hartkorngewuerze\",\"https:\\\/\\\/www.instagram.com\\\/hartkorngewuerze\\\/\"]}]}<\/script>\n<!-- \/ Yoast SEO plugin. -->","yoast_head_json":{"title":"Reklamation - Hartkorn Gew\u00fcrze","description":"Ohje, gibt einen Grund f\u00fcr eine Reklamation? Das tut uns leid. Kontaktiere uns gerne - wir helfen dir schnell weiter!","robots":{"index":"index","follow":"follow","max-snippet":"max-snippet:-1","max-image-preview":"max-image-preview:large","max-video-preview":"max-video-preview:-1"},"canonical":"https:\/\/hartkorn-gewuerze.de\/unternehmen\/reklamation\/","og_locale":"de_DE","og_type":"article","og_title":"Reklamation - Hartkorn Gew\u00fcrze","og_description":"Ohje, gibt einen Grund f\u00fcr eine Reklamation? Das tut uns leid. Kontaktiere uns gerne - wir helfen dir schnell weiter!","og_url":"https:\/\/hartkorn-gewuerze.de\/unternehmen\/reklamation\/","og_site_name":"Hartkorn Gew\u00fcrze","article_publisher":"https:\/\/de-de.facebook.com\/hartkorngewuerze\/","article_modified_time":"2023-07-14T10:13:33+00:00","twitter_card":"summary_large_image","twitter_misc":{"Gesch\u00e4tzte Lesezeit":"12\u00a0Minuten"},"schema":{"@context":"https:\/\/schema.org","@graph":[{"@type":"WebPage","@id":"https:\/\/hartkorn-gewuerze.de\/unternehmen\/reklamation\/","url":"https:\/\/hartkorn-gewuerze.de\/unternehmen\/reklamation\/","name":"Reklamation - Hartkorn Gew\u00fcrze","isPartOf":{"@id":"https:\/\/hartkorn-gewuerze.de\/unternehmen\/#website"},"datePublished":"2020-07-14T07:05:38+00:00","dateModified":"2023-07-14T10:13:33+00:00","description":"Ohje, gibt einen Grund f\u00fcr eine Reklamation? Das tut uns leid. Kontaktiere uns gerne - wir helfen dir schnell weiter!","breadcrumb":{"@id":"https:\/\/hartkorn-gewuerze.de\/unternehmen\/reklamation\/#breadcrumb"},"inLanguage":"de","potentialAction":[{"@type":"ReadAction","target":["https:\/\/hartkorn-gewuerze.de\/unternehmen\/reklamation\/"]}]},{"@type":"BreadcrumbList","@id":"https:\/\/hartkorn-gewuerze.de\/unternehmen\/reklamation\/#breadcrumb","itemListElement":[{"@type":"ListItem","position":1,"name":"Startseite","item":"https:\/\/hartkorn-gewuerze.de\/unternehmen\/"},{"@type":"ListItem","position":2,"name":"Reklamation"}]},{"@type":"WebSite","@id":"https:\/\/hartkorn-gewuerze.de\/unternehmen\/#website","url":"https:\/\/hartkorn-gewuerze.de\/unternehmen\/","name":"Hartkorn Gew\u00fcrze","description":"Hartkorn Gew\u00fcrze Unternehmensseite","publisher":{"@id":"https:\/\/hartkorn-gewuerze.de\/unternehmen\/#organization"},"potentialAction":[{"@type":"SearchAction","target":{"@type":"EntryPoint","urlTemplate":"https:\/\/hartkorn-gewuerze.de\/unternehmen\/?s={search_term_string}"},"query-input":{"@type":"PropertyValueSpecification","valueRequired":true,"valueName":"search_term_string"}}],"inLanguage":"de"},{"@type":"Organization","@id":"https:\/\/hartkorn-gewuerze.de\/unternehmen\/#organization","name":"Hartkorn Gew\u00fcrzm\u00fchle GmbH","url":"https:\/\/hartkorn-gewuerze.de\/unternehmen\/","logo":{"@type":"ImageObject","inLanguage":"de","@id":"https:\/\/hartkorn-gewuerze.de\/unternehmen\/#\/schema\/logo\/image\/","url":"https:\/\/hartkorn-gewuerze.de\/unternehmen\/wp-content\/uploads\/2020\/07\/cropped-Logo-hartkorn-144x144-1.png","contentUrl":"https:\/\/hartkorn-gewuerze.de\/unternehmen\/wp-content\/uploads\/2020\/07\/cropped-Logo-hartkorn-144x144-1.png","width":512,"height":512,"caption":"Hartkorn Gew\u00fcrzm\u00fchle GmbH"},"image":{"@id":"https:\/\/hartkorn-gewuerze.de\/unternehmen\/#\/schema\/logo\/image\/"},"sameAs":["https:\/\/de-de.facebook.com\/hartkorngewuerze\/","https:\/\/www.tiktok.com\/@hartkorngewuerze","https:\/\/www.instagram.com\/hartkorngewuerze\/"]}]}},"_links":{"self":[{"href":"https:\/\/hartkorn-gewuerze.de\/unternehmen\/wp-json\/wp\/v2\/pages\/4714","targetHints":{"allow":["GET"]}}],"collection":[{"href":"https:\/\/hartkorn-gewuerze.de\/unternehmen\/wp-json\/wp\/v2\/pages"}],"about":[{"href":"https:\/\/hartkorn-gewuerze.de\/unternehmen\/wp-json\/wp\/v2\/types\/page"}],"author":[{"embeddable":true,"href":"https:\/\/hartkorn-gewuerze.de\/unternehmen\/wp-json\/wp\/v2\/users\/1"}],"replies":[{"embeddable":true,"href":"https:\/\/hartkorn-gewuerze.de\/unternehmen\/wp-json\/wp\/v2\/comments?post=4714"}],"version-history":[{"count":41,"href":"https:\/\/hartkorn-gewuerze.de\/unternehmen\/wp-json\/wp\/v2\/pages\/4714\/revisions"}],"predecessor-version":[{"id":13939,"href":"https:\/\/hartkorn-gewuerze.de\/unternehmen\/wp-json\/wp\/v2\/pages\/4714\/revisions\/13939"}],"wp:attachment":[{"href":"https:\/\/hartkorn-gewuerze.de\/unternehmen\/wp-json\/wp\/v2\/media?parent=4714"}],"curies":[{"name":"wp","href":"https:\/\/api.w.org\/{rel}","templated":true}]}}