{"id":3774,"date":"2020-05-25T10:52:25","date_gmt":"2020-05-25T08:52:25","guid":{"rendered":"http:\/\/wp.hartkorn-gewuerze.de\/wp1\/?page_id=3774"},"modified":"2025-02-26T12:26:45","modified_gmt":"2025-02-26T11:26:45","slug":"lieferinformation","status":"publish","type":"page","link":"https:\/\/hartkorn-gewuerze.de\/unternehmen\/lieferinformation\/","title":{"rendered":"Lieferinformation"},"content":{"rendered":"<p><div class=\"fusion-fullwidth fullwidth-box fusion-builder-row-1 nonhundred-percent-fullwidth non-hundred-percent-height-scrolling\" style=\"--awb-border-radius-top-left:0px;--awb-border-radius-top-right:0px;--awb-border-radius-bottom-right:0px;--awb-border-radius-bottom-left:0px;--awb-flex-wrap:wrap;\" ><div class=\"fusion-builder-row fusion-row\"><div class=\"fusion-layout-column fusion_builder_column fusion-builder-column-0 fusion_builder_column_1_1 1_1 fusion-one-full fusion-column-first fusion-column-last\" style=\"--awb-bg-size:cover;--awb-margin-bottom:0px;\"><div class=\"fusion-column-wrapper fusion-flex-column-wrapper-legacy\"><div class=\"fusion-text fusion-text-1\"><div id=\"columns\" class=\"container\">\n<h2>Unsere Versandkostentabelle:<\/h2>\n<div class=\"row\">\n<article>\n<div class=\"cms-content rte\">\n<table style=\"height: 253px;\" width=\"834\" cellspacing=\"5\" cellpadding=\"5\">\n<tbody>\n<tr>\n<td><strong>Region<\/strong><\/td>\n<td><strong>Lieferdienst<\/strong><\/td>\n<td><strong>Kosten<\/strong><\/td>\n<td><strong>Hinweise<\/strong><\/td>\n<\/tr>\n<tr>\n<td>Deutschland<\/td>\n<td>DPD<\/td>\n<td>4,99 \u20ac inkl. MwSt.<\/td>\n<td>ab 40 \u20ac Warenkorbwert: versandkostenfrei!<\/td>\n<\/tr>\n<tr>\n<td>Deutschland<\/td>\n<td>DHL<\/td>\n<td>4,49 \u20ac inkl. MwSt.<\/td>\n<td>ab 40 \u20ac Warenkorbwert: versandkostenfrei!<\/td>\n<\/tr>\n<tr>\n<td>\u00d6sterreich<\/td>\n<td>DHL<\/td>\n<td>12,50 \u20ac inkl. MwSt.<\/td>\n<td>ab 75 \u20ac Warenkorbwert: versandkostenfrei!<\/td>\n<\/tr>\n<tr>\n<td>Schweiz<\/td>\n<td>DHL<\/td>\n<td>12,50 \u20ac inkl. MwSt.<\/td>\n<td>ab 75 \u20ac Warenkorbwert: versandkostenfrei!<\/td>\n<\/tr>\n<tr>\n<td>Lichtenstein<\/td>\n<td>DHL<\/td>\n<td>12,50 \u20ac inkl. MwSt.<\/td>\n<td>ab 75 \u20ac Warenkorbwert: versandkostenfrei!<\/td>\n<\/tr>\n<\/tbody>\n<\/table>\n<p>Generell versenden wir nach Ihrer Vorgabe im Bestellprozess gewichtsunabh\u00e4ngig mit DPD oder DHL in die gesamte Bundesrepublik Deutschland. Ab 40 \u20ac ist der Versand sogar kostenlos!<\/p>\n<p>Da wir immer schnellstm\u00f6glich liefern m\u00f6chten, behalten wir uns das Recht vor in Ausnahmef\u00e4llen auf andere Versanddienstleister auszuweichen. Die Kosten f\u00fcr den von Ihnen ausgew\u00e4hlten Versanddienst bleiben trotzdem gleich.<\/p>\n<h3>Selbstabholung &#8211; Ohne Versandkosten<\/h3>\n<\/div>\n<p>Gerne k\u00f6nnen Sie die Bestellung auch in unserem Gew\u00fcrzladen in M\u00fclheim-K\u00e4rlich abholen.<\/p>\n<p>Die \u00d6ffnungszeiten:<\/p>\n<p>Montag bis Mittwoch:<br \/>\n10:00 Uhr bis 14:00 Uhr<\/p>\n<p>Donnerstag bis Samstag:<br \/>\n10:00 Uhr bis 18 Uhr.<\/p>\n<p>Hier finden Sie uns:<\/p>\n<p>Carl-Benz-Stra\u00dfe 13<br \/>\n56218 M\u00fclheim K\u00e4rlich<\/p>\n<\/article>\n<\/div>\n<\/div>\n<\/div><div class=\"fusion-text fusion-text-2\"><p>F\u00fcr die Lieferung auf Nord- und Ostseeinseln die nur mit der F\u00e4hre erreichbar sind verlangt DPD einen Inselzuschlag. Daher sind die Versandkosten hier leider etwas h\u00f6her. Bitte haben Sie Verst\u00e4ndnis daf\u00fcr dass wir in diesem Fall aus wirtschaftlichen Gr\u00fcnden erst ab 30\u20ac versandkostenfrei liefern k\u00f6nnen. Es handelt sich dabei um folgende Inselgebiete:<\/p>\n<p>*18565 (Hiddensee), 25849 (Pellworm), 25859 (Hooge), 25863 (Langene\u00df), 25869 (Gr\u00f6de), 25938 (F\u00f6hr), 25946 (Amrum), 25980, 25992, 25996, 25997, 25999 (Sylt) 26465 (Langeoog), 26474 (Spiekeroog), 26486 (Wangerooge), 26548 (Norderney), 26571 (Juist), 26579 (Baltrum), 26757 (Borkum), 27498 (Helgoland)<\/p>\n<\/div><div class=\"fusion-clearfix\"><\/div><\/div><\/div><\/div><\/div><div class=\"fusion-fullwidth fullwidth-box fusion-builder-row-2 has-pattern-background has-mask-background nonhundred-percent-fullwidth non-hundred-percent-height-scrolling\" style=\"--awb-background-position:left top;--awb-background-repeat:repeat-x;--awb-border-sizes-top:0px;--awb-border-sizes-bottom:0px;--awb-border-sizes-left:0px;--awb-border-sizes-right:0px;--awb-border-radius-top-left:0px;--awb-border-radius-top-right:0px;--awb-border-radius-bottom-right:0px;--awb-border-radius-bottom-left:0px;--awb-padding-top:30px;--awb-padding-bottom:0px;--awb-margin-top:0px;--awb-margin-bottom:0px;--awb-flex-wrap:wrap;\" ><div class=\"fusion-builder-row fusion-row\"><\/div><\/div>\n<\/p>\n","protected":false},"excerpt":{"rendered":"","protected":false},"author":1,"featured_media":0,"parent":0,"menu_order":0,"comment_status":"closed","ping_status":"closed","template":"100-width.php","meta":{"footnotes":""},"class_list":["post-3774","page","type-page","status-publish","hentry"],"yoast_head":"<!-- This site is optimized with the Yoast SEO plugin v27.3 - https:\/\/yoast.com\/product\/yoast-seo-wordpress\/ -->\n<title>Lieferinformation - Hartkorn Gew\u00fcrze<\/title>\n<meta name=\"description\" content=\"Du m\u00f6chtest wissen wie unsere Lieferbedingungen sind? Und wann das Paket etwa ankommt? Kein Problem - Schau mal hier ...\" \/>\n<meta name=\"robots\" content=\"index, follow, max-snippet:-1, max-image-preview:large, max-video-preview:-1\" \/>\n<link rel=\"canonical\" href=\"https:\/\/hartkorn-gewuerze.de\/unternehmen\/lieferinformation\/\" \/>\n<meta property=\"og:locale\" content=\"de_DE\" \/>\n<meta property=\"og:type\" content=\"article\" \/>\n<meta property=\"og:title\" content=\"Lieferinformation - Hartkorn Gew\u00fcrze\" \/>\n<meta property=\"og:description\" content=\"Du m\u00f6chtest wissen wie unsere Lieferbedingungen sind? Und wann das Paket etwa ankommt? Kein Problem - Schau mal hier ...\" \/>\n<meta property=\"og:url\" content=\"https:\/\/hartkorn-gewuerze.de\/unternehmen\/lieferinformation\/\" \/>\n<meta property=\"og:site_name\" content=\"Hartkorn Gew\u00fcrze\" \/>\n<meta property=\"article:publisher\" content=\"https:\/\/de-de.facebook.com\/hartkorngewuerze\/\" \/>\n<meta property=\"article:modified_time\" content=\"2025-02-26T11:26:45+00:00\" \/>\n<meta name=\"twitter:card\" content=\"summary_large_image\" \/>\n<meta name=\"twitter:label1\" content=\"Gesch\u00e4tzte Lesezeit\" \/>\n\t<meta name=\"twitter:data1\" content=\"2\u00a0Minuten\" \/>\n<script type=\"application\/ld+json\" class=\"yoast-schema-graph\">{\"@context\":\"https:\\\/\\\/schema.org\",\"@graph\":[{\"@type\":\"WebPage\",\"@id\":\"https:\\\/\\\/hartkorn-gewuerze.de\\\/unternehmen\\\/lieferinformation\\\/\",\"url\":\"https:\\\/\\\/hartkorn-gewuerze.de\\\/unternehmen\\\/lieferinformation\\\/\",\"name\":\"Lieferinformation - Hartkorn Gew\u00fcrze\",\"isPartOf\":{\"@id\":\"https:\\\/\\\/hartkorn-gewuerze.de\\\/unternehmen\\\/#website\"},\"datePublished\":\"2020-05-25T08:52:25+00:00\",\"dateModified\":\"2025-02-26T11:26:45+00:00\",\"description\":\"Du m\u00f6chtest wissen wie unsere Lieferbedingungen sind? Und wann das Paket etwa ankommt? Kein Problem - Schau mal hier ...\",\"breadcrumb\":{\"@id\":\"https:\\\/\\\/hartkorn-gewuerze.de\\\/unternehmen\\\/lieferinformation\\\/#breadcrumb\"},\"inLanguage\":\"de\",\"potentialAction\":[{\"@type\":\"ReadAction\",\"target\":[\"https:\\\/\\\/hartkorn-gewuerze.de\\\/unternehmen\\\/lieferinformation\\\/\"]}]},{\"@type\":\"BreadcrumbList\",\"@id\":\"https:\\\/\\\/hartkorn-gewuerze.de\\\/unternehmen\\\/lieferinformation\\\/#breadcrumb\",\"itemListElement\":[{\"@type\":\"ListItem\",\"position\":1,\"name\":\"Startseite\",\"item\":\"https:\\\/\\\/hartkorn-gewuerze.de\\\/unternehmen\\\/\"},{\"@type\":\"ListItem\",\"position\":2,\"name\":\"Lieferinformation\"}]},{\"@type\":\"WebSite\",\"@id\":\"https:\\\/\\\/hartkorn-gewuerze.de\\\/unternehmen\\\/#website\",\"url\":\"https:\\\/\\\/hartkorn-gewuerze.de\\\/unternehmen\\\/\",\"name\":\"Hartkorn Gew\u00fcrze\",\"description\":\"Hartkorn Gew\u00fcrze Unternehmensseite\",\"publisher\":{\"@id\":\"https:\\\/\\\/hartkorn-gewuerze.de\\\/unternehmen\\\/#organization\"},\"potentialAction\":[{\"@type\":\"SearchAction\",\"target\":{\"@type\":\"EntryPoint\",\"urlTemplate\":\"https:\\\/\\\/hartkorn-gewuerze.de\\\/unternehmen\\\/?s={search_term_string}\"},\"query-input\":{\"@type\":\"PropertyValueSpecification\",\"valueRequired\":true,\"valueName\":\"search_term_string\"}}],\"inLanguage\":\"de\"},{\"@type\":\"Organization\",\"@id\":\"https:\\\/\\\/hartkorn-gewuerze.de\\\/unternehmen\\\/#organization\",\"name\":\"Hartkorn Gew\u00fcrzm\u00fchle GmbH\",\"url\":\"https:\\\/\\\/hartkorn-gewuerze.de\\\/unternehmen\\\/\",\"logo\":{\"@type\":\"ImageObject\",\"inLanguage\":\"de\",\"@id\":\"https:\\\/\\\/hartkorn-gewuerze.de\\\/unternehmen\\\/#\\\/schema\\\/logo\\\/image\\\/\",\"url\":\"https:\\\/\\\/hartkorn-gewuerze.de\\\/unternehmen\\\/wp-content\\\/uploads\\\/2020\\\/07\\\/cropped-Logo-hartkorn-144x144-1.png\",\"contentUrl\":\"https:\\\/\\\/hartkorn-gewuerze.de\\\/unternehmen\\\/wp-content\\\/uploads\\\/2020\\\/07\\\/cropped-Logo-hartkorn-144x144-1.png\",\"width\":512,\"height\":512,\"caption\":\"Hartkorn Gew\u00fcrzm\u00fchle GmbH\"},\"image\":{\"@id\":\"https:\\\/\\\/hartkorn-gewuerze.de\\\/unternehmen\\\/#\\\/schema\\\/logo\\\/image\\\/\"},\"sameAs\":[\"https:\\\/\\\/de-de.facebook.com\\\/hartkorngewuerze\\\/\",\"https:\\\/\\\/www.tiktok.com\\\/@hartkorngewuerze\",\"https:\\\/\\\/www.instagram.com\\\/hartkorngewuerze\\\/\"]}]}<\/script>\n<!-- \/ Yoast SEO plugin. -->","yoast_head_json":{"title":"Lieferinformation - Hartkorn Gew\u00fcrze","description":"Du m\u00f6chtest wissen wie unsere Lieferbedingungen sind? Und wann das Paket etwa ankommt? Kein Problem - Schau mal hier ...","robots":{"index":"index","follow":"follow","max-snippet":"max-snippet:-1","max-image-preview":"max-image-preview:large","max-video-preview":"max-video-preview:-1"},"canonical":"https:\/\/hartkorn-gewuerze.de\/unternehmen\/lieferinformation\/","og_locale":"de_DE","og_type":"article","og_title":"Lieferinformation - Hartkorn Gew\u00fcrze","og_description":"Du m\u00f6chtest wissen wie unsere Lieferbedingungen sind? Und wann das Paket etwa ankommt? Kein Problem - Schau mal hier ...","og_url":"https:\/\/hartkorn-gewuerze.de\/unternehmen\/lieferinformation\/","og_site_name":"Hartkorn Gew\u00fcrze","article_publisher":"https:\/\/de-de.facebook.com\/hartkorngewuerze\/","article_modified_time":"2025-02-26T11:26:45+00:00","twitter_card":"summary_large_image","twitter_misc":{"Gesch\u00e4tzte Lesezeit":"2\u00a0Minuten"},"schema":{"@context":"https:\/\/schema.org","@graph":[{"@type":"WebPage","@id":"https:\/\/hartkorn-gewuerze.de\/unternehmen\/lieferinformation\/","url":"https:\/\/hartkorn-gewuerze.de\/unternehmen\/lieferinformation\/","name":"Lieferinformation - Hartkorn Gew\u00fcrze","isPartOf":{"@id":"https:\/\/hartkorn-gewuerze.de\/unternehmen\/#website"},"datePublished":"2020-05-25T08:52:25+00:00","dateModified":"2025-02-26T11:26:45+00:00","description":"Du m\u00f6chtest wissen wie unsere Lieferbedingungen sind? Und wann das Paket etwa ankommt? Kein Problem - Schau mal hier ...","breadcrumb":{"@id":"https:\/\/hartkorn-gewuerze.de\/unternehmen\/lieferinformation\/#breadcrumb"},"inLanguage":"de","potentialAction":[{"@type":"ReadAction","target":["https:\/\/hartkorn-gewuerze.de\/unternehmen\/lieferinformation\/"]}]},{"@type":"BreadcrumbList","@id":"https:\/\/hartkorn-gewuerze.de\/unternehmen\/lieferinformation\/#breadcrumb","itemListElement":[{"@type":"ListItem","position":1,"name":"Startseite","item":"https:\/\/hartkorn-gewuerze.de\/unternehmen\/"},{"@type":"ListItem","position":2,"name":"Lieferinformation"}]},{"@type":"WebSite","@id":"https:\/\/hartkorn-gewuerze.de\/unternehmen\/#website","url":"https:\/\/hartkorn-gewuerze.de\/unternehmen\/","name":"Hartkorn Gew\u00fcrze","description":"Hartkorn Gew\u00fcrze Unternehmensseite","publisher":{"@id":"https:\/\/hartkorn-gewuerze.de\/unternehmen\/#organization"},"potentialAction":[{"@type":"SearchAction","target":{"@type":"EntryPoint","urlTemplate":"https:\/\/hartkorn-gewuerze.de\/unternehmen\/?s={search_term_string}"},"query-input":{"@type":"PropertyValueSpecification","valueRequired":true,"valueName":"search_term_string"}}],"inLanguage":"de"},{"@type":"Organization","@id":"https:\/\/hartkorn-gewuerze.de\/unternehmen\/#organization","name":"Hartkorn Gew\u00fcrzm\u00fchle GmbH","url":"https:\/\/hartkorn-gewuerze.de\/unternehmen\/","logo":{"@type":"ImageObject","inLanguage":"de","@id":"https:\/\/hartkorn-gewuerze.de\/unternehmen\/#\/schema\/logo\/image\/","url":"https:\/\/hartkorn-gewuerze.de\/unternehmen\/wp-content\/uploads\/2020\/07\/cropped-Logo-hartkorn-144x144-1.png","contentUrl":"https:\/\/hartkorn-gewuerze.de\/unternehmen\/wp-content\/uploads\/2020\/07\/cropped-Logo-hartkorn-144x144-1.png","width":512,"height":512,"caption":"Hartkorn Gew\u00fcrzm\u00fchle GmbH"},"image":{"@id":"https:\/\/hartkorn-gewuerze.de\/unternehmen\/#\/schema\/logo\/image\/"},"sameAs":["https:\/\/de-de.facebook.com\/hartkorngewuerze\/","https:\/\/www.tiktok.com\/@hartkorngewuerze","https:\/\/www.instagram.com\/hartkorngewuerze\/"]}]}},"_links":{"self":[{"href":"https:\/\/hartkorn-gewuerze.de\/unternehmen\/wp-json\/wp\/v2\/pages\/3774","targetHints":{"allow":["GET"]}}],"collection":[{"href":"https:\/\/hartkorn-gewuerze.de\/unternehmen\/wp-json\/wp\/v2\/pages"}],"about":[{"href":"https:\/\/hartkorn-gewuerze.de\/unternehmen\/wp-json\/wp\/v2\/types\/page"}],"author":[{"embeddable":true,"href":"https:\/\/hartkorn-gewuerze.de\/unternehmen\/wp-json\/wp\/v2\/users\/1"}],"replies":[{"embeddable":true,"href":"https:\/\/hartkorn-gewuerze.de\/unternehmen\/wp-json\/wp\/v2\/comments?post=3774"}],"version-history":[{"count":21,"href":"https:\/\/hartkorn-gewuerze.de\/unternehmen\/wp-json\/wp\/v2\/pages\/3774\/revisions"}],"predecessor-version":[{"id":15550,"href":"https:\/\/hartkorn-gewuerze.de\/unternehmen\/wp-json\/wp\/v2\/pages\/3774\/revisions\/15550"}],"wp:attachment":[{"href":"https:\/\/hartkorn-gewuerze.de\/unternehmen\/wp-json\/wp\/v2\/media?parent=3774"}],"curies":[{"name":"wp","href":"https:\/\/api.w.org\/{rel}","templated":true}]}}