{"id":3604,"date":"2020-04-17T08:16:54","date_gmt":"2020-04-17T06:16:54","guid":{"rendered":"http:\/\/wp.hartkorn-gewuerze.de\/wp1\/?page_id=3604"},"modified":"2023-07-14T11:10:37","modified_gmt":"2023-07-14T09:10:37","slug":"haltbarkeit","status":"publish","type":"page","link":"https:\/\/hartkorn-gewuerze.de\/unternehmen\/haltbarkeit\/","title":{"rendered":"Haltbarkeit"},"content":{"rendered":"<p><div class=\"fusion-fullwidth fullwidth-box fusion-builder-row-1 nonhundred-percent-fullwidth non-hundred-percent-height-scrolling\" style=\"--awb-border-radius-top-left:0px;--awb-border-radius-top-right:0px;--awb-border-radius-bottom-right:0px;--awb-border-radius-bottom-left:0px;--awb-flex-wrap:wrap;\" ><div class=\"fusion-builder-row fusion-row\"><div class=\"fusion-layout-column fusion_builder_column fusion-builder-column-0 fusion_builder_column_1_1 1_1 fusion-one-full fusion-column-first fusion-column-last\" style=\"--awb-bg-size:cover;\"><div class=\"fusion-column-wrapper fusion-column-has-shadow fusion-flex-column-wrapper-legacy\"><div class=\"fusion-title title fusion-title-1 fusion-sep-none fusion-title-text fusion-title-size-two\" style=\"--awb-margin-top-small:10px;--awb-margin-right-small:0px;--awb-margin-bottom-small:10px;--awb-margin-left-small:0px;\"><h2 class=\"fusion-title-heading title-heading-left fusion-responsive-typography-calculated\" style=\"margin:0;--fontSize:25;--minFontSize:25;line-height:1.2;\"><p style=\"text-align: center;\">Hartkorn Gew\u00fcrze &#8211; Haltbarkeitsgarantie<\/p><\/h2><\/div><div class=\"fusion-text fusion-text-1\"><div class=\"vc_row wpb_row vc_row-fluid\">\n<div class=\"vc_col-sm-12 wpb_column vc_column_container\">\n<div class=\"wpb_wrapper\">\n<div class=\"wpb_text_column wpb_content_element \">\n<div class=\"wpb_wrapper\">\n<p>Die Haltbarkeit von Gew\u00fcrzen und Kr\u00e4utern ist abh\u00e4ngig von ihrer Aufbewahrung und Lagerung. Auf lange Dauer kann Aromasicherheit und -stabilit\u00e4t nur durch eine geeignete Lichtschutz-Verpackung erfolgen um oxidative Abbauprozesse zu verhindern. Daher werden unsere Produkte in hochwertigen Aluminium Dosen bzw. 3-lagigen Lichtschutz Beuteln verpackt, die euch ein l\u00e4stiges Umf\u00fcllen in geeignete Beh\u00e4lter ersparen.<\/p>\n<\/div>\n<\/div>\n<\/div>\n<\/div>\n<\/div>\n<\/div><div class=\"fusion-clearfix\"><\/div><\/div><\/div><div class=\"fusion-layout-column fusion_builder_column fusion-builder-column-1 fusion_builder_column_2_3 2_3 fusion-two-third fusion-column-first\" style=\"--awb-bg-size:cover;width:66.666666666667%;width:calc(66.666666666667% - ( ( 4% ) * 0.66666666666667 ) );margin-right: 4%;\"><div class=\"fusion-column-wrapper fusion-column-has-shadow fusion-flex-column-wrapper-legacy\"><div class=\"fusion-text fusion-text-2\"><p>Maximale Haltbarkeit der Produkte gew\u00e4hren wir euch durch unsere Haltbarkeitsgarantie. Solltet ihr einmal das Gef\u00fchl haben, dass ein Produkt dieser Garantie nicht gerecht wird, wendet euch einfach \u00fcber unser Kontaktformular an unser Qualit\u00e4tsmanagement. Wir werden dann selbstverst\u00e4ndlich jeden Einzelfall gewissenhaft pr\u00fcfen.<\/p>\n<\/div><div class=\"fusion-clearfix\"><\/div><\/div><\/div><div class=\"fusion-layout-column fusion_builder_column fusion-builder-column-2 fusion_builder_column_1_3 1_3 fusion-one-third fusion-column-last\" style=\"--awb-bg-size:cover;width:33.333333333333%;width:calc(33.333333333333% - ( ( 4% ) * 0.33333333333333 ) );\"><div class=\"fusion-column-wrapper fusion-column-has-shadow fusion-flex-column-wrapper-legacy\"><div class=\"fusion-image-element fusion-image-align-center in-legacy-container\" style=\"text-align:center;--awb-caption-title-font-family:var(--h2_typography-font-family);--awb-caption-title-font-weight:var(--h2_typography-font-weight);--awb-caption-title-font-style:var(--h2_typography-font-style);--awb-caption-title-size:var(--h2_typography-font-size);--awb-caption-title-transform:var(--h2_typography-text-transform);--awb-caption-title-line-height:var(--h2_typography-line-height);--awb-caption-title-letter-spacing:var(--h2_typography-letter-spacing);\"><div class=\"imageframe-align-center\"><span class=\" fusion-imageframe imageframe-none imageframe-1 hover-type-none\"><img decoding=\"async\" width=\"200\" height=\"200\" title=\"gewurze-haltbarkeit-garantie-img_200px\" src=\"data:image\/svg+xml,%3Csvg%20xmlns%3D%27http%3A%2F%2Fwww.w3.org%2F2000%2Fsvg%27%20width%3D%27200%27%20height%3D%27200%27%20viewBox%3D%270%200%20200%20200%27%3E%3Crect%20width%3D%27200%27%20height%3D%27200%27%20fill-opacity%3D%220%22%2F%3E%3C%2Fsvg%3E\" data-orig-src=\"https:\/\/hartkorn-gewuerze.de\/unternehmen\/wp-content\/uploads\/2020\/04\/gewurze-haltbarkeit-garantie-img_200px.png\" alt class=\"lazyload img-responsive wp-image-3663\"\/><\/span><\/div><\/div><div class=\"fusion-clearfix\"><\/div><\/div><\/div><\/div><\/div><div class=\"fusion-fullwidth fullwidth-box fusion-builder-row-2 nonhundred-percent-fullwidth non-hundred-percent-height-scrolling\" style=\"--awb-border-radius-top-left:0px;--awb-border-radius-top-right:0px;--awb-border-radius-bottom-right:0px;--awb-border-radius-bottom-left:0px;--awb-flex-wrap:wrap;\" ><div class=\"fusion-builder-row fusion-row\"><div class=\"fusion-layout-column fusion_builder_column fusion-builder-column-3 fusion_builder_column_1_1 1_1 fusion-one-full fusion-column-first fusion-column-last\" style=\"--awb-bg-size:cover;\"><div class=\"fusion-column-wrapper fusion-column-has-shadow fusion-flex-column-wrapper-legacy\"><div class=\"fusion-title title fusion-title-2 fusion-sep-none fusion-title-text fusion-title-size-three\" style=\"--awb-margin-top-small:10px;--awb-margin-right-small:0px;--awb-margin-bottom-small:10px;--awb-margin-left-small:0px;\"><h3 class=\"fusion-title-heading title-heading-left fusion-responsive-typography-calculated\" style=\"margin:0;--fontSize:22;--minFontSize:22;line-height:1.6;\"><p style=\"text-align: center;\">Weitere Informationen<\/p><\/h3><\/div><div class=\"fusion-tabs fusion-tabs-1 classic vertical-tabs icon-position-left mobile-mode-accordion\" style=\"--awb-title-border-radius-top-left:0px;--awb-title-border-radius-top-right:0px;--awb-title-border-radius-bottom-right:0px;--awb-title-border-radius-bottom-left:0px;--awb-alignment:start;--awb-inactive-color:#f9f9fb;--awb-background-color:#ffffff;--awb-border-color:#e2e2e2;--awb-active-border-color:#c11f1a;\"><div class=\"nav\"><ul class=\"nav-tabs\" role=\"tablist\" aria-orientation=\"vertical\"><li class=\"active\" role=\"presentation\"><a class=\"tab-link\" data-toggle=\"tab\" role=\"tab\" aria-controls=\"tab-d6b70d8e414072433b0\" aria-selected=\"true\" tabindex=\"0\" id=\"fusion-tab-d6b70d8e414072433b0\" href=\"#tab-d6b70d8e414072433b0\"><h4 class=\"fusion-tab-heading\">Zertifizierung<\/h4><\/a><\/li><li  role=\"presentation\"><a class=\"tab-link\" data-toggle=\"tab\" role=\"tab\" aria-controls=\"tab-df1ed48b0bcf6de71e8\" aria-selected=\"false\" tabindex=\"-1\" id=\"fusion-tab-df1ed48b0bcf6de71e8\" href=\"#tab-df1ed48b0bcf6de71e8\"><h4 class=\"fusion-tab-heading\">Rohstoffe<\/h4><\/a><\/li><li  role=\"presentation\"><a class=\"tab-link\" data-toggle=\"tab\" role=\"tab\" aria-controls=\"tab-68d6fbbd823e8b4768f\" aria-selected=\"false\" tabindex=\"-1\" id=\"fusion-tab-68d6fbbd823e8b4768f\" href=\"#tab-68d6fbbd823e8b4768f\"><h4 class=\"fusion-tab-heading\">Haltbarkeit<\/h4><\/a><\/li><li  role=\"presentation\"><a class=\"tab-link\" data-toggle=\"tab\" role=\"tab\" aria-controls=\"tab-f04c0d3481d0e06e611\" aria-selected=\"false\" tabindex=\"-1\" id=\"fusion-tab-f04c0d3481d0e06e611\" href=\"#tab-f04c0d3481d0e06e611\"><h4 class=\"fusion-tab-heading\">Gew\u00fcrzklassifikation<\/h4><\/a><\/li><li  role=\"presentation\"><a class=\"tab-link\" data-toggle=\"tab\" role=\"tab\" aria-controls=\"tab-8d781007248a358b0e0\" aria-selected=\"false\" tabindex=\"-1\" id=\"fusion-tab-8d781007248a358b0e0\" href=\"#tab-8d781007248a358b0e0\"><h4 class=\"fusion-tab-heading\">Zusatzstoffe<\/h4><\/a><\/li><li  role=\"presentation\"><a class=\"tab-link\" data-toggle=\"tab\" role=\"tab\" aria-controls=\"tab-fd8df0613f07b56b317\" aria-selected=\"false\" tabindex=\"-1\" id=\"fusion-tab-fd8df0613f07b56b317\" href=\"#tab-fd8df0613f07b56b317\"><h4 class=\"fusion-tab-heading\">Leitfaden der Gew\u00fcrze<\/h4><\/a><\/li><\/ul><\/div><div class=\"tab-content\"><div class=\"nav fusion-mobile-tab-nav\"><ul class=\"nav-tabs\" role=\"tablist\" aria-orientation=\"vertical\"><li class=\"active\" role=\"presentation\"><a class=\"tab-link\" data-toggle=\"tab\" role=\"tab\" aria-controls=\"tab-d6b70d8e414072433b0\" aria-selected=\"true\" tabindex=\"0\" id=\"mobile-fusion-tab-d6b70d8e414072433b0\" href=\"#tab-d6b70d8e414072433b0\"><h4 class=\"fusion-tab-heading\">Zertifizierung<\/h4><\/a><\/li><\/ul><\/div><div class=\"tab-pane fade fusion-clearfix in active\" role=\"tabpanel\" tabindex=\"0\" aria-labelledby=\"fusion-tab-d6b70d8e414072433b0\" id=\"tab-d6b70d8e414072433b0\">\n<p>Wir lassen uns freiwillig von einem unabh\u00e4ngigen Institut gem\u00e4\u00df strengen Richtlinien auditieren. Hierbei handelt es sich um den international \u00e4u\u00dferst anerkannten International Featured Standard \u2013 IFS, sowie die BIO Zertifizierung nach EG Verordnung. <a href=\"https:\/\/hartkorn-gewuerze.de\/unternehmen\/zertifizierung\/\">Hier kannst du alles \u00fcber unsere Zertifizierungen lesen &#8230;<\/a><\/p>\n<\/div><div class=\"nav fusion-mobile-tab-nav\"><ul class=\"nav-tabs\" role=\"tablist\" aria-orientation=\"vertical\"><li  role=\"presentation\"><a class=\"tab-link\" data-toggle=\"tab\" role=\"tab\" aria-controls=\"tab-df1ed48b0bcf6de71e8\" aria-selected=\"false\" tabindex=\"-1\" id=\"mobile-fusion-tab-df1ed48b0bcf6de71e8\" href=\"#tab-df1ed48b0bcf6de71e8\"><h4 class=\"fusion-tab-heading\">Rohstoffe<\/h4><\/a><\/li><\/ul><\/div><div class=\"tab-pane fade fusion-clearfix\" role=\"tabpanel\" tabindex=\"0\" aria-labelledby=\"fusion-tab-df1ed48b0bcf6de71e8\" id=\"tab-df1ed48b0bcf6de71e8\">\n<p>Die Auswahl guter Lieferanten und Produzenten, sowie die jahrelange Erfahrung im Einkauf und in der Qualit\u00e4tskontrolle unserer Rohstoffe, garantieren dir eine hervorragende Qualit\u00e4t und einzigartige Geschmacksexplosionen. <a href=\"https:\/\/hartkorn-gewuerze.de\/unternehmen\/rohstoffe\/\">Hier bekommst du weitere Informationen &#8230;<\/a><\/p>\n<\/div><div class=\"nav fusion-mobile-tab-nav\"><ul class=\"nav-tabs\" role=\"tablist\" aria-orientation=\"vertical\"><li  role=\"presentation\"><a class=\"tab-link\" data-toggle=\"tab\" role=\"tab\" aria-controls=\"tab-68d6fbbd823e8b4768f\" aria-selected=\"false\" tabindex=\"-1\" id=\"mobile-fusion-tab-68d6fbbd823e8b4768f\" href=\"#tab-68d6fbbd823e8b4768f\"><h4 class=\"fusion-tab-heading\">Haltbarkeit<\/h4><\/a><\/li><\/ul><\/div><div class=\"tab-pane fade fusion-clearfix\" role=\"tabpanel\" tabindex=\"0\" aria-labelledby=\"fusion-tab-68d6fbbd823e8b4768f\" id=\"tab-68d6fbbd823e8b4768f\">\n<p>Die Haltbarkeit von Gew\u00fcrzen und Kr\u00e4utern ist abh\u00e4ngig von ihrer Aufbewahrung und Lagerung. Auf lange Dauer kann Aromasicherheit und -stabilit\u00e4t nur durch eine geeignete Lichtschutz-Verpackung erfolgen um oxidative Abbauprozesse zu verhindern. <a href=\"https:\/\/hartkorn-gewuerze.de\/unternehmen\/haltbarkeit\/\">Lese hier mehr \u00fcber die Hartkorn Haltbarkeits-Garantie &#8230;<\/a><\/p>\n<\/div><div class=\"nav fusion-mobile-tab-nav\"><ul class=\"nav-tabs\" role=\"tablist\" aria-orientation=\"vertical\"><li  role=\"presentation\"><a class=\"tab-link\" data-toggle=\"tab\" role=\"tab\" aria-controls=\"tab-f04c0d3481d0e06e611\" aria-selected=\"false\" tabindex=\"-1\" id=\"mobile-fusion-tab-f04c0d3481d0e06e611\" href=\"#tab-f04c0d3481d0e06e611\"><h4 class=\"fusion-tab-heading\">Gew\u00fcrzklassifikation<\/h4><\/a><\/li><\/ul><\/div><div class=\"tab-pane fade fusion-clearfix\" role=\"tabpanel\" tabindex=\"0\" aria-labelledby=\"fusion-tab-f04c0d3481d0e06e611\" id=\"tab-f04c0d3481d0e06e611\">\n<p>Ein Qualit\u00e4tsmerkmal von Mischungen aus Gew\u00fcrzen und Kr\u00e4utern sind die vorgeschriebenen Kategorisierungen. Jede Mischung muss einer Kategorien zugeordnet sein. <a href=\"https:\/\/hartkorn-gewuerze.de\/unternehmen\/gewuerzklassifikation\/\">Hier erl\u00e4utern wir die verschiedenen Klassifikationen &#8230;<\/a><\/p>\n<\/div><div class=\"nav fusion-mobile-tab-nav\"><ul class=\"nav-tabs\" role=\"tablist\" aria-orientation=\"vertical\"><li  role=\"presentation\"><a class=\"tab-link\" data-toggle=\"tab\" role=\"tab\" aria-controls=\"tab-8d781007248a358b0e0\" aria-selected=\"false\" tabindex=\"-1\" id=\"mobile-fusion-tab-8d781007248a358b0e0\" href=\"#tab-8d781007248a358b0e0\"><h4 class=\"fusion-tab-heading\">Zusatzstoffe<\/h4><\/a><\/li><\/ul><\/div><div class=\"tab-pane fade fusion-clearfix\" role=\"tabpanel\" tabindex=\"0\" aria-labelledby=\"fusion-tab-8d781007248a358b0e0\" id=\"tab-8d781007248a358b0e0\">\n<p>Unsere Rohstoffe werden weitestgehend naturbelassen verarbeitet und veredelt ohne \u00fcberfl\u00fcssige Geschmacksverst\u00e4rker, Hefeextrakte, Antioxidantien oder S\u00fc\u00dfungsmittel. <a href=\"https:\/\/hartkorn-gewuerze.de\/unternehmen\/zusatzstoffe\/\">Mehr dazu erf\u00e4hrst du hier.<\/a><\/p>\n<\/div><div class=\"nav fusion-mobile-tab-nav\"><ul class=\"nav-tabs\" role=\"tablist\" aria-orientation=\"vertical\"><li  role=\"presentation\"><a class=\"tab-link\" data-toggle=\"tab\" role=\"tab\" aria-controls=\"tab-fd8df0613f07b56b317\" aria-selected=\"false\" tabindex=\"-1\" id=\"mobile-fusion-tab-fd8df0613f07b56b317\" href=\"#tab-fd8df0613f07b56b317\"><h4 class=\"fusion-tab-heading\">Leitfaden der Gew\u00fcrze<\/h4><\/a><\/li><\/ul><\/div><div class=\"tab-pane fade fusion-clearfix\" role=\"tabpanel\" tabindex=\"0\" aria-labelledby=\"fusion-tab-fd8df0613f07b56b317\" id=\"tab-fd8df0613f07b56b317\">\n<p>Super einfach und schnell: Die Qualit\u00e4t eines reinen Gew\u00fcrzes bzw. einer Mischung und Kr\u00e4utern k\u00f6nnt ihr ganz flott selbst einordnen. Keine Ahnung, wie das funktionieren soll? Kein Problem! Daf\u00fcr steht euch unser Qualit\u00e4tsleitfaden f\u00fcr reine Gew\u00fcrze und Mischungen sowie von Kr\u00e4utern zur Verf\u00fcgung. <a href=\"https:\/\/hartkorn-gewuerze.de\/unternehmen\/leitfaden-der-gewuerze\/\">Lese hier weiter &#8230;<\/a><\/p>\n<\/div><\/div><\/div><div class=\"fusion-clearfix\"><\/div><\/div><\/div><\/div><\/div><div class=\"fusion-fullwidth fullwidth-box fusion-builder-row-3 has-pattern-background has-mask-background nonhundred-percent-fullwidth non-hundred-percent-height-scrolling\" style=\"--awb-background-position:left top;--awb-background-repeat:repeat-x;--awb-border-sizes-top:0px;--awb-border-sizes-bottom:0px;--awb-border-sizes-left:0px;--awb-border-sizes-right:0px;--awb-border-radius-top-left:0px;--awb-border-radius-top-right:0px;--awb-border-radius-bottom-right:0px;--awb-border-radius-bottom-left:0px;--awb-padding-top:30px;--awb-padding-bottom:0px;--awb-margin-top:0px;--awb-margin-bottom:0px;--awb-flex-wrap:wrap;\" ><div class=\"fusion-builder-row fusion-row\"><\/div><\/div>\n<\/p>\n","protected":false},"excerpt":{"rendered":"","protected":false},"author":1,"featured_media":0,"parent":0,"menu_order":0,"comment_status":"closed","ping_status":"closed","template":"100-width.php","meta":{"footnotes":""},"class_list":["post-3604","page","type-page","status-publish","hentry"],"yoast_head":"<!-- This site is optimized with the Yoast SEO plugin v27.4 - https:\/\/yoast.com\/product\/yoast-seo-wordpress\/ -->\n<title>Haltbarkeit - Hartkorn Gew\u00fcrze<\/title>\n<meta name=\"description\" content=\"Willst du mehr \u00fcber die Haltbarkeit von Gew\u00fcrzen erfahren? Hier erf\u00e4hrst du weshalb Hartkorn Gew\u00fcrze so eine lange Haltbarkeit haben.\" \/>\n<meta name=\"robots\" content=\"index, follow, max-snippet:-1, max-image-preview:large, max-video-preview:-1\" \/>\n<link rel=\"canonical\" href=\"https:\/\/hartkorn-gewuerze.de\/unternehmen\/haltbarkeit\/\" \/>\n<meta property=\"og:locale\" content=\"de_DE\" \/>\n<meta property=\"og:type\" content=\"article\" \/>\n<meta property=\"og:title\" content=\"Haltbarkeit - Hartkorn Gew\u00fcrze\" \/>\n<meta property=\"og:description\" content=\"Willst du mehr \u00fcber die Haltbarkeit von Gew\u00fcrzen erfahren? Hier erf\u00e4hrst du weshalb Hartkorn Gew\u00fcrze so eine lange Haltbarkeit haben.\" \/>\n<meta property=\"og:url\" content=\"https:\/\/hartkorn-gewuerze.de\/unternehmen\/haltbarkeit\/\" \/>\n<meta property=\"og:site_name\" content=\"Hartkorn Gew\u00fcrze\" \/>\n<meta property=\"article:publisher\" content=\"https:\/\/de-de.facebook.com\/hartkorngewuerze\/\" \/>\n<meta property=\"article:modified_time\" content=\"2023-07-14T09:10:37+00:00\" \/>\n<meta name=\"twitter:card\" content=\"summary_large_image\" \/>\n<meta name=\"twitter:label1\" content=\"Gesch\u00e4tzte Lesezeit\" \/>\n\t<meta name=\"twitter:data1\" content=\"14\u00a0Minuten\" \/>\n<script type=\"application\/ld+json\" class=\"yoast-schema-graph\">{\"@context\":\"https:\\\/\\\/schema.org\",\"@graph\":[{\"@type\":\"WebPage\",\"@id\":\"https:\\\/\\\/hartkorn-gewuerze.de\\\/unternehmen\\\/haltbarkeit\\\/\",\"url\":\"https:\\\/\\\/hartkorn-gewuerze.de\\\/unternehmen\\\/haltbarkeit\\\/\",\"name\":\"Haltbarkeit - Hartkorn Gew\u00fcrze\",\"isPartOf\":{\"@id\":\"https:\\\/\\\/hartkorn-gewuerze.de\\\/unternehmen\\\/#website\"},\"datePublished\":\"2020-04-17T06:16:54+00:00\",\"dateModified\":\"2023-07-14T09:10:37+00:00\",\"description\":\"Willst du mehr \u00fcber die Haltbarkeit von Gew\u00fcrzen erfahren? Hier erf\u00e4hrst du weshalb Hartkorn Gew\u00fcrze so eine lange Haltbarkeit haben.\",\"breadcrumb\":{\"@id\":\"https:\\\/\\\/hartkorn-gewuerze.de\\\/unternehmen\\\/haltbarkeit\\\/#breadcrumb\"},\"inLanguage\":\"de\",\"potentialAction\":[{\"@type\":\"ReadAction\",\"target\":[\"https:\\\/\\\/hartkorn-gewuerze.de\\\/unternehmen\\\/haltbarkeit\\\/\"]}]},{\"@type\":\"BreadcrumbList\",\"@id\":\"https:\\\/\\\/hartkorn-gewuerze.de\\\/unternehmen\\\/haltbarkeit\\\/#breadcrumb\",\"itemListElement\":[{\"@type\":\"ListItem\",\"position\":1,\"name\":\"Startseite\",\"item\":\"https:\\\/\\\/hartkorn-gewuerze.de\\\/unternehmen\\\/\"},{\"@type\":\"ListItem\",\"position\":2,\"name\":\"Haltbarkeit\"}]},{\"@type\":\"WebSite\",\"@id\":\"https:\\\/\\\/hartkorn-gewuerze.de\\\/unternehmen\\\/#website\",\"url\":\"https:\\\/\\\/hartkorn-gewuerze.de\\\/unternehmen\\\/\",\"name\":\"Hartkorn Gew\u00fcrze\",\"description\":\"Hartkorn Gew\u00fcrze Unternehmensseite\",\"publisher\":{\"@id\":\"https:\\\/\\\/hartkorn-gewuerze.de\\\/unternehmen\\\/#organization\"},\"potentialAction\":[{\"@type\":\"SearchAction\",\"target\":{\"@type\":\"EntryPoint\",\"urlTemplate\":\"https:\\\/\\\/hartkorn-gewuerze.de\\\/unternehmen\\\/?s={search_term_string}\"},\"query-input\":{\"@type\":\"PropertyValueSpecification\",\"valueRequired\":true,\"valueName\":\"search_term_string\"}}],\"inLanguage\":\"de\"},{\"@type\":\"Organization\",\"@id\":\"https:\\\/\\\/hartkorn-gewuerze.de\\\/unternehmen\\\/#organization\",\"name\":\"Hartkorn Gew\u00fcrzm\u00fchle GmbH\",\"url\":\"https:\\\/\\\/hartkorn-gewuerze.de\\\/unternehmen\\\/\",\"logo\":{\"@type\":\"ImageObject\",\"inLanguage\":\"de\",\"@id\":\"https:\\\/\\\/hartkorn-gewuerze.de\\\/unternehmen\\\/#\\\/schema\\\/logo\\\/image\\\/\",\"url\":\"https:\\\/\\\/hartkorn-gewuerze.de\\\/unternehmen\\\/wp-content\\\/uploads\\\/2020\\\/07\\\/cropped-Logo-hartkorn-144x144-1.png\",\"contentUrl\":\"https:\\\/\\\/hartkorn-gewuerze.de\\\/unternehmen\\\/wp-content\\\/uploads\\\/2020\\\/07\\\/cropped-Logo-hartkorn-144x144-1.png\",\"width\":512,\"height\":512,\"caption\":\"Hartkorn Gew\u00fcrzm\u00fchle GmbH\"},\"image\":{\"@id\":\"https:\\\/\\\/hartkorn-gewuerze.de\\\/unternehmen\\\/#\\\/schema\\\/logo\\\/image\\\/\"},\"sameAs\":[\"https:\\\/\\\/de-de.facebook.com\\\/hartkorngewuerze\\\/\",\"https:\\\/\\\/www.tiktok.com\\\/@hartkorngewuerze\",\"https:\\\/\\\/www.instagram.com\\\/hartkorngewuerze\\\/\"]}]}<\/script>\n<!-- \/ Yoast SEO plugin. -->","yoast_head_json":{"title":"Haltbarkeit - Hartkorn Gew\u00fcrze","description":"Willst du mehr \u00fcber die Haltbarkeit von Gew\u00fcrzen erfahren? Hier erf\u00e4hrst du weshalb Hartkorn Gew\u00fcrze so eine lange Haltbarkeit haben.","robots":{"index":"index","follow":"follow","max-snippet":"max-snippet:-1","max-image-preview":"max-image-preview:large","max-video-preview":"max-video-preview:-1"},"canonical":"https:\/\/hartkorn-gewuerze.de\/unternehmen\/haltbarkeit\/","og_locale":"de_DE","og_type":"article","og_title":"Haltbarkeit - Hartkorn Gew\u00fcrze","og_description":"Willst du mehr \u00fcber die Haltbarkeit von Gew\u00fcrzen erfahren? Hier erf\u00e4hrst du weshalb Hartkorn Gew\u00fcrze so eine lange Haltbarkeit haben.","og_url":"https:\/\/hartkorn-gewuerze.de\/unternehmen\/haltbarkeit\/","og_site_name":"Hartkorn Gew\u00fcrze","article_publisher":"https:\/\/de-de.facebook.com\/hartkorngewuerze\/","article_modified_time":"2023-07-14T09:10:37+00:00","twitter_card":"summary_large_image","twitter_misc":{"Gesch\u00e4tzte Lesezeit":"14\u00a0Minuten"},"schema":{"@context":"https:\/\/schema.org","@graph":[{"@type":"WebPage","@id":"https:\/\/hartkorn-gewuerze.de\/unternehmen\/haltbarkeit\/","url":"https:\/\/hartkorn-gewuerze.de\/unternehmen\/haltbarkeit\/","name":"Haltbarkeit - Hartkorn Gew\u00fcrze","isPartOf":{"@id":"https:\/\/hartkorn-gewuerze.de\/unternehmen\/#website"},"datePublished":"2020-04-17T06:16:54+00:00","dateModified":"2023-07-14T09:10:37+00:00","description":"Willst du mehr \u00fcber die Haltbarkeit von Gew\u00fcrzen erfahren? Hier erf\u00e4hrst du weshalb Hartkorn Gew\u00fcrze so eine lange Haltbarkeit haben.","breadcrumb":{"@id":"https:\/\/hartkorn-gewuerze.de\/unternehmen\/haltbarkeit\/#breadcrumb"},"inLanguage":"de","potentialAction":[{"@type":"ReadAction","target":["https:\/\/hartkorn-gewuerze.de\/unternehmen\/haltbarkeit\/"]}]},{"@type":"BreadcrumbList","@id":"https:\/\/hartkorn-gewuerze.de\/unternehmen\/haltbarkeit\/#breadcrumb","itemListElement":[{"@type":"ListItem","position":1,"name":"Startseite","item":"https:\/\/hartkorn-gewuerze.de\/unternehmen\/"},{"@type":"ListItem","position":2,"name":"Haltbarkeit"}]},{"@type":"WebSite","@id":"https:\/\/hartkorn-gewuerze.de\/unternehmen\/#website","url":"https:\/\/hartkorn-gewuerze.de\/unternehmen\/","name":"Hartkorn Gew\u00fcrze","description":"Hartkorn Gew\u00fcrze Unternehmensseite","publisher":{"@id":"https:\/\/hartkorn-gewuerze.de\/unternehmen\/#organization"},"potentialAction":[{"@type":"SearchAction","target":{"@type":"EntryPoint","urlTemplate":"https:\/\/hartkorn-gewuerze.de\/unternehmen\/?s={search_term_string}"},"query-input":{"@type":"PropertyValueSpecification","valueRequired":true,"valueName":"search_term_string"}}],"inLanguage":"de"},{"@type":"Organization","@id":"https:\/\/hartkorn-gewuerze.de\/unternehmen\/#organization","name":"Hartkorn Gew\u00fcrzm\u00fchle GmbH","url":"https:\/\/hartkorn-gewuerze.de\/unternehmen\/","logo":{"@type":"ImageObject","inLanguage":"de","@id":"https:\/\/hartkorn-gewuerze.de\/unternehmen\/#\/schema\/logo\/image\/","url":"https:\/\/hartkorn-gewuerze.de\/unternehmen\/wp-content\/uploads\/2020\/07\/cropped-Logo-hartkorn-144x144-1.png","contentUrl":"https:\/\/hartkorn-gewuerze.de\/unternehmen\/wp-content\/uploads\/2020\/07\/cropped-Logo-hartkorn-144x144-1.png","width":512,"height":512,"caption":"Hartkorn Gew\u00fcrzm\u00fchle GmbH"},"image":{"@id":"https:\/\/hartkorn-gewuerze.de\/unternehmen\/#\/schema\/logo\/image\/"},"sameAs":["https:\/\/de-de.facebook.com\/hartkorngewuerze\/","https:\/\/www.tiktok.com\/@hartkorngewuerze","https:\/\/www.instagram.com\/hartkorngewuerze\/"]}]}},"_links":{"self":[{"href":"https:\/\/hartkorn-gewuerze.de\/unternehmen\/wp-json\/wp\/v2\/pages\/3604","targetHints":{"allow":["GET"]}}],"collection":[{"href":"https:\/\/hartkorn-gewuerze.de\/unternehmen\/wp-json\/wp\/v2\/pages"}],"about":[{"href":"https:\/\/hartkorn-gewuerze.de\/unternehmen\/wp-json\/wp\/v2\/types\/page"}],"author":[{"embeddable":true,"href":"https:\/\/hartkorn-gewuerze.de\/unternehmen\/wp-json\/wp\/v2\/users\/1"}],"replies":[{"embeddable":true,"href":"https:\/\/hartkorn-gewuerze.de\/unternehmen\/wp-json\/wp\/v2\/comments?post=3604"}],"version-history":[{"count":20,"href":"https:\/\/hartkorn-gewuerze.de\/unternehmen\/wp-json\/wp\/v2\/pages\/3604\/revisions"}],"predecessor-version":[{"id":13911,"href":"https:\/\/hartkorn-gewuerze.de\/unternehmen\/wp-json\/wp\/v2\/pages\/3604\/revisions\/13911"}],"wp:attachment":[{"href":"https:\/\/hartkorn-gewuerze.de\/unternehmen\/wp-json\/wp\/v2\/media?parent=3604"}],"curies":[{"name":"wp","href":"https:\/\/api.w.org\/{rel}","templated":true}]}}