{"id":3353,"date":"2020-03-27T16:34:27","date_gmt":"2020-03-27T15:34:27","guid":{"rendered":"http:\/\/wp.hartkorn-gewuerze.de\/wp1\/?page_id=3353"},"modified":"2026-03-09T11:59:24","modified_gmt":"2026-03-09T10:59:24","slug":"stellenangebote-zentrale-und-verwaltung","status":"publish","type":"page","link":"https:\/\/hartkorn-gewuerze.de\/unternehmen\/stellenangebote-zentrale-und-verwaltung\/","title":{"rendered":"Stellenangebote Zentrale und Verwaltung"},"content":{"rendered":"<p><div class=\"fusion-fullwidth fullwidth-box fusion-builder-row-1 fusion-flex-container has-pattern-background has-mask-background nonhundred-percent-fullwidth non-hundred-percent-height-scrolling\" style=\"--awb-border-radius-top-left:0px;--awb-border-radius-top-right:0px;--awb-border-radius-bottom-right:0px;--awb-border-radius-bottom-left:0px;--awb-flex-wrap:wrap;\" ><div class=\"fusion-builder-row fusion-row fusion-flex-align-items-flex-start fusion-flex-content-wrap\" style=\"max-width:1216.8px;margin-left: calc(-4% \/ 2 );margin-right: calc(-4% \/ 2 );\"><div class=\"fusion-layout-column fusion_builder_column fusion-builder-column-0 fusion_builder_column_1_1 1_1 fusion-flex-column\" style=\"--awb-bg-size:cover;--awb-width-large:100%;--awb-margin-top-large:0px;--awb-spacing-right-large:1.92%;--awb-margin-bottom-large:20px;--awb-spacing-left-large:1.92%;--awb-width-medium:100%;--awb-order-medium:0;--awb-spacing-right-medium:1.92%;--awb-spacing-left-medium:1.92%;--awb-width-small:100%;--awb-order-small:0;--awb-spacing-right-small:1.92%;--awb-spacing-left-small:1.92%;\"><div class=\"fusion-column-wrapper fusion-column-has-shadow fusion-flex-justify-content-flex-start fusion-content-layout-column\"><div class=\"fusion-text fusion-text-1\"><h1 class=\"fusion-responsive-typography-calculated\" style=\"text-align: center;\" data-fontsize=\"40\" data-lineheight=\"45.6px\">Stellenangebote Zentrale und Verwaltung<\/h1>\n<p style=\"text-align: center;\"><span class=\"TextRun SCXW89461389 BCX9\" lang=\"DE-DE\" xml:lang=\"DE-DE\" data-contrast=\"auto\"><span class=\"NormalTextRun SCXW89461389 BCX9\">Du bist ein kreativer Kopf und brauchst einen Tapetenwechsel? Ein Job in der Verwaltung ist dein Traum? Lebensmitteltechnik ist deine Leidenschaft? Dann <\/span><span class=\"NormalTextRun SCXW89461389 BCX9\">findest du unter den folgenden Stellen vielleicht etwas f\u00fcr dich!<\/span><\/span><span class=\"EOP SCXW89461389 BCX9\" data-ccp-props=\"\">\u00a0<\/span><\/p>\n<\/div><div class=\"fusion-text fusion-text-2\" style=\"--awb-font-size:14px;\"><p style=\"text-align: center;\"><em>Bitte haben Sie Verst\u00e4ndnis, dass wir f\u00fcr etwaige Kosten, die f\u00fcr Sie mit der Wahrnehmung eines m\u00f6glichen Vorstellungsgespr\u00e4chs verbunden sind, nicht aufkommen k\u00f6nnen.<\/em><\/p>\n<\/div><\/div><\/div><div class=\"fusion-layout-column fusion_builder_column fusion-builder-column-1 fusion_builder_column_1_2 1_2 fusion-flex-column\" style=\"--awb-bg-color:#bf5e5a;--awb-bg-color-hover:#bf5e5a;--awb-bg-size:cover;--awb-width-large:50%;--awb-margin-top-large:20px;--awb-spacing-right-large:3.84%;--awb-margin-bottom-large:20px;--awb-spacing-left-large:3.84%;--awb-width-medium:100%;--awb-order-medium:0;--awb-spacing-right-medium:1.92%;--awb-spacing-left-medium:1.92%;--awb-width-small:100%;--awb-order-small:0;--awb-spacing-right-small:1.92%;--awb-spacing-left-small:1.92%;\" data-scroll-devices=\"small-visibility,medium-visibility,large-visibility\"><div class=\"fusion-column-wrapper fusion-column-has-shadow fusion-flex-justify-content-flex-start fusion-content-layout-column\"><div class=\"fusion-builder-row fusion-builder-row-inner fusion-row fusion-flex-align-items-flex-start fusion-flex-content-wrap\" style=\"--awb-flex-grow:0;--awb-flex-grow-medium:0;--awb-flex-grow-small:0;--awb-flex-shrink:0;--awb-flex-shrink-medium:0;--awb-flex-shrink-small:0;width:104% !important;max-width:104% !important;margin-left: calc(-4% \/ 2 );margin-right: calc(-4% \/ 2 );\"><div class=\"fusion-layout-column fusion_builder_column_inner fusion-builder-nested-column-0 fusion_builder_column_inner_1_1 1_1 fusion-flex-column\" style=\"--awb-bg-color:#e2e2e2;--awb-bg-color-hover:#e2e2e2;--awb-bg-size:cover;--awb-width-large:100%;--awb-margin-top-large:0px;--awb-spacing-right-large:1.92%;--awb-margin-bottom-large:20px;--awb-spacing-left-large:1.92%;--awb-width-medium:100%;--awb-order-medium:0;--awb-spacing-right-medium:1.92%;--awb-spacing-left-medium:1.92%;--awb-width-small:100%;--awb-order-small:0;--awb-spacing-right-small:1.92%;--awb-spacing-left-small:1.92%;\" data-scroll-devices=\"small-visibility,medium-visibility,large-visibility\"><div class=\"fusion-column-wrapper fusion-column-has-shadow fusion-flex-justify-content-flex-start fusion-content-layout-column\"><div class=\"fusion-text fusion-text-3\" style=\"--awb-margin-top:20px;--awb-margin-right:10px;--awb-margin-left:10px;\"><p class=\"fusion-responsive-typography-calculated\" style=\"text-align: center;\" data-fontsize=\"22\" data-lineheight=\"35.2px\"><strong>Sachbearbeiter Einkauf <\/strong><strong>(m\/w\/d)<\/strong><\/p>\n<p style=\"text-align: center;\" data-fontsize=\"22\" data-lineheight=\"35.2px\">Teilzeit (ab 25 h \/ Woche) oder Vollzeit (40 h \/ Woche)<\/p>\n<\/div><\/div><\/div><div class=\"fusion-layout-column fusion_builder_column_inner fusion-builder-nested-column-1 fusion_builder_column_inner_1_1 1_1 fusion-flex-column\" style=\"--awb-bg-size:cover;--awb-width-large:100%;--awb-margin-top-large:0px;--awb-spacing-right-large:1.92%;--awb-margin-bottom-large:20px;--awb-spacing-left-large:1.92%;--awb-width-medium:100%;--awb-order-medium:0;--awb-spacing-right-medium:1.92%;--awb-spacing-left-medium:1.92%;--awb-width-small:100%;--awb-order-small:0;--awb-spacing-right-small:1.92%;--awb-spacing-left-small:1.92%;\"><div class=\"fusion-column-wrapper fusion-column-has-shadow fusion-flex-justify-content-flex-start fusion-content-layout-column\"><div class=\"fusion-image-element \" style=\"text-align:center;--awb-max-width:150px;--awb-caption-title-font-family:var(--h2_typography-font-family);--awb-caption-title-font-weight:var(--h2_typography-font-weight);--awb-caption-title-font-style:var(--h2_typography-font-style);--awb-caption-title-size:var(--h2_typography-font-size);--awb-caption-title-transform:var(--h2_typography-text-transform);--awb-caption-title-line-height:var(--h2_typography-line-height);--awb-caption-title-letter-spacing:var(--h2_typography-letter-spacing);\"><span class=\" fusion-imageframe imageframe-none imageframe-1 hover-type-none\"><a class=\"fusion-no-lightbox\" href=\"https:\/\/hartkorn-gewuerze.de\/unternehmen\/wp-content\/uploads\/2025\/07\/Hartkorn_Einkauf_Stellenausschreibung-2025-1.pdf\" target=\"_blank\" aria-label=\"Mehr zum Job_Button\" rel=\"noopener noreferrer\"><img decoding=\"async\" width=\"400\" height=\"100\" alt=\"Mehr zum Job\" src=\"https:\/\/hartkorn-gewuerze.de\/unternehmen\/wp-content\/uploads\/2023\/05\/Mehr-zum-Job_Button.png\" data-orig-src=\"https:\/\/hartkorn-gewuerze.de\/unternehmen\/wp-content\/uploads\/2023\/05\/Mehr-zum-Job_Button.png\" class=\"lazyload img-responsive wp-image-13240\" srcset=\"data:image\/svg+xml,%3Csvg%20xmlns%3D%27http%3A%2F%2Fwww.w3.org%2F2000%2Fsvg%27%20width%3D%27400%27%20height%3D%27100%27%20viewBox%3D%270%200%20400%20100%27%3E%3Crect%20width%3D%27400%27%20height%3D%27100%27%20fill-opacity%3D%220%22%2F%3E%3C%2Fsvg%3E\" data-srcset=\"https:\/\/hartkorn-gewuerze.de\/unternehmen\/wp-content\/uploads\/2023\/05\/Mehr-zum-Job_Button-200x50.png 200w, https:\/\/hartkorn-gewuerze.de\/unternehmen\/wp-content\/uploads\/2023\/05\/Mehr-zum-Job_Button.png 400w\" data-sizes=\"auto\" data-orig-sizes=\"(max-width: 1024px) 100vw, (max-width: 640px) 100vw, 400px\" \/><\/a><\/span><\/div><\/div><\/div><\/div><\/div><\/div><div class=\"fusion-layout-column fusion_builder_column fusion-builder-column-2 fusion_builder_column_1_2 1_2 fusion-flex-column\" style=\"--awb-bg-color:#bf5e5a;--awb-bg-color-hover:#bf5e5a;--awb-bg-size:cover;--awb-width-large:50%;--awb-margin-top-large:20px;--awb-spacing-right-large:3.84%;--awb-margin-bottom-large:20px;--awb-spacing-left-large:3.84%;--awb-width-medium:100%;--awb-order-medium:0;--awb-spacing-right-medium:1.92%;--awb-spacing-left-medium:1.92%;--awb-width-small:100%;--awb-order-small:0;--awb-spacing-right-small:1.92%;--awb-spacing-left-small:1.92%;\" data-scroll-devices=\"small-visibility,medium-visibility,large-visibility\"><div class=\"fusion-column-wrapper fusion-column-has-shadow fusion-flex-justify-content-flex-start fusion-content-layout-column\"><div class=\"fusion-builder-row fusion-builder-row-inner fusion-row fusion-flex-align-items-flex-start fusion-flex-content-wrap\" style=\"--awb-flex-grow:0;--awb-flex-grow-medium:0;--awb-flex-grow-small:0;--awb-flex-shrink:0;--awb-flex-shrink-medium:0;--awb-flex-shrink-small:0;width:104% !important;max-width:104% !important;margin-left: calc(-4% \/ 2 );margin-right: calc(-4% \/ 2 );\"><div class=\"fusion-layout-column fusion_builder_column_inner fusion-builder-nested-column-2 fusion_builder_column_inner_1_1 1_1 fusion-flex-column\" style=\"--awb-bg-color:#e2e2e2;--awb-bg-color-hover:#e2e2e2;--awb-bg-size:cover;--awb-width-large:100%;--awb-margin-top-large:0px;--awb-spacing-right-large:1.92%;--awb-margin-bottom-large:20px;--awb-spacing-left-large:1.92%;--awb-width-medium:100%;--awb-order-medium:0;--awb-spacing-right-medium:1.92%;--awb-spacing-left-medium:1.92%;--awb-width-small:100%;--awb-order-small:0;--awb-spacing-right-small:1.92%;--awb-spacing-left-small:1.92%;\" data-scroll-devices=\"small-visibility,medium-visibility,large-visibility\"><div class=\"fusion-column-wrapper fusion-column-has-shadow fusion-flex-justify-content-flex-start fusion-content-layout-column\"><div class=\"fusion-text fusion-text-4\" style=\"--awb-margin-top:20px;--awb-margin-right:10px;--awb-margin-left:10px;\"><p class=\"fusion-responsive-typography-calculated\" style=\"text-align: center;\" data-fontsize=\"22\" data-lineheight=\"35.2px\"><strong>Kaufm\u00e4nnischer Sachbearbeiter im Vetriebsinnendienst (m\/w\/d)<\/strong><\/p>\n<p style=\"text-align: center;\" data-fontsize=\"22\" data-lineheight=\"35.2px\">Teilzeit (ab 25 h \/ Woche) oder Vollzeit (40 h \/ Woche)<\/p>\n<\/div><\/div><\/div><div class=\"fusion-layout-column fusion_builder_column_inner fusion-builder-nested-column-3 fusion_builder_column_inner_1_1 1_1 fusion-flex-column\" style=\"--awb-bg-size:cover;--awb-width-large:100%;--awb-margin-top-large:0px;--awb-spacing-right-large:1.92%;--awb-margin-bottom-large:20px;--awb-spacing-left-large:1.92%;--awb-width-medium:100%;--awb-order-medium:0;--awb-spacing-right-medium:1.92%;--awb-spacing-left-medium:1.92%;--awb-width-small:100%;--awb-order-small:0;--awb-spacing-right-small:1.92%;--awb-spacing-left-small:1.92%;\"><div class=\"fusion-column-wrapper fusion-column-has-shadow fusion-flex-justify-content-flex-start fusion-content-layout-column\"><div class=\"fusion-image-element \" style=\"text-align:center;--awb-max-width:150px;--awb-caption-title-font-family:var(--h2_typography-font-family);--awb-caption-title-font-weight:var(--h2_typography-font-weight);--awb-caption-title-font-style:var(--h2_typography-font-style);--awb-caption-title-size:var(--h2_typography-font-size);--awb-caption-title-transform:var(--h2_typography-text-transform);--awb-caption-title-line-height:var(--h2_typography-line-height);--awb-caption-title-letter-spacing:var(--h2_typography-letter-spacing);\"><span class=\" fusion-imageframe imageframe-none imageframe-2 hover-type-none\"><a class=\"fusion-no-lightbox\" href=\"https:\/\/hartkorn-gewuerze.de\/unternehmen\/wp-content\/uploads\/2026\/03\/Hartkorn_Stellenausschreibung_Vertrieb_2026.pdf\" target=\"_blank\" aria-label=\"Mehr zum Job_Button\" rel=\"noopener noreferrer\"><img decoding=\"async\" width=\"400\" height=\"100\" alt=\"Mehr zum Job\" src=\"https:\/\/hartkorn-gewuerze.de\/unternehmen\/wp-content\/uploads\/2023\/05\/Mehr-zum-Job_Button.png\" data-orig-src=\"https:\/\/hartkorn-gewuerze.de\/unternehmen\/wp-content\/uploads\/2023\/05\/Mehr-zum-Job_Button.png\" class=\"lazyload img-responsive wp-image-13240\" srcset=\"data:image\/svg+xml,%3Csvg%20xmlns%3D%27http%3A%2F%2Fwww.w3.org%2F2000%2Fsvg%27%20width%3D%27400%27%20height%3D%27100%27%20viewBox%3D%270%200%20400%20100%27%3E%3Crect%20width%3D%27400%27%20height%3D%27100%27%20fill-opacity%3D%220%22%2F%3E%3C%2Fsvg%3E\" data-srcset=\"https:\/\/hartkorn-gewuerze.de\/unternehmen\/wp-content\/uploads\/2023\/05\/Mehr-zum-Job_Button-200x50.png 200w, https:\/\/hartkorn-gewuerze.de\/unternehmen\/wp-content\/uploads\/2023\/05\/Mehr-zum-Job_Button.png 400w\" data-sizes=\"auto\" data-orig-sizes=\"(max-width: 1024px) 100vw, (max-width: 640px) 100vw, 400px\" \/><\/a><\/span><\/div><\/div><\/div><\/div><\/div><\/div><\/div><\/div><div class=\"fusion-fullwidth fullwidth-box fusion-builder-row-2 has-pattern-background has-mask-background nonhundred-percent-fullwidth non-hundred-percent-height-scrolling\" style=\"--awb-background-position:left top;--awb-background-repeat:repeat-x;--awb-border-sizes-top:0px;--awb-border-sizes-bottom:0px;--awb-border-sizes-left:0px;--awb-border-sizes-right:0px;--awb-border-radius-top-left:0px;--awb-border-radius-top-right:0px;--awb-border-radius-bottom-right:0px;--awb-border-radius-bottom-left:0px;--awb-padding-top:30px;--awb-padding-bottom:0px;--awb-margin-top:0px;--awb-margin-bottom:0px;--awb-flex-wrap:wrap;\" ><div class=\"fusion-builder-row fusion-row\"><\/div><\/div>\n<div class=\"fusion-fullwidth fullwidth-box fusion-builder-row-3 fusion-flex-container has-pattern-background has-mask-background nonhundred-percent-fullwidth non-hundred-percent-height-scrolling\" style=\"--awb-border-radius-top-left:0px;--awb-border-radius-top-right:0px;--awb-border-radius-bottom-right:0px;--awb-border-radius-bottom-left:0px;--awb-flex-wrap:wrap;\" ><div class=\"fusion-builder-row fusion-row fusion-flex-align-items-flex-start fusion-flex-content-wrap\" style=\"max-width:1216.8px;margin-left: calc(-4% \/ 2 );margin-right: calc(-4% \/ 2 );\"><div class=\"fusion-layout-column fusion_builder_column fusion-builder-column-3 fusion_builder_column_1_1 1_1 fusion-flex-column\" style=\"--awb-bg-size:cover;--awb-width-large:100%;--awb-margin-top-large:0px;--awb-spacing-right-large:1.92%;--awb-margin-bottom-large:20px;--awb-spacing-left-large:1.92%;--awb-width-medium:100%;--awb-order-medium:0;--awb-spacing-right-medium:1.92%;--awb-spacing-left-medium:1.92%;--awb-width-small:100%;--awb-order-small:0;--awb-spacing-right-small:1.92%;--awb-spacing-left-small:1.92%;\"><div class=\"fusion-column-wrapper fusion-column-has-shadow fusion-flex-justify-content-flex-start fusion-content-layout-column\"><a class=\"fusion-modal-text-link\" href=\"#\"><script type=\"application\/ld+json\">\n{\n  \"@context\": \"https:\/\/schema.org\/\",\n  \"@type\": \"JobPosting\",\n  \"title\": \"E-Commerce Manager (m\/w\/d)\",\n  \"description\": \"F\u00fcr die technische Betreuung, kontinuierliche Weiterentwicklung und Optimierung der operativen Prozesse im Bereich E-Commerce suchen wir als Unterst\u00fctzung f\u00fcr unser junges, engagiertes Team ab sofort einen E-Commerce Manager.\nSie erwartet in einem wachsenden Unternehmen ein interessantes und abwechslungsreiches Aufgabenspektrum in einem kleinen E-Commerce Team.\",\n  \"hiringOrganization\" : {\n    \"@type\": \"Organization\",\n    \"name\": \"Hartkorn Gew\u00fcrzm\u00fchle GmbH\",\n    \"sameAs\": \"https:\/\/hartkorn-gewuerze.de\/unternehmen\/stellenangebote-zentrale-und-verwaltung\/?utm_source=Unternehmen&utm_medium=karriere&utm_campaign=button-karriere-zentrale-verwaltung\",\n    \"logo\": \"https:\/\/hartkorn-gewuerze.de\/img\/hartkorn-gewurze-onlineshop-logo-1592573723.jpg\"\n  },\n  \"industry\": \"Lebensmittel\",\n  \"employmentType\": \"OTHER\",\n  \"datePosted\": \"2023-10-02\",\n  \"validThrough\": \"\",\n  \"jobLocation\": {\n    \"@type\": \"Place\",\n    \"address\": {\n      \"@type\": \"PostalAddress\",\n      \"streetAddress\": \"Carl-Benz-Stra\u00dfe 13\",\n      \"addressLocality\": \"M\u00fclheim-K\u00e4rlich\",\n      \"postalCode\": \"56218\",\n      \"addressCountry\": \"DE\"\n    }\n  },\n  \"skills\": \"Onlineshop Strukturen, HTML, CSS, ERP, WordPress, Prestashop\",\n  \"qualifications\": \"E-Commerce\"\n}\n<\/script><\/a><\/div><\/div><\/div><\/div><\/p>\n","protected":false},"excerpt":{"rendered":"","protected":false},"author":1,"featured_media":0,"parent":0,"menu_order":0,"comment_status":"closed","ping_status":"closed","template":"100-width.php","meta":{"footnotes":""},"class_list":["post-3353","page","type-page","status-publish","hentry"],"yoast_head":"<!-- This site is optimized with the Yoast SEO plugin v27.3 - https:\/\/yoast.com\/product\/yoast-seo-wordpress\/ -->\n<title>Stellenangebote Zentrale und Verwaltung - Hartkorn Gew\u00fcrze<\/title>\n<meta name=\"description\" content=\"Ein Job in der Verwaltung ist dein Traum? Dann findest du unter den folgenden Stellenausschreibungen vielleicht etwas f\u00fcr dich!\" \/>\n<meta name=\"robots\" content=\"index, follow, max-snippet:-1, max-image-preview:large, max-video-preview:-1\" \/>\n<link rel=\"canonical\" href=\"https:\/\/hartkorn-gewuerze.de\/unternehmen\/stellenangebote-zentrale-und-verwaltung\/\" \/>\n<meta property=\"og:locale\" content=\"de_DE\" \/>\n<meta property=\"og:type\" content=\"article\" \/>\n<meta property=\"og:title\" content=\"Stellenangebote Zentrale und Verwaltung - Hartkorn Gew\u00fcrze\" \/>\n<meta property=\"og:description\" content=\"Ein Job in der Verwaltung ist dein Traum? Dann findest du unter den folgenden Stellenausschreibungen vielleicht etwas f\u00fcr dich!\" \/>\n<meta property=\"og:url\" content=\"https:\/\/hartkorn-gewuerze.de\/unternehmen\/stellenangebote-zentrale-und-verwaltung\/\" \/>\n<meta property=\"og:site_name\" content=\"Hartkorn Gew\u00fcrze\" \/>\n<meta property=\"article:publisher\" content=\"https:\/\/de-de.facebook.com\/hartkorngewuerze\/\" \/>\n<meta property=\"article:modified_time\" content=\"2026-03-09T10:59:24+00:00\" \/>\n<meta name=\"twitter:card\" content=\"summary_large_image\" \/>\n<meta name=\"twitter:label1\" content=\"Gesch\u00e4tzte Lesezeit\" \/>\n\t<meta name=\"twitter:data1\" content=\"1\u00a0Minute\" \/>\n<script type=\"application\/ld+json\" class=\"yoast-schema-graph\">{\"@context\":\"https:\\\/\\\/schema.org\",\"@graph\":[{\"@type\":\"WebPage\",\"@id\":\"https:\\\/\\\/hartkorn-gewuerze.de\\\/unternehmen\\\/stellenangebote-zentrale-und-verwaltung\\\/\",\"url\":\"https:\\\/\\\/hartkorn-gewuerze.de\\\/unternehmen\\\/stellenangebote-zentrale-und-verwaltung\\\/\",\"name\":\"Stellenangebote Zentrale und Verwaltung - Hartkorn Gew\u00fcrze\",\"isPartOf\":{\"@id\":\"https:\\\/\\\/hartkorn-gewuerze.de\\\/unternehmen\\\/#website\"},\"datePublished\":\"2020-03-27T15:34:27+00:00\",\"dateModified\":\"2026-03-09T10:59:24+00:00\",\"description\":\"Ein Job in der Verwaltung ist dein Traum? Dann findest du unter den folgenden Stellenausschreibungen vielleicht etwas f\u00fcr dich!\",\"breadcrumb\":{\"@id\":\"https:\\\/\\\/hartkorn-gewuerze.de\\\/unternehmen\\\/stellenangebote-zentrale-und-verwaltung\\\/#breadcrumb\"},\"inLanguage\":\"de\",\"potentialAction\":[{\"@type\":\"ReadAction\",\"target\":[\"https:\\\/\\\/hartkorn-gewuerze.de\\\/unternehmen\\\/stellenangebote-zentrale-und-verwaltung\\\/\"]}]},{\"@type\":\"BreadcrumbList\",\"@id\":\"https:\\\/\\\/hartkorn-gewuerze.de\\\/unternehmen\\\/stellenangebote-zentrale-und-verwaltung\\\/#breadcrumb\",\"itemListElement\":[{\"@type\":\"ListItem\",\"position\":1,\"name\":\"Startseite\",\"item\":\"https:\\\/\\\/hartkorn-gewuerze.de\\\/unternehmen\\\/\"},{\"@type\":\"ListItem\",\"position\":2,\"name\":\"Stellenangebote Zentrale und Verwaltung\"}]},{\"@type\":\"WebSite\",\"@id\":\"https:\\\/\\\/hartkorn-gewuerze.de\\\/unternehmen\\\/#website\",\"url\":\"https:\\\/\\\/hartkorn-gewuerze.de\\\/unternehmen\\\/\",\"name\":\"Hartkorn Gew\u00fcrze\",\"description\":\"Hartkorn Gew\u00fcrze Unternehmensseite\",\"publisher\":{\"@id\":\"https:\\\/\\\/hartkorn-gewuerze.de\\\/unternehmen\\\/#organization\"},\"potentialAction\":[{\"@type\":\"SearchAction\",\"target\":{\"@type\":\"EntryPoint\",\"urlTemplate\":\"https:\\\/\\\/hartkorn-gewuerze.de\\\/unternehmen\\\/?s={search_term_string}\"},\"query-input\":{\"@type\":\"PropertyValueSpecification\",\"valueRequired\":true,\"valueName\":\"search_term_string\"}}],\"inLanguage\":\"de\"},{\"@type\":\"Organization\",\"@id\":\"https:\\\/\\\/hartkorn-gewuerze.de\\\/unternehmen\\\/#organization\",\"name\":\"Hartkorn Gew\u00fcrzm\u00fchle GmbH\",\"url\":\"https:\\\/\\\/hartkorn-gewuerze.de\\\/unternehmen\\\/\",\"logo\":{\"@type\":\"ImageObject\",\"inLanguage\":\"de\",\"@id\":\"https:\\\/\\\/hartkorn-gewuerze.de\\\/unternehmen\\\/#\\\/schema\\\/logo\\\/image\\\/\",\"url\":\"https:\\\/\\\/hartkorn-gewuerze.de\\\/unternehmen\\\/wp-content\\\/uploads\\\/2020\\\/07\\\/cropped-Logo-hartkorn-144x144-1.png\",\"contentUrl\":\"https:\\\/\\\/hartkorn-gewuerze.de\\\/unternehmen\\\/wp-content\\\/uploads\\\/2020\\\/07\\\/cropped-Logo-hartkorn-144x144-1.png\",\"width\":512,\"height\":512,\"caption\":\"Hartkorn Gew\u00fcrzm\u00fchle GmbH\"},\"image\":{\"@id\":\"https:\\\/\\\/hartkorn-gewuerze.de\\\/unternehmen\\\/#\\\/schema\\\/logo\\\/image\\\/\"},\"sameAs\":[\"https:\\\/\\\/de-de.facebook.com\\\/hartkorngewuerze\\\/\",\"https:\\\/\\\/www.tiktok.com\\\/@hartkorngewuerze\",\"https:\\\/\\\/www.instagram.com\\\/hartkorngewuerze\\\/\"]}]}<\/script>\n<!-- \/ Yoast SEO plugin. -->","yoast_head_json":{"title":"Stellenangebote Zentrale und Verwaltung - Hartkorn Gew\u00fcrze","description":"Ein Job in der Verwaltung ist dein Traum? Dann findest du unter den folgenden Stellenausschreibungen vielleicht etwas f\u00fcr dich!","robots":{"index":"index","follow":"follow","max-snippet":"max-snippet:-1","max-image-preview":"max-image-preview:large","max-video-preview":"max-video-preview:-1"},"canonical":"https:\/\/hartkorn-gewuerze.de\/unternehmen\/stellenangebote-zentrale-und-verwaltung\/","og_locale":"de_DE","og_type":"article","og_title":"Stellenangebote Zentrale und Verwaltung - Hartkorn Gew\u00fcrze","og_description":"Ein Job in der Verwaltung ist dein Traum? Dann findest du unter den folgenden Stellenausschreibungen vielleicht etwas f\u00fcr dich!","og_url":"https:\/\/hartkorn-gewuerze.de\/unternehmen\/stellenangebote-zentrale-und-verwaltung\/","og_site_name":"Hartkorn Gew\u00fcrze","article_publisher":"https:\/\/de-de.facebook.com\/hartkorngewuerze\/","article_modified_time":"2026-03-09T10:59:24+00:00","twitter_card":"summary_large_image","twitter_misc":{"Gesch\u00e4tzte Lesezeit":"1\u00a0Minute"},"schema":{"@context":"https:\/\/schema.org","@graph":[{"@type":"WebPage","@id":"https:\/\/hartkorn-gewuerze.de\/unternehmen\/stellenangebote-zentrale-und-verwaltung\/","url":"https:\/\/hartkorn-gewuerze.de\/unternehmen\/stellenangebote-zentrale-und-verwaltung\/","name":"Stellenangebote Zentrale und Verwaltung - Hartkorn Gew\u00fcrze","isPartOf":{"@id":"https:\/\/hartkorn-gewuerze.de\/unternehmen\/#website"},"datePublished":"2020-03-27T15:34:27+00:00","dateModified":"2026-03-09T10:59:24+00:00","description":"Ein Job in der Verwaltung ist dein Traum? Dann findest du unter den folgenden Stellenausschreibungen vielleicht etwas f\u00fcr dich!","breadcrumb":{"@id":"https:\/\/hartkorn-gewuerze.de\/unternehmen\/stellenangebote-zentrale-und-verwaltung\/#breadcrumb"},"inLanguage":"de","potentialAction":[{"@type":"ReadAction","target":["https:\/\/hartkorn-gewuerze.de\/unternehmen\/stellenangebote-zentrale-und-verwaltung\/"]}]},{"@type":"BreadcrumbList","@id":"https:\/\/hartkorn-gewuerze.de\/unternehmen\/stellenangebote-zentrale-und-verwaltung\/#breadcrumb","itemListElement":[{"@type":"ListItem","position":1,"name":"Startseite","item":"https:\/\/hartkorn-gewuerze.de\/unternehmen\/"},{"@type":"ListItem","position":2,"name":"Stellenangebote Zentrale und Verwaltung"}]},{"@type":"WebSite","@id":"https:\/\/hartkorn-gewuerze.de\/unternehmen\/#website","url":"https:\/\/hartkorn-gewuerze.de\/unternehmen\/","name":"Hartkorn Gew\u00fcrze","description":"Hartkorn Gew\u00fcrze Unternehmensseite","publisher":{"@id":"https:\/\/hartkorn-gewuerze.de\/unternehmen\/#organization"},"potentialAction":[{"@type":"SearchAction","target":{"@type":"EntryPoint","urlTemplate":"https:\/\/hartkorn-gewuerze.de\/unternehmen\/?s={search_term_string}"},"query-input":{"@type":"PropertyValueSpecification","valueRequired":true,"valueName":"search_term_string"}}],"inLanguage":"de"},{"@type":"Organization","@id":"https:\/\/hartkorn-gewuerze.de\/unternehmen\/#organization","name":"Hartkorn Gew\u00fcrzm\u00fchle GmbH","url":"https:\/\/hartkorn-gewuerze.de\/unternehmen\/","logo":{"@type":"ImageObject","inLanguage":"de","@id":"https:\/\/hartkorn-gewuerze.de\/unternehmen\/#\/schema\/logo\/image\/","url":"https:\/\/hartkorn-gewuerze.de\/unternehmen\/wp-content\/uploads\/2020\/07\/cropped-Logo-hartkorn-144x144-1.png","contentUrl":"https:\/\/hartkorn-gewuerze.de\/unternehmen\/wp-content\/uploads\/2020\/07\/cropped-Logo-hartkorn-144x144-1.png","width":512,"height":512,"caption":"Hartkorn Gew\u00fcrzm\u00fchle GmbH"},"image":{"@id":"https:\/\/hartkorn-gewuerze.de\/unternehmen\/#\/schema\/logo\/image\/"},"sameAs":["https:\/\/de-de.facebook.com\/hartkorngewuerze\/","https:\/\/www.tiktok.com\/@hartkorngewuerze","https:\/\/www.instagram.com\/hartkorngewuerze\/"]}]}},"_links":{"self":[{"href":"https:\/\/hartkorn-gewuerze.de\/unternehmen\/wp-json\/wp\/v2\/pages\/3353","targetHints":{"allow":["GET"]}}],"collection":[{"href":"https:\/\/hartkorn-gewuerze.de\/unternehmen\/wp-json\/wp\/v2\/pages"}],"about":[{"href":"https:\/\/hartkorn-gewuerze.de\/unternehmen\/wp-json\/wp\/v2\/types\/page"}],"author":[{"embeddable":true,"href":"https:\/\/hartkorn-gewuerze.de\/unternehmen\/wp-json\/wp\/v2\/users\/1"}],"replies":[{"embeddable":true,"href":"https:\/\/hartkorn-gewuerze.de\/unternehmen\/wp-json\/wp\/v2\/comments?post=3353"}],"version-history":[{"count":169,"href":"https:\/\/hartkorn-gewuerze.de\/unternehmen\/wp-json\/wp\/v2\/pages\/3353\/revisions"}],"predecessor-version":[{"id":20557,"href":"https:\/\/hartkorn-gewuerze.de\/unternehmen\/wp-json\/wp\/v2\/pages\/3353\/revisions\/20557"}],"wp:attachment":[{"href":"https:\/\/hartkorn-gewuerze.de\/unternehmen\/wp-json\/wp\/v2\/media?parent=3353"}],"curies":[{"name":"wp","href":"https:\/\/api.w.org\/{rel}","templated":true}]}}