{"id":16733,"date":"2025-06-26T15:01:00","date_gmt":"2025-06-26T13:01:00","guid":{"rendered":"https:\/\/hartkorn-gewuerze.de\/unternehmen\/?page_id=16733"},"modified":"2025-06-27T09:44:15","modified_gmt":"2025-06-27T07:44:15","slug":"barrierefreiheitserklaerung","status":"publish","type":"page","link":"https:\/\/hartkorn-gewuerze.de\/unternehmen\/barrierefreiheitserklaerung\/","title":{"rendered":"Barierefreiheitserkl\u00e4rung"},"content":{"rendered":"<p><strong>Erkl\u00e4rung zur Barrierefreiheit<\/strong><\/p>\n<p>Die Hartkorn Gew\u00fcrzm\u00fchle GmbH ist bestrebt, unsere Website www.hartkorn-gewuerze.de so zu gestalten, dass sie den geltenden gesetzlichen Vorgaben zur Barrierefreiheit entspricht \u2013 insbesondere im Sinne der Richtlinie (EU) 2016\/2102 des Europ\u00e4ischen Parlaments und des Rates.<\/p>\n<p>Diese Erkl\u00e4rung zur Barrierefreiheit bezieht sich auf die Website www.hartkorn-gewuerze.de.<\/p>\n<p>&nbsp;<\/p>\n<p><strong>Stand der Barrierefreiheit<\/strong><\/p>\n<p>Diese Erkl\u00e4rung wurde zuletzt am 26.06.2025 aktualisiert.<\/p>\n<p>Nach aktuellem Stand erf\u00fcllt unsere Website die Anforderungen an die Barrierefreiheit teilweise.<\/p>\n<p>&nbsp;<\/p>\n<p><strong>Noch bestehende Barrieren<\/strong><\/p>\n<p>Trotz aller Bem\u00fchungen bestehen derzeit folgende Einschr\u00e4nkungen:<\/p>\n<ul>\n<li>Semantische Struktur (z.\u202fB. korrekte \u00dcberschriftenhierarchie, Landmark-Rollen)<\/li>\n<li>Kontraste und Lesbarkeit<\/li>\n<li>Tastaturbedienbarkeit<\/li>\n<li>Formular-Labels und interaktive Elemente<\/li>\n<li>Screenreader-Kompatibilit\u00e4t<\/li>\n<li>Leichte Sprache \/ Geb\u00e4rdensprache<\/li>\n<li>Erreichbarkeit von Barrierefreiheitsfunktionen (z.\u202fB. Plugins)<\/li>\n<\/ul>\n<p>Die Umsetzung entsprechender Verbesserungen ist bereits geplant.<\/p>\n<p>&nbsp;<\/p>\n<p><strong>R\u00fcckmeldung und Kontakt<\/strong><\/p>\n<p>Wenn Sie auf Barrieren sto\u00dfen oder Hinweise zur Verbesserung der Barrierefreiheit haben, freuen wir uns \u00fcber Ihre Nachricht:<\/p>\n<p>Hartkorn Gew\u00fcrzm\u00fchle GmbH<\/p>\n<p>Carl-Benz-Stra\u00dfe 13<\/p>\n<p>56218 M\u00fclheim-K\u00e4rlich<\/p>\n<p>E-Mail: kundenservice@hartkorn-gewuerze.de<\/p>\n<p>&nbsp;<\/p>\n<p><strong>Schlichtungsverfahren<\/strong><\/p>\n<p>Sollten Sie mit unserer R\u00fcckmeldung nicht zufrieden sein oder keine Antwort erhalten, k\u00f6nnen Sie sich an die Schlichtungsstelle nach dem Behindertengleichstellungsgesetz wenden. Diese vermittelt bei Konflikten zum barrierefreien Zugang von Websites:<\/p>\n<p>www.schlichtungsstelle-bgg.de<\/p>\n<p>Wenn Ihre Kontaktaufnahme nicht erfolgreich war, k\u00f6nnen Sie sich an den Landesbeauftragten f\u00fcr digitale Barrierefreiheit wenden. Der Landesbeauftragte pr\u00fcft, ob die Vorschriften eingehalten wurden.<\/p>\n<p>Er ist unter der E-Mail-Adresse durchsetzungsstelle@msagd.rlp.de und der Telefonnummer 06131 16 5342 erreichbar.<\/p>\n","protected":false},"excerpt":{"rendered":"<p>Erkl\u00e4rung zur Barrierefreiheit Die Hartkorn Gew\u00fcrzm\u00fchle GmbH ist bestrebt, unsere Website www.hartkorn-gewuerze.de so zu gestalten, dass sie den geltenden gesetzlichen Vorgaben zur Barrierefreiheit entspricht \u2013 insbesondere im Sinne der Richtlinie (EU) 2016\/2102 des Europ\u00e4ischen Parlaments und des Rates. Diese Erkl\u00e4rung zur Barrierefreiheit bezieht sich auf die Website www.hartkorn-gewuerze.de. &nbsp; Stand der Barrierefreiheit Diese Erkl\u00e4rung wurde<\/p>\n","protected":false},"author":13,"featured_media":0,"parent":0,"menu_order":0,"comment_status":"closed","ping_status":"closed","template":"100-width.php","meta":{"footnotes":""},"class_list":["post-16733","page","type-page","status-publish","hentry"],"yoast_head":"<!-- This site is optimized with the Yoast SEO plugin v27.3 - https:\/\/yoast.com\/product\/yoast-seo-wordpress\/ -->\n<title>Barierefreiheitserkl\u00e4rung - Hartkorn Gew\u00fcrze<\/title>\n<meta name=\"description\" content=\"Lesen sie hier die Barrierefreiheitserkl\u00e4rung der Hartkorn Gew\u00fcrzm\u00fchle GmbH aus M\u00fclheim-K\u00e4rlich. Gew\u00fcrze und Kr\u00e4uter seit 1920.\" \/>\n<meta name=\"robots\" content=\"index, follow, max-snippet:-1, max-image-preview:large, max-video-preview:-1\" \/>\n<link rel=\"canonical\" href=\"https:\/\/hartkorn-gewuerze.de\/unternehmen\/barrierefreiheitserklaerung\/\" \/>\n<meta property=\"og:locale\" content=\"de_DE\" \/>\n<meta property=\"og:type\" content=\"article\" \/>\n<meta property=\"og:title\" content=\"Barierefreiheitserkl\u00e4rung - Hartkorn Gew\u00fcrze\" \/>\n<meta property=\"og:description\" content=\"Lesen sie hier die Barrierefreiheitserkl\u00e4rung der Hartkorn Gew\u00fcrzm\u00fchle GmbH aus M\u00fclheim-K\u00e4rlich. Gew\u00fcrze und Kr\u00e4uter seit 1920.\" \/>\n<meta property=\"og:url\" content=\"https:\/\/hartkorn-gewuerze.de\/unternehmen\/barrierefreiheitserklaerung\/\" \/>\n<meta property=\"og:site_name\" content=\"Hartkorn Gew\u00fcrze\" \/>\n<meta property=\"article:publisher\" content=\"https:\/\/de-de.facebook.com\/hartkorngewuerze\/\" \/>\n<meta property=\"article:modified_time\" content=\"2025-06-27T07:44:15+00:00\" \/>\n<meta name=\"twitter:card\" content=\"summary_large_image\" \/>\n<meta name=\"twitter:label1\" content=\"Gesch\u00e4tzte Lesezeit\" \/>\n\t<meta name=\"twitter:data1\" content=\"2\u00a0Minuten\" \/>\n<script type=\"application\/ld+json\" class=\"yoast-schema-graph\">{\"@context\":\"https:\\\/\\\/schema.org\",\"@graph\":[{\"@type\":\"WebPage\",\"@id\":\"https:\\\/\\\/hartkorn-gewuerze.de\\\/unternehmen\\\/barrierefreiheitserklaerung\\\/\",\"url\":\"https:\\\/\\\/hartkorn-gewuerze.de\\\/unternehmen\\\/barrierefreiheitserklaerung\\\/\",\"name\":\"Barierefreiheitserkl\u00e4rung - Hartkorn Gew\u00fcrze\",\"isPartOf\":{\"@id\":\"https:\\\/\\\/hartkorn-gewuerze.de\\\/unternehmen\\\/#website\"},\"datePublished\":\"2025-06-26T13:01:00+00:00\",\"dateModified\":\"2025-06-27T07:44:15+00:00\",\"description\":\"Lesen sie hier die Barrierefreiheitserkl\u00e4rung der Hartkorn Gew\u00fcrzm\u00fchle GmbH aus M\u00fclheim-K\u00e4rlich. Gew\u00fcrze und Kr\u00e4uter seit 1920.\",\"breadcrumb\":{\"@id\":\"https:\\\/\\\/hartkorn-gewuerze.de\\\/unternehmen\\\/barrierefreiheitserklaerung\\\/#breadcrumb\"},\"inLanguage\":\"de\",\"potentialAction\":[{\"@type\":\"ReadAction\",\"target\":[\"https:\\\/\\\/hartkorn-gewuerze.de\\\/unternehmen\\\/barrierefreiheitserklaerung\\\/\"]}]},{\"@type\":\"BreadcrumbList\",\"@id\":\"https:\\\/\\\/hartkorn-gewuerze.de\\\/unternehmen\\\/barrierefreiheitserklaerung\\\/#breadcrumb\",\"itemListElement\":[{\"@type\":\"ListItem\",\"position\":1,\"name\":\"Startseite\",\"item\":\"https:\\\/\\\/hartkorn-gewuerze.de\\\/unternehmen\\\/\"},{\"@type\":\"ListItem\",\"position\":2,\"name\":\"Barierefreiheitserkl\u00e4rung\"}]},{\"@type\":\"WebSite\",\"@id\":\"https:\\\/\\\/hartkorn-gewuerze.de\\\/unternehmen\\\/#website\",\"url\":\"https:\\\/\\\/hartkorn-gewuerze.de\\\/unternehmen\\\/\",\"name\":\"Hartkorn Gew\u00fcrze\",\"description\":\"Hartkorn Gew\u00fcrze Unternehmensseite\",\"publisher\":{\"@id\":\"https:\\\/\\\/hartkorn-gewuerze.de\\\/unternehmen\\\/#organization\"},\"potentialAction\":[{\"@type\":\"SearchAction\",\"target\":{\"@type\":\"EntryPoint\",\"urlTemplate\":\"https:\\\/\\\/hartkorn-gewuerze.de\\\/unternehmen\\\/?s={search_term_string}\"},\"query-input\":{\"@type\":\"PropertyValueSpecification\",\"valueRequired\":true,\"valueName\":\"search_term_string\"}}],\"inLanguage\":\"de\"},{\"@type\":\"Organization\",\"@id\":\"https:\\\/\\\/hartkorn-gewuerze.de\\\/unternehmen\\\/#organization\",\"name\":\"Hartkorn Gew\u00fcrzm\u00fchle GmbH\",\"url\":\"https:\\\/\\\/hartkorn-gewuerze.de\\\/unternehmen\\\/\",\"logo\":{\"@type\":\"ImageObject\",\"inLanguage\":\"de\",\"@id\":\"https:\\\/\\\/hartkorn-gewuerze.de\\\/unternehmen\\\/#\\\/schema\\\/logo\\\/image\\\/\",\"url\":\"https:\\\/\\\/hartkorn-gewuerze.de\\\/unternehmen\\\/wp-content\\\/uploads\\\/2020\\\/07\\\/cropped-Logo-hartkorn-144x144-1.png\",\"contentUrl\":\"https:\\\/\\\/hartkorn-gewuerze.de\\\/unternehmen\\\/wp-content\\\/uploads\\\/2020\\\/07\\\/cropped-Logo-hartkorn-144x144-1.png\",\"width\":512,\"height\":512,\"caption\":\"Hartkorn Gew\u00fcrzm\u00fchle GmbH\"},\"image\":{\"@id\":\"https:\\\/\\\/hartkorn-gewuerze.de\\\/unternehmen\\\/#\\\/schema\\\/logo\\\/image\\\/\"},\"sameAs\":[\"https:\\\/\\\/de-de.facebook.com\\\/hartkorngewuerze\\\/\",\"https:\\\/\\\/www.tiktok.com\\\/@hartkorngewuerze\",\"https:\\\/\\\/www.instagram.com\\\/hartkorngewuerze\\\/\"]}]}<\/script>\n<!-- \/ Yoast SEO plugin. -->","yoast_head_json":{"title":"Barierefreiheitserkl\u00e4rung - Hartkorn Gew\u00fcrze","description":"Lesen sie hier die Barrierefreiheitserkl\u00e4rung der Hartkorn Gew\u00fcrzm\u00fchle GmbH aus M\u00fclheim-K\u00e4rlich. Gew\u00fcrze und Kr\u00e4uter seit 1920.","robots":{"index":"index","follow":"follow","max-snippet":"max-snippet:-1","max-image-preview":"max-image-preview:large","max-video-preview":"max-video-preview:-1"},"canonical":"https:\/\/hartkorn-gewuerze.de\/unternehmen\/barrierefreiheitserklaerung\/","og_locale":"de_DE","og_type":"article","og_title":"Barierefreiheitserkl\u00e4rung - Hartkorn Gew\u00fcrze","og_description":"Lesen sie hier die Barrierefreiheitserkl\u00e4rung der Hartkorn Gew\u00fcrzm\u00fchle GmbH aus M\u00fclheim-K\u00e4rlich. Gew\u00fcrze und Kr\u00e4uter seit 1920.","og_url":"https:\/\/hartkorn-gewuerze.de\/unternehmen\/barrierefreiheitserklaerung\/","og_site_name":"Hartkorn Gew\u00fcrze","article_publisher":"https:\/\/de-de.facebook.com\/hartkorngewuerze\/","article_modified_time":"2025-06-27T07:44:15+00:00","twitter_card":"summary_large_image","twitter_misc":{"Gesch\u00e4tzte Lesezeit":"2\u00a0Minuten"},"schema":{"@context":"https:\/\/schema.org","@graph":[{"@type":"WebPage","@id":"https:\/\/hartkorn-gewuerze.de\/unternehmen\/barrierefreiheitserklaerung\/","url":"https:\/\/hartkorn-gewuerze.de\/unternehmen\/barrierefreiheitserklaerung\/","name":"Barierefreiheitserkl\u00e4rung - Hartkorn Gew\u00fcrze","isPartOf":{"@id":"https:\/\/hartkorn-gewuerze.de\/unternehmen\/#website"},"datePublished":"2025-06-26T13:01:00+00:00","dateModified":"2025-06-27T07:44:15+00:00","description":"Lesen sie hier die Barrierefreiheitserkl\u00e4rung der Hartkorn Gew\u00fcrzm\u00fchle GmbH aus M\u00fclheim-K\u00e4rlich. Gew\u00fcrze und Kr\u00e4uter seit 1920.","breadcrumb":{"@id":"https:\/\/hartkorn-gewuerze.de\/unternehmen\/barrierefreiheitserklaerung\/#breadcrumb"},"inLanguage":"de","potentialAction":[{"@type":"ReadAction","target":["https:\/\/hartkorn-gewuerze.de\/unternehmen\/barrierefreiheitserklaerung\/"]}]},{"@type":"BreadcrumbList","@id":"https:\/\/hartkorn-gewuerze.de\/unternehmen\/barrierefreiheitserklaerung\/#breadcrumb","itemListElement":[{"@type":"ListItem","position":1,"name":"Startseite","item":"https:\/\/hartkorn-gewuerze.de\/unternehmen\/"},{"@type":"ListItem","position":2,"name":"Barierefreiheitserkl\u00e4rung"}]},{"@type":"WebSite","@id":"https:\/\/hartkorn-gewuerze.de\/unternehmen\/#website","url":"https:\/\/hartkorn-gewuerze.de\/unternehmen\/","name":"Hartkorn Gew\u00fcrze","description":"Hartkorn Gew\u00fcrze Unternehmensseite","publisher":{"@id":"https:\/\/hartkorn-gewuerze.de\/unternehmen\/#organization"},"potentialAction":[{"@type":"SearchAction","target":{"@type":"EntryPoint","urlTemplate":"https:\/\/hartkorn-gewuerze.de\/unternehmen\/?s={search_term_string}"},"query-input":{"@type":"PropertyValueSpecification","valueRequired":true,"valueName":"search_term_string"}}],"inLanguage":"de"},{"@type":"Organization","@id":"https:\/\/hartkorn-gewuerze.de\/unternehmen\/#organization","name":"Hartkorn Gew\u00fcrzm\u00fchle GmbH","url":"https:\/\/hartkorn-gewuerze.de\/unternehmen\/","logo":{"@type":"ImageObject","inLanguage":"de","@id":"https:\/\/hartkorn-gewuerze.de\/unternehmen\/#\/schema\/logo\/image\/","url":"https:\/\/hartkorn-gewuerze.de\/unternehmen\/wp-content\/uploads\/2020\/07\/cropped-Logo-hartkorn-144x144-1.png","contentUrl":"https:\/\/hartkorn-gewuerze.de\/unternehmen\/wp-content\/uploads\/2020\/07\/cropped-Logo-hartkorn-144x144-1.png","width":512,"height":512,"caption":"Hartkorn Gew\u00fcrzm\u00fchle GmbH"},"image":{"@id":"https:\/\/hartkorn-gewuerze.de\/unternehmen\/#\/schema\/logo\/image\/"},"sameAs":["https:\/\/de-de.facebook.com\/hartkorngewuerze\/","https:\/\/www.tiktok.com\/@hartkorngewuerze","https:\/\/www.instagram.com\/hartkorngewuerze\/"]}]}},"_links":{"self":[{"href":"https:\/\/hartkorn-gewuerze.de\/unternehmen\/wp-json\/wp\/v2\/pages\/16733","targetHints":{"allow":["GET"]}}],"collection":[{"href":"https:\/\/hartkorn-gewuerze.de\/unternehmen\/wp-json\/wp\/v2\/pages"}],"about":[{"href":"https:\/\/hartkorn-gewuerze.de\/unternehmen\/wp-json\/wp\/v2\/types\/page"}],"author":[{"embeddable":true,"href":"https:\/\/hartkorn-gewuerze.de\/unternehmen\/wp-json\/wp\/v2\/users\/13"}],"replies":[{"embeddable":true,"href":"https:\/\/hartkorn-gewuerze.de\/unternehmen\/wp-json\/wp\/v2\/comments?post=16733"}],"version-history":[{"count":6,"href":"https:\/\/hartkorn-gewuerze.de\/unternehmen\/wp-json\/wp\/v2\/pages\/16733\/revisions"}],"predecessor-version":[{"id":16750,"href":"https:\/\/hartkorn-gewuerze.de\/unternehmen\/wp-json\/wp\/v2\/pages\/16733\/revisions\/16750"}],"wp:attachment":[{"href":"https:\/\/hartkorn-gewuerze.de\/unternehmen\/wp-json\/wp\/v2\/media?parent=16733"}],"curies":[{"name":"wp","href":"https:\/\/api.w.org\/{rel}","templated":true}]}}