{"id":13501,"date":"2023-06-12T13:01:59","date_gmt":"2023-06-12T11:01:59","guid":{"rendered":"https:\/\/hartkorn-gewuerze.de\/unternehmen\/?page_id=13501"},"modified":"2023-07-14T09:53:09","modified_gmt":"2023-07-14T07:53:09","slug":"red-cap-spendenaktion-2023","status":"publish","type":"page","link":"https:\/\/hartkorn-gewuerze.de\/unternehmen\/red-cap-spendenaktion-2023\/","title":{"rendered":"RED CAP-Spendenaktion 2023"},"content":{"rendered":"<div class=\"fusion-fullwidth fullwidth-box fusion-builder-row-1 nonhundred-percent-fullwidth non-hundred-percent-height-scrolling\" style=\"--awb-background-position:right bottom;--awb-border-radius-top-left:0px;--awb-border-radius-top-right:0px;--awb-border-radius-bottom-right:0px;--awb-border-radius-bottom-left:0px;--awb-flex-wrap:wrap;\" ><div class=\"fusion-builder-row fusion-row\"><div class=\"fusion-layout-column fusion_builder_column fusion-builder-column-0 fusion_builder_column_1_1 1_1 fusion-one-full fusion-column-first fusion-column-last\" style=\"--awb-bg-size:cover;\"><div class=\"fusion-column-wrapper fusion-column-has-shadow fusion-flex-column-wrapper-legacy\"><div class=\"fusion-title title fusion-title-1 fusion-sep-none fusion-title-text fusion-title-size-two\" style=\"--awb-margin-top-small:10px;--awb-margin-right-small:0px;--awb-margin-bottom-small:10px;--awb-margin-left-small:0px;\"><h2 class=\"fusion-title-heading title-heading-left fusion-responsive-typography-calculated\" style=\"margin:0;--fontSize:25;--minFontSize:25;line-height:1.2;\"><strong><span class=\"TextRun SCXW44646886 BCX9\" lang=\"DE-DE\" xml:lang=\"DE-DE\" data-contrast=\"auto\"><span class=\"NormalTextRun SCXW44646886 BCX9\">So unterst\u00fctzt du mit RED CAP die Betroffenen der Erdbebenkatastrophe in Syrien<\/span><\/span><\/strong><\/h2><\/div><div class=\"fusion-text fusion-text-1\" style=\"--awb-text-transform:none;\"><p><span class=\"TextRun SCXW137476071 BCX9\" lang=\"DE-DE\" xml:lang=\"DE-DE\" data-contrast=\"auto\"><span class=\"NormalTextRun SCXW137476071 BCX9\">Die<\/span><span class=\"NormalTextRun SCXW137476071 BCX9\"> RED CAP-Spendenaktion steht auch in diesem Jahr wieder unter dem Motto \u201eDu w\u00fcrzt, wir spenden\". Auf diese Weise wollen wir mit deiner Hilfe <\/span><span class=\"NormalTextRun SCXW137476071 BCX9\">Menschen in Not unterst\u00fctzen.\u00a0<\/span><\/span><span class=\"EOP SCXW137476071 BCX9\" data-ccp-props=\"\">\u00a0<\/span><\/p>\n<\/div><div class=\"fusion-clearfix\"><\/div><\/div><\/div><div class=\"fusion-layout-column fusion_builder_column fusion-builder-column-1 fusion_builder_column_1_1 1_1 fusion-one-full fusion-column-first fusion-column-last\" style=\"--awb-bg-size:cover;\"><div class=\"fusion-column-wrapper fusion-column-has-shadow fusion-flex-column-wrapper-legacy\"><div class=\"fusion-title title fusion-title-2 fusion-sep-none fusion-title-text fusion-title-size-three\" style=\"--awb-margin-top-small:10px;--awb-margin-right-small:0px;--awb-margin-bottom-small:10px;--awb-margin-left-small:0px;--awb-font-size:25px;\"><h3 class=\"fusion-title-heading title-heading-left fusion-responsive-typography-calculated\" style=\"margin:0;font-size:1em;--fontSize:25;--minFontSize:25;line-height:1.6;\"><strong><span class=\"TextRun SCXW44646886 BCX9\" lang=\"DE-DE\" xml:lang=\"DE-DE\" data-contrast=\"auto\"><span class=\"NormalTextRun SCXW44646886 BCX9\"><span class=\"NormalTextRun SCXW24069328 BCX9\">#hartkornhilft: Mit der RED CAP-Spendenaktion <\/span>humanit\u00e4re Hilfe leisten<\/span><\/span><\/strong><\/h3><\/div><div class=\"fusion-text fusion-text-2\" style=\"--awb-text-transform:none;\"><p><span data-contrast=\"auto\">Es ist Montagmorgen, der 06. Februar. Die Erde bebt. Ein kurzes Aufatmen\u2026 dann folgt das n\u00e4chste Beben. W\u00e4nde wackeln, H\u00e4user st\u00fcrzen ein, Menschen werden versch\u00fcttet.\u00a0<\/span><span data-ccp-props=\"\">\u00a0<\/span><\/p>\n<p><span data-contrast=\"auto\">Auch wenn die schweren Erdbeben im Norden Syriens nun schon ein paar Monate zur\u00fcckliegen, hat sich die ohnehin vom B\u00fcrgerkrieg schwer gebeutelte Region an der Grenze zur T\u00fcrkei noch l\u00e4ngst nicht von den Folgen der Beben erholt. Deshalb brauchen wir deine Hilfe!\u00a0<\/span><span data-ccp-props=\"\">\u00a0<\/span><\/p>\n<p><span data-contrast=\"auto\">Gemeinsam mit unserem Partner <\/span><span data-contrast=\"none\"><a href=\"https:\/\/arche-nova.org\/\">arche noVa e.V.<\/a>\u00a0 <\/span><span data-contrast=\"auto\">wollen wir die humanit\u00e4re Hilfe vor Ort unterst\u00fctzen. Diese reicht von der Verteilung \u00fcberlebenswichtiger Lebensmittel \u00fcber das Angebot gekochter Mahlzeiten und der Versorgung mit Trinkwasser bis zur Bereitstellung so genannter \u201eNon-Food-Kits\", die Hygieneprodukte, Decken etc. beinhalten k\u00f6nnen.\u00a0<\/span><span data-ccp-props=\"\">\u00a0<\/span><\/p>\n<p><span class=\"EOP SCXW137476071 BCX9\" data-ccp-props=\"\">\u00a0<\/span><\/p>\n<\/div><div class=\"fusion-clearfix\"><\/div><\/div><\/div><div class=\"fusion-layout-column fusion_builder_column fusion-builder-column-2 fusion_builder_column_1_1 1_1 fusion-one-full fusion-column-first fusion-column-last\" style=\"--awb-bg-size:cover;\"><div class=\"fusion-column-wrapper fusion-column-has-shadow fusion-flex-column-wrapper-legacy\"><div class=\"fusion-image-element in-legacy-container\" style=\"--awb-caption-title-font-family:var(--h2_typography-font-family);--awb-caption-title-font-weight:var(--h2_typography-font-weight);--awb-caption-title-font-style:var(--h2_typography-font-style);--awb-caption-title-size:var(--h2_typography-font-size);--awb-caption-title-transform:var(--h2_typography-text-transform);--awb-caption-title-line-height:var(--h2_typography-line-height);--awb-caption-title-letter-spacing:var(--h2_typography-letter-spacing);\"><span class=\" fusion-imageframe imageframe-none imageframe-1 hover-type-none\"><a class=\"fusion-no-lightbox\" href=\"https:\/\/hartkorn-gewuerze.de\/de\/red-cap-spende\/?utm_source=Unternehmen&amp;utm_medium=red-cap-spendenaktion&amp;utm_campaign=red-cap-landingpage-ukraine-22-gewuerzstreuer-bild\" target=\"_self\" aria-label=\"RedCap-Sorten-2023\"><img decoding=\"async\" width=\"1200\" height=\"248\" alt=\"Red Cap Sorten 2023\" src=\"https:\/\/hartkorn-gewuerze.de\/unternehmen\/wp-content\/uploads\/2023\/06\/RedCap-Sorten-2023.jpg\" data-orig-src=\"https:\/\/hartkorn-gewuerze.de\/unternehmen\/wp-content\/uploads\/2023\/06\/RedCap-Sorten-2023.jpg\" class=\"lazyload img-responsive wp-image-13518\" srcset=\"data:image\/svg+xml,%3Csvg%20xmlns%3D%27http%3A%2F%2Fwww.w3.org%2F2000%2Fsvg%27%20width%3D%271200%27%20height%3D%27248%27%20viewBox%3D%270%200%201200%20248%27%3E%3Crect%20width%3D%271200%27%20height%3D%27248%27%20fill-opacity%3D%220%22%2F%3E%3C%2Fsvg%3E\" data-srcset=\"https:\/\/hartkorn-gewuerze.de\/unternehmen\/wp-content\/uploads\/2023\/06\/RedCap-Sorten-2023-200x41.jpg 200w, https:\/\/hartkorn-gewuerze.de\/unternehmen\/wp-content\/uploads\/2023\/06\/RedCap-Sorten-2023-400x83.jpg 400w, https:\/\/hartkorn-gewuerze.de\/unternehmen\/wp-content\/uploads\/2023\/06\/RedCap-Sorten-2023-600x124.jpg 600w, https:\/\/hartkorn-gewuerze.de\/unternehmen\/wp-content\/uploads\/2023\/06\/RedCap-Sorten-2023-800x165.jpg 800w, https:\/\/hartkorn-gewuerze.de\/unternehmen\/wp-content\/uploads\/2023\/06\/RedCap-Sorten-2023.jpg 1200w\" data-sizes=\"auto\" data-orig-sizes=\"(max-width: 800px) 100vw, 1200px\" \/><\/a><\/span><\/div><div class=\"fusion-clearfix\"><\/div><\/div><\/div><div class=\"fusion-layout-column fusion_builder_column fusion-builder-column-3 fusion_builder_column_1_1 1_1 fusion-one-full fusion-column-first fusion-column-last\" style=\"--awb-bg-size:cover;--awb-margin-top:50px;\" data-scroll-devices=\"small-visibility,medium-visibility,large-visibility\"><div class=\"fusion-column-wrapper fusion-column-has-shadow fusion-flex-column-wrapper-legacy\"><div class=\"fusion-title title fusion-title-3 fusion-sep-none fusion-title-text fusion-title-size-two\" style=\"--awb-margin-top-small:10px;--awb-margin-right-small:0px;--awb-margin-bottom-small:10px;--awb-margin-left-small:0px;--awb-font-size:25px;\"><h2 class=\"fusion-title-heading title-heading-left fusion-responsive-typography-calculated\" style=\"margin:0;font-size:1em;--fontSize:25;--minFontSize:25;line-height:1.2;\"><b><span data-contrast=\"auto\">Du willst Teil der RED CAP-Aktion 2023 sein? So geht's:<\/span><\/b><span data-ccp-props=\"\">\u00a0<\/span><\/h2><\/div><div class=\"fusion-text fusion-text-3\"><p><span data-contrast=\"auto\">Wie RED CAP funktioniert, das ist recht schnell erkl\u00e4rt. Die Aktion steht auch in diesem Jahr unter dem Motto \u201eDu w\u00fcrzt, wir spenden!\" Was hei\u00dft das genau? Nun, wenn du das n\u00e4chste Mal zum Einkaufen im Supermarkt deines Vertrauens unterwegs bist, halte Ausschau nach unseren klassischen Gew\u00fcrzstreuen und vor allem nach den Aludosen mit dem roten Deckel. Jede dieser Dosen ist Teil von RED CAP. Kaufst du sie, gehen automatisch 5 Cent an die <a href=\"https:\/\/arche-nova.org\/news\/nach-den-erdbeben-nothilfe-einsatz-syrien-gestartet\">Nothilfe-Aktion des arche noVa e.V.<\/a> \u2013 und das ganz ohne Aufpreis! \u00a0<\/span><span data-ccp-props=\"\"><br \/>\n<\/span><\/p>\n<\/div><div class=\"fusion-clearfix\"><\/div><\/div><\/div><div class=\"fusion-layout-column fusion_builder_column fusion-builder-column-4 fusion_builder_column_1_1 1_1 fusion-one-full fusion-column-first fusion-column-last\" style=\"--awb-bg-size:cover;\"><div class=\"fusion-column-wrapper fusion-column-has-shadow fusion-flex-column-wrapper-legacy\"><div class=\"fusion-text fusion-text-4\"><p><span class=\"TextRun SCXW14315346 BCX9\" lang=\"DE-DE\" xml:lang=\"DE-DE\" data-contrast=\"none\"><span class=\"NormalTextRun SCXW14315346 BCX9\">Nat\u00fcrlich findest du die Gew\u00fcrze, die in diesem Jahr zur RED CAP geh\u00f6ren<\/span><span class=\"NormalTextRun SCXW14315346 BCX9\">,<\/span><span class=\"NormalTextRun SCXW14315346 BCX9\"> auch ganz bequem in unserem Online-Shop.\u00a0<\/span><\/span><span class=\"EOP SCXW14315346 BCX9\" data-ccp-props=\"\">\u00a0<\/span><\/p>\n<\/div><div class=\"fusion-button-wrapper fusion-aligncenter\"><a class=\"fusion-button button-flat fusion-button-default-size button-custom fusion-button-default button-1 fusion-button-default-span fusion-button-default-type\" style=\"--button_bevel_color:rgba(93,176,114,0);--button_accent_color:#ffffff;--button_border_color:#000000;--button_accent_hover_color:#ffffff;--button_border_hover_color:#000000;--button_gradient_top_color:#c11f1a;--button_gradient_bottom_color:#c11f1a;--button_gradient_top_color_hover:#c11f1a;--button_gradient_bottom_color_hover:#c11f1a;--button_typography-font-family:Arial, Helvetica, sans-serif;--button_typography-font-style:normal;--button_typography-font-weight:700;\" target=\"_self\" href=\"https:\/\/hartkorn-gewuerze.de\/de\/red-cap\/?utm_source=Unternehmen&amp;utm_medium=red-cap-spendenaktion&amp;utm_campaign=red-cap-kategorie-2023\"><span class=\"fusion-button-icon-divider button-icon-divider-left\"><i class=\"fa-hands-helping fas awb-button__icon awb-button__icon--default\" aria-hidden=\"true\"><\/i><\/span><span class=\"fusion-button-text awb-button__text awb-button__text--default fusion-button-text-left\">RED CAP im Shop<\/span><\/a><\/div><div class=\"fusion-clearfix\"><\/div><\/div><\/div><\/div><\/div>\n","protected":false},"excerpt":{"rendered":"","protected":false},"author":1,"featured_media":0,"parent":0,"menu_order":0,"comment_status":"closed","ping_status":"closed","template":"100-width.php","meta":{"footnotes":""},"class_list":["post-13501","page","type-page","status-publish","hentry"],"yoast_head":"<!-- This site is optimized with the Yoast SEO plugin v27.5 - https:\/\/yoast.com\/product\/yoast-seo-wordpress\/ -->\n<title>RED CAP-Spendenaktion 2023 - Hartkorn Gew\u00fcrze<\/title>\n<meta name=\"robots\" content=\"index, follow, max-snippet:-1, max-image-preview:large, max-video-preview:-1\" \/>\n<link rel=\"canonical\" href=\"https:\/\/hartkorn-gewuerze.de\/unternehmen\/red-cap-spendenaktion-2023\/\" \/>\n<meta property=\"og:locale\" content=\"de_DE\" \/>\n<meta property=\"og:type\" content=\"article\" \/>\n<meta property=\"og:title\" content=\"RED CAP-Spendenaktion 2023 - Hartkorn Gew\u00fcrze\" \/>\n<meta property=\"og:url\" content=\"https:\/\/hartkorn-gewuerze.de\/unternehmen\/red-cap-spendenaktion-2023\/\" \/>\n<meta property=\"og:site_name\" content=\"Hartkorn Gew\u00fcrze\" \/>\n<meta property=\"article:publisher\" content=\"https:\/\/de-de.facebook.com\/hartkorngewuerze\/\" \/>\n<meta property=\"article:modified_time\" content=\"2023-07-14T07:53:09+00:00\" \/>\n<meta name=\"twitter:card\" content=\"summary_large_image\" \/>\n<meta name=\"twitter:label1\" content=\"Gesch\u00e4tzte Lesezeit\" \/>\n\t<meta name=\"twitter:data1\" content=\"2\u00a0Minuten\" \/>\n<script type=\"application\/ld+json\" class=\"yoast-schema-graph\">{\"@context\":\"https:\\\/\\\/schema.org\",\"@graph\":[{\"@type\":\"WebPage\",\"@id\":\"https:\\\/\\\/hartkorn-gewuerze.de\\\/unternehmen\\\/red-cap-spendenaktion-2023\\\/\",\"url\":\"https:\\\/\\\/hartkorn-gewuerze.de\\\/unternehmen\\\/red-cap-spendenaktion-2023\\\/\",\"name\":\"RED CAP-Spendenaktion 2023 - Hartkorn Gew\u00fcrze\",\"isPartOf\":{\"@id\":\"https:\\\/\\\/hartkorn-gewuerze.de\\\/unternehmen\\\/#website\"},\"datePublished\":\"2023-06-12T11:01:59+00:00\",\"dateModified\":\"2023-07-14T07:53:09+00:00\",\"breadcrumb\":{\"@id\":\"https:\\\/\\\/hartkorn-gewuerze.de\\\/unternehmen\\\/red-cap-spendenaktion-2023\\\/#breadcrumb\"},\"inLanguage\":\"de\",\"potentialAction\":[{\"@type\":\"ReadAction\",\"target\":[\"https:\\\/\\\/hartkorn-gewuerze.de\\\/unternehmen\\\/red-cap-spendenaktion-2023\\\/\"]}]},{\"@type\":\"BreadcrumbList\",\"@id\":\"https:\\\/\\\/hartkorn-gewuerze.de\\\/unternehmen\\\/red-cap-spendenaktion-2023\\\/#breadcrumb\",\"itemListElement\":[{\"@type\":\"ListItem\",\"position\":1,\"name\":\"Startseite\",\"item\":\"https:\\\/\\\/hartkorn-gewuerze.de\\\/unternehmen\\\/\"},{\"@type\":\"ListItem\",\"position\":2,\"name\":\"RED CAP-Spendenaktion 2023\"}]},{\"@type\":\"WebSite\",\"@id\":\"https:\\\/\\\/hartkorn-gewuerze.de\\\/unternehmen\\\/#website\",\"url\":\"https:\\\/\\\/hartkorn-gewuerze.de\\\/unternehmen\\\/\",\"name\":\"Hartkorn Gew\u00fcrze\",\"description\":\"Hartkorn Gew\u00fcrze Unternehmensseite\",\"publisher\":{\"@id\":\"https:\\\/\\\/hartkorn-gewuerze.de\\\/unternehmen\\\/#organization\"},\"potentialAction\":[{\"@type\":\"SearchAction\",\"target\":{\"@type\":\"EntryPoint\",\"urlTemplate\":\"https:\\\/\\\/hartkorn-gewuerze.de\\\/unternehmen\\\/?s={search_term_string}\"},\"query-input\":{\"@type\":\"PropertyValueSpecification\",\"valueRequired\":true,\"valueName\":\"search_term_string\"}}],\"inLanguage\":\"de\"},{\"@type\":\"Organization\",\"@id\":\"https:\\\/\\\/hartkorn-gewuerze.de\\\/unternehmen\\\/#organization\",\"name\":\"Hartkorn Gew\u00fcrzm\u00fchle GmbH\",\"url\":\"https:\\\/\\\/hartkorn-gewuerze.de\\\/unternehmen\\\/\",\"logo\":{\"@type\":\"ImageObject\",\"inLanguage\":\"de\",\"@id\":\"https:\\\/\\\/hartkorn-gewuerze.de\\\/unternehmen\\\/#\\\/schema\\\/logo\\\/image\\\/\",\"url\":\"https:\\\/\\\/hartkorn-gewuerze.de\\\/unternehmen\\\/wp-content\\\/uploads\\\/2020\\\/07\\\/cropped-Logo-hartkorn-144x144-1.png\",\"contentUrl\":\"https:\\\/\\\/hartkorn-gewuerze.de\\\/unternehmen\\\/wp-content\\\/uploads\\\/2020\\\/07\\\/cropped-Logo-hartkorn-144x144-1.png\",\"width\":512,\"height\":512,\"caption\":\"Hartkorn Gew\u00fcrzm\u00fchle GmbH\"},\"image\":{\"@id\":\"https:\\\/\\\/hartkorn-gewuerze.de\\\/unternehmen\\\/#\\\/schema\\\/logo\\\/image\\\/\"},\"sameAs\":[\"https:\\\/\\\/de-de.facebook.com\\\/hartkorngewuerze\\\/\",\"https:\\\/\\\/www.tiktok.com\\\/@hartkorngewuerze\",\"https:\\\/\\\/www.instagram.com\\\/hartkorngewuerze\\\/\"]}]}<\/script>\n<!-- \/ Yoast SEO plugin. -->","yoast_head_json":{"title":"RED CAP-Spendenaktion 2023 - Hartkorn Gew\u00fcrze","robots":{"index":"index","follow":"follow","max-snippet":"max-snippet:-1","max-image-preview":"max-image-preview:large","max-video-preview":"max-video-preview:-1"},"canonical":"https:\/\/hartkorn-gewuerze.de\/unternehmen\/red-cap-spendenaktion-2023\/","og_locale":"de_DE","og_type":"article","og_title":"RED CAP-Spendenaktion 2023 - Hartkorn Gew\u00fcrze","og_url":"https:\/\/hartkorn-gewuerze.de\/unternehmen\/red-cap-spendenaktion-2023\/","og_site_name":"Hartkorn Gew\u00fcrze","article_publisher":"https:\/\/de-de.facebook.com\/hartkorngewuerze\/","article_modified_time":"2023-07-14T07:53:09+00:00","twitter_card":"summary_large_image","twitter_misc":{"Gesch\u00e4tzte Lesezeit":"2\u00a0Minuten"},"schema":{"@context":"https:\/\/schema.org","@graph":[{"@type":"WebPage","@id":"https:\/\/hartkorn-gewuerze.de\/unternehmen\/red-cap-spendenaktion-2023\/","url":"https:\/\/hartkorn-gewuerze.de\/unternehmen\/red-cap-spendenaktion-2023\/","name":"RED CAP-Spendenaktion 2023 - Hartkorn Gew\u00fcrze","isPartOf":{"@id":"https:\/\/hartkorn-gewuerze.de\/unternehmen\/#website"},"datePublished":"2023-06-12T11:01:59+00:00","dateModified":"2023-07-14T07:53:09+00:00","breadcrumb":{"@id":"https:\/\/hartkorn-gewuerze.de\/unternehmen\/red-cap-spendenaktion-2023\/#breadcrumb"},"inLanguage":"de","potentialAction":[{"@type":"ReadAction","target":["https:\/\/hartkorn-gewuerze.de\/unternehmen\/red-cap-spendenaktion-2023\/"]}]},{"@type":"BreadcrumbList","@id":"https:\/\/hartkorn-gewuerze.de\/unternehmen\/red-cap-spendenaktion-2023\/#breadcrumb","itemListElement":[{"@type":"ListItem","position":1,"name":"Startseite","item":"https:\/\/hartkorn-gewuerze.de\/unternehmen\/"},{"@type":"ListItem","position":2,"name":"RED CAP-Spendenaktion 2023"}]},{"@type":"WebSite","@id":"https:\/\/hartkorn-gewuerze.de\/unternehmen\/#website","url":"https:\/\/hartkorn-gewuerze.de\/unternehmen\/","name":"Hartkorn Gew\u00fcrze","description":"Hartkorn Gew\u00fcrze Unternehmensseite","publisher":{"@id":"https:\/\/hartkorn-gewuerze.de\/unternehmen\/#organization"},"potentialAction":[{"@type":"SearchAction","target":{"@type":"EntryPoint","urlTemplate":"https:\/\/hartkorn-gewuerze.de\/unternehmen\/?s={search_term_string}"},"query-input":{"@type":"PropertyValueSpecification","valueRequired":true,"valueName":"search_term_string"}}],"inLanguage":"de"},{"@type":"Organization","@id":"https:\/\/hartkorn-gewuerze.de\/unternehmen\/#organization","name":"Hartkorn Gew\u00fcrzm\u00fchle GmbH","url":"https:\/\/hartkorn-gewuerze.de\/unternehmen\/","logo":{"@type":"ImageObject","inLanguage":"de","@id":"https:\/\/hartkorn-gewuerze.de\/unternehmen\/#\/schema\/logo\/image\/","url":"https:\/\/hartkorn-gewuerze.de\/unternehmen\/wp-content\/uploads\/2020\/07\/cropped-Logo-hartkorn-144x144-1.png","contentUrl":"https:\/\/hartkorn-gewuerze.de\/unternehmen\/wp-content\/uploads\/2020\/07\/cropped-Logo-hartkorn-144x144-1.png","width":512,"height":512,"caption":"Hartkorn Gew\u00fcrzm\u00fchle GmbH"},"image":{"@id":"https:\/\/hartkorn-gewuerze.de\/unternehmen\/#\/schema\/logo\/image\/"},"sameAs":["https:\/\/de-de.facebook.com\/hartkorngewuerze\/","https:\/\/www.tiktok.com\/@hartkorngewuerze","https:\/\/www.instagram.com\/hartkorngewuerze\/"]}]}},"_links":{"self":[{"href":"https:\/\/hartkorn-gewuerze.de\/unternehmen\/wp-json\/wp\/v2\/pages\/13501","targetHints":{"allow":["GET"]}}],"collection":[{"href":"https:\/\/hartkorn-gewuerze.de\/unternehmen\/wp-json\/wp\/v2\/pages"}],"about":[{"href":"https:\/\/hartkorn-gewuerze.de\/unternehmen\/wp-json\/wp\/v2\/types\/page"}],"author":[{"embeddable":true,"href":"https:\/\/hartkorn-gewuerze.de\/unternehmen\/wp-json\/wp\/v2\/users\/1"}],"replies":[{"embeddable":true,"href":"https:\/\/hartkorn-gewuerze.de\/unternehmen\/wp-json\/wp\/v2\/comments?post=13501"}],"version-history":[{"count":30,"href":"https:\/\/hartkorn-gewuerze.de\/unternehmen\/wp-json\/wp\/v2\/pages\/13501\/revisions"}],"predecessor-version":[{"id":13875,"href":"https:\/\/hartkorn-gewuerze.de\/unternehmen\/wp-json\/wp\/v2\/pages\/13501\/revisions\/13875"}],"wp:attachment":[{"href":"https:\/\/hartkorn-gewuerze.de\/unternehmen\/wp-json\/wp\/v2\/media?parent=13501"}],"curies":[{"name":"wp","href":"https:\/\/api.w.org\/{rel}","templated":true}]}}