{"id":4090,"date":"2020-05-27T15:20:03","date_gmt":"2020-05-27T13:20:03","guid":{"rendered":"http:\/\/wp.hartkorn-gewuerze.de\/wp1?page_id=4090"},"modified":"2025-12-12T10:18:46","modified_gmt":"2025-12-12T09:18:46","slug":"terms-and-conditions","status":"publish","type":"page","link":"https:\/\/hartkorn-gewuerze.de\/unternehmen\/en\/terms-and-conditions\/","title":{"rendered":"Terms and Conditions"},"content":{"rendered":"<div id=\"columns\" class=\"container\">\n<p><strong>General terms and conditions<\/strong><\/p>\n<div aria-label=\"table of contents\"><strong>1.\u00a0<a href=\"https:\/\/legal.trustedshops.com\/dashboard\/#scope\">Scope<\/a><\/strong><br \/>\n<strong>2.\u00a0<a href=\"https:\/\/legal.trustedshops.com\/dashboard\/#contractual_partner,_formation_of_contract,_options_for_corrections\">Contractual partner, formation of contract, options for corrections<\/a><\/strong><br \/>\n<strong>3.\u00a0<a href=\"https:\/\/legal.trustedshops.com\/dashboard\/#contract_language,_saving_of_the_contract_text\">Contract language, saving of the contract text<\/a><\/strong><br \/>\n<strong>4.\u00a0<a href=\"https:\/\/legal.trustedshops.com\/dashboard\/#delivery_conditions\">Delivery conditions<\/a><\/strong><br \/>\n<strong>5.\u00a0<a href=\"https:\/\/legal.trustedshops.com\/dashboard\/#payment\">Payment<\/a><\/strong><br \/>\n<strong>6.\u00a0<a href=\"https:\/\/legal.trustedshops.com\/dashboard\/#retention_of_title\">Retention of title<\/a><\/strong><br \/>\n<strong>7.\u00a0<a href=\"https:\/\/legal.trustedshops.com\/dashboard\/#damage_during_delivery\">Damage during delivery<\/a><\/strong><br \/>\n<strong>8.\u00a0<a href=\"https:\/\/legal.trustedshops.com\/dashboard\/#warranty_and_guarantees\">Warranty and guarantees<\/a><\/strong><br \/>\n<strong>9.\u00a0<a href=\"https:\/\/legal.trustedshops.com\/dashboard\/#agreement_on_the_use_of_trusted_shops_buyer_protection\">Agreement on the use of Trusted Shops Buyer Protection<\/a><\/strong><br \/>\n<strong>10.\u00a0<a href=\"https:\/\/legal.trustedshops.com\/dashboard\/#dispute_resolution\">Dispute resolution<\/a><\/strong><\/div>\n<h2 id=\"scope\">1.\u00a0Scope<\/h2>\n<p>The following Terms and Conditions apply to all orders placed via our online shop. Our online shop is for consumers only.<\/p>\n<h2 id=\"contractual_partner,_formation_of_contract,_options_for_corrections\">2.\u00a0Contractual partner, formation of contract, options for corrections<\/h2>\n<p>The contract is concluded with Hartkorn Gew\u00fcrzm\u00fchle GmbH..<\/p>\n<p>By placing the products in the online shop, we make a binding offer on our part to enter into a contract regarding those items. You may place our products in the shopping basket without obligation and amend your entries at any time prior to submitting your binding order by using the correction facilities that are provided for this purpose and explained during the ordering process. The contract is formed by clicking on the order button which indicates your acceptance of our offer concerning the products contained in the shopping basket. Once you have sent your order you will immediately receive a confirmation via e-mail.<\/p>\n<h2 id=\"contract_language,_saving_of_the_contract_text\">3.\u00a0Contract language, saving of the contract text<\/h2>\n<p>The language(s) available for concluding the contract: German, English<\/p>\n<p>We save the text of the contract and forward the order data and our Terms and Conditions to you on a durable medium. For security reasons, the text of the contract cannot be accessed via the internet.<\/p>\n<h2 id=\"delivery_conditions\">4.\u00a0Delivery conditions<\/h2>\n<p><strong>Delivery costs<\/strong><br \/>\nDelivery costs may apply to the product prices displayed. Further information on delivery costs, if applicable, are explained within individual product offers.<\/p>\n<p><strong>Delivery options<\/strong><\/p>\n<p>We ship the products to the delivery address specified in the order process.<\/p>\n<p>You are entitled to collect your order from Hartkorn Gew\u00fcrzm\u00fchle GmbH, Carl-Benz-Str. 13, 56218 M\u00fclheim-K\u00e4rlich, Deutschland during the following hours of business: Mo &#8211; Mi 10:00 &#8211; 14:00 Uhr oder Do &#8211; FR 10:00 &#8211; 18:00 Uhr und Sa 10:00 &#8211; 16:00 Uhr<\/p>\n<h2 id=\"payment\">5.\u00a0Payment<\/h2>\n<p>The following payment methods are basically available in our online shop.<\/p>\n<p><strong>Advance payment<\/strong><br \/>\nIf you select advance payment we provide you with our bank details in a separate e-mail and deliver the goods on receipt of funds.<\/p>\n<p><strong>PayPal<\/strong><br \/>\nIn cooperation with the payment service provider PayPal (Europe) S.\u00e0 r.l. et Cie, S.C.A, 22-24 Boulevard Royal, L-2449 Luxembourg (&#8220;PayPal&#8221;), we offer you the following payment options as PayPal services. Unless otherwise specified below, payment via PayPal does not require registration with PayPal. You will find further information within the respective payment option and in the ordering process.<\/p>\n<p><strong>PayPal<\/strong><br \/>\nIn order to be able to pay the invoice amount via the PayPal payment option, you must be registered with PayPal, legitimise yourself with your access data and confirm the payment instruction. The payment transaction will be processed by PayPal immediately after placing the order.<\/p>\n<p>PayPal may offer registered PayPal customers further payment modalities in the customer account selected according to its own criteria. However, we have no influence on the offering of these modalities; further individually offered payment modalities affect your legal relationship with PayPal. You can find more information on this in your PayPal account.<\/p>\n<p><strong>Credit card via PayPal<\/strong><br \/>\nYour card will be charged by PayPal after the goods have been sent out.<\/p>\n<p><strong>Direct debit via PayPal<\/strong><br \/>\nPrecondition for payment by direct debit via PayPal is an address and credit check, the payment is made directly to PayPal. By confirming the payment instruction, you grant PayPal a direct debit mandate. You will be informed by PayPal about the date your account is charged (so-called prenotification). The account will be charged before the goods are sent out.<\/p>\n<p><strong>Invoice payment via PayPal<\/strong><br \/>\nPrecondition for the invoice payment via PayPal is an address and credit check, the payment is made directly to PayPal.<\/p>\n<p><strong>Invoice payment via PayPal and Ratepay<\/strong><br \/>\nPrecondition for the invoice payment via PayPal is an address and credit check, the payment is made directly to Ratepay GmbH, Franklinstra\u00dfe 28-29, 10587 Berlin (\u201eRatepay\u201c).<\/p>\n<h2 id=\"retention_of_title\">6.\u00a0Retention of title<\/h2>\n<p>The products shall remain our property until full payment is made.<\/p>\n<h2 id=\"damage_during_delivery\">7.\u00a0Damage during delivery<\/h2>\n<p>If the goods are delivered with obvious damage caused during delivery, please report the defect to the carrier and notify us without delay. Failure to make a complaint or to make contact does not in any way affect your legal rights or the enforcement of such rights, notably your warranty rights. However, in doing so you help us to assert our own claims against the carrier or transport insurer.<\/p>\n<h2 id=\"warranty_and_guarantees\">8.\u00a0Warranty and guarantees<\/h2>\n<h3 id=\"liability_for_defects\">8.1\u00a0Liability for defects<\/h3>\n<p>We are under a legal duty to supply products that are in conformity with this contract.<\/p>\n<p>The statutory guarantee provisions (liability for defects) shall apply. With respect to consumers, statutory warranty rights governed by the law of the country where the consumer has his habitual residence shall apply. Information on any additional guarantees and their precise conditions that may apply can be found next to the product and on specific information pages in the shop, if applicable. Complaints can be submitted by consumers and businesses to our contact details given in the supplier identification.<\/p>\n<p>When you exercise your warranty rights and we deem it necessary to receive the goods back in order to examine your complaint, you must send back the goods at our cost to the address provided for this purpose. We are committed to respond to any complaint immediately, but no later than within 14 days of its submission.<\/p>\n<h3 id=\"guarantees_and_customer_service\">8.2\u00a0Guarantees and customer service<\/h3>\n<p>Information on any additional voluntary guarantees that may apply and their exact conditions can be found with the product and on special information pages in the online shop, if applicable.<\/p>\n<h2 id=\"agreement_on_the_use_of_trusted_shops_buyer_protection\">9.\u00a0Agreement on the use of Trusted Shops Buyer Protection<\/h2>\n<p>You can insure orders placed with us up to an order value of 2500 EUR free of charge via the buyer protection of Trusted Shops SE. The Trusted Shops buyer protection conditions apply, which you can find\u00a0<a href=\"https:\/\/www.trustedshops.com\/tsdocument\/BUYER_AUTO_PROTECTION_TERMS_EUO_en.pdf\" target=\"_blank\" rel=\"noopener\">here<\/a>. The buyer protection is concluded by clicking on the correspondingly designated button of the so-called Trustcard, which appears as a pop-up on the order thank-you page after an order has been placed. If you are already registered for buyer protection, your order will be automatically protected (automatic buyer protection) without you having to click on the button. In order to be able to offer you (automatic) buyer protection, the Trustcard must access order data stored in the cache of your browser. For this purpose, a hash value of your e-mail address as well as the order number and order total are transmitted to Trusted Shops. If you are already registered for buyer protection, your order is automatically protected. If you are not yet registered for buyer protection, you can register via the Trustcard as described above. Information on data protection at Trusted Shops is attached to the Buyer Protection Terms and Conditions linked above.<\/p>\n<h2 id=\"dispute_resolution\">10.\u00a0Dispute resolution<\/h2>\n<p>In order to settle disputes arising from a contractual relationship with a consumer or from whether such a contractual relationship exists at all, we are willing to participate in dispute settlement proceedings before a consumer dispute resolution body.<br \/>\n<a href=\"https:\/\/www.universalschlichtungsstelle.de\/\" target=\"_blank\" rel=\"noopener\">Universalschlichtungsstelle des Bundes am Zentrum f\u00fcr Schlichtung e.V.\u00a0<\/a>is responsible for providing you with information and referring you to the appropriate entity for alternative dispute resolution.<\/p>\n<p>Universalschlichtungsstelle des Bundes am Zentrum f\u00fcr Schlichtung e.V.<br \/>\nStra\u00dfburger Stra\u00dfe 8<br \/>\n77694 Kehl am Rhein<br \/>\nGermany<br \/>\n<a title=\"mailto:mail@universalschlichtungsstelle.de\" href=\"mailto:mail@universalschlichtungsstelle.de\">mail@universalschlichtungsstelle.de<\/a><\/p>\n<p><a href=\"https:\/\/legal.trustedshops.com\/produkte\/rechtstexter\" target=\"_blank\" rel=\"noopener\">AGB <\/a>erstellt mit dem <a href=\"https:\/\/legal.trustedshops.com\" target=\"_blank\" rel=\"noopener\">Trusted Shops <\/a>Rechtstexter in Kooperation mit <a href=\"https:\/\/foehlisch.com\/\" target=\"_blank\" rel=\"noopener\">F\u00d6HLISCH Rechtsanw\u00e4lte<\/a>.<\/p>\n<p>&nbsp;<\/p>\n<div><\/div>\n<p>.<\/p>\n<\/div>\n","protected":false},"excerpt":{"rendered":"<p>General terms and conditions 1.\u00a0Scope 2.\u00a0Contractual partner, formation of contract, options for corrections 3.\u00a0Contract language, saving of the contract text 4.\u00a0Delivery conditions 5.\u00a0Payment 6.\u00a0Retention of title 7.\u00a0Damage during delivery 8.\u00a0Warranty and guarantees 9.\u00a0Agreement on the use of Trusted Shops Buyer Protection 10.\u00a0Dispute resolution 1.\u00a0Scope The following Terms and Conditions apply to all orders placed via<\/p>\n","protected":false},"author":1,"featured_media":0,"parent":0,"menu_order":0,"comment_status":"closed","ping_status":"closed","template":"100-width.php","meta":{"footnotes":""},"class_list":["post-4090","page","type-page","status-publish","hentry"],"yoast_head":"<!-- This site is optimized with the Yoast SEO plugin v27.3 - https:\/\/yoast.com\/product\/yoast-seo-wordpress\/ -->\n<title>Terms and Conditions - Hartkorn Gew\u00fcrze<\/title>\n<meta name=\"robots\" content=\"index, follow, max-snippet:-1, max-image-preview:large, max-video-preview:-1\" \/>\n<link rel=\"canonical\" href=\"https:\/\/hartkorn-gewuerze.de\/unternehmen\/en\/terms-and-conditions\/\" \/>\n<meta property=\"og:locale\" content=\"en_US\" \/>\n<meta property=\"og:type\" content=\"article\" \/>\n<meta property=\"og:title\" content=\"Terms and Conditions - Hartkorn Gew\u00fcrze\" \/>\n<meta property=\"og:description\" content=\"General terms and conditions 1.\u00a0Scope 2.\u00a0Contractual partner, formation of contract, options for corrections 3.\u00a0Contract language, saving of the contract text 4.\u00a0Delivery conditions 5.\u00a0Payment 6.\u00a0Retention of title 7.\u00a0Damage during delivery 8.\u00a0Warranty and guarantees 9.\u00a0Agreement on the use of Trusted Shops Buyer Protection 10.\u00a0Dispute resolution 1.\u00a0Scope The following Terms and Conditions apply to all orders placed via\" \/>\n<meta property=\"og:url\" content=\"https:\/\/hartkorn-gewuerze.de\/unternehmen\/en\/terms-and-conditions\/\" \/>\n<meta property=\"og:site_name\" content=\"Hartkorn Gew\u00fcrze\" \/>\n<meta property=\"article:publisher\" content=\"https:\/\/de-de.facebook.com\/hartkorngewuerze\/\" \/>\n<meta property=\"article:modified_time\" content=\"2025-12-12T09:18:46+00:00\" \/>\n<meta name=\"twitter:card\" content=\"summary_large_image\" \/>\n<meta name=\"twitter:label1\" content=\"Est. reading time\" \/>\n\t<meta name=\"twitter:data1\" content=\"5 minutes\" \/>\n<script type=\"application\/ld+json\" class=\"yoast-schema-graph\">{\"@context\":\"https:\\\/\\\/schema.org\",\"@graph\":[{\"@type\":\"WebPage\",\"@id\":\"https:\\\/\\\/hartkorn-gewuerze.de\\\/unternehmen\\\/en\\\/terms-and-conditions\\\/\",\"url\":\"https:\\\/\\\/hartkorn-gewuerze.de\\\/unternehmen\\\/en\\\/terms-and-conditions\\\/\",\"name\":\"Terms and Conditions - Hartkorn Gew\u00fcrze\",\"isPartOf\":{\"@id\":\"https:\\\/\\\/hartkorn-gewuerze.de\\\/unternehmen\\\/#website\"},\"datePublished\":\"2020-05-27T13:20:03+00:00\",\"dateModified\":\"2025-12-12T09:18:46+00:00\",\"breadcrumb\":{\"@id\":\"https:\\\/\\\/hartkorn-gewuerze.de\\\/unternehmen\\\/en\\\/terms-and-conditions\\\/#breadcrumb\"},\"inLanguage\":\"en-US\",\"potentialAction\":[{\"@type\":\"ReadAction\",\"target\":[\"https:\\\/\\\/hartkorn-gewuerze.de\\\/unternehmen\\\/en\\\/terms-and-conditions\\\/\"]}]},{\"@type\":\"BreadcrumbList\",\"@id\":\"https:\\\/\\\/hartkorn-gewuerze.de\\\/unternehmen\\\/en\\\/terms-and-conditions\\\/#breadcrumb\",\"itemListElement\":[{\"@type\":\"ListItem\",\"position\":1,\"name\":\"Startseite\",\"item\":\"https:\\\/\\\/hartkorn-gewuerze.de\\\/unternehmen\\\/en\\\/\"},{\"@type\":\"ListItem\",\"position\":2,\"name\":\"Terms and Conditions\"}]},{\"@type\":\"WebSite\",\"@id\":\"https:\\\/\\\/hartkorn-gewuerze.de\\\/unternehmen\\\/#website\",\"url\":\"https:\\\/\\\/hartkorn-gewuerze.de\\\/unternehmen\\\/\",\"name\":\"Hartkorn Gew\u00fcrze\",\"description\":\"Hartkorn Gew\u00fcrze Unternehmensseite\",\"publisher\":{\"@id\":\"https:\\\/\\\/hartkorn-gewuerze.de\\\/unternehmen\\\/#organization\"},\"potentialAction\":[{\"@type\":\"SearchAction\",\"target\":{\"@type\":\"EntryPoint\",\"urlTemplate\":\"https:\\\/\\\/hartkorn-gewuerze.de\\\/unternehmen\\\/?s={search_term_string}\"},\"query-input\":{\"@type\":\"PropertyValueSpecification\",\"valueRequired\":true,\"valueName\":\"search_term_string\"}}],\"inLanguage\":\"en-US\"},{\"@type\":\"Organization\",\"@id\":\"https:\\\/\\\/hartkorn-gewuerze.de\\\/unternehmen\\\/#organization\",\"name\":\"Hartkorn Gew\u00fcrzm\u00fchle GmbH\",\"url\":\"https:\\\/\\\/hartkorn-gewuerze.de\\\/unternehmen\\\/\",\"logo\":{\"@type\":\"ImageObject\",\"inLanguage\":\"en-US\",\"@id\":\"https:\\\/\\\/hartkorn-gewuerze.de\\\/unternehmen\\\/#\\\/schema\\\/logo\\\/image\\\/\",\"url\":\"https:\\\/\\\/hartkorn-gewuerze.de\\\/unternehmen\\\/wp-content\\\/uploads\\\/2020\\\/07\\\/cropped-Logo-hartkorn-144x144-1.png\",\"contentUrl\":\"https:\\\/\\\/hartkorn-gewuerze.de\\\/unternehmen\\\/wp-content\\\/uploads\\\/2020\\\/07\\\/cropped-Logo-hartkorn-144x144-1.png\",\"width\":512,\"height\":512,\"caption\":\"Hartkorn Gew\u00fcrzm\u00fchle GmbH\"},\"image\":{\"@id\":\"https:\\\/\\\/hartkorn-gewuerze.de\\\/unternehmen\\\/#\\\/schema\\\/logo\\\/image\\\/\"},\"sameAs\":[\"https:\\\/\\\/de-de.facebook.com\\\/hartkorngewuerze\\\/\",\"https:\\\/\\\/www.tiktok.com\\\/@hartkorngewuerze\",\"https:\\\/\\\/www.instagram.com\\\/hartkorngewuerze\\\/\"]}]}<\/script>\n<!-- \/ Yoast SEO plugin. -->","yoast_head_json":{"title":"Terms and Conditions - Hartkorn Gew\u00fcrze","robots":{"index":"index","follow":"follow","max-snippet":"max-snippet:-1","max-image-preview":"max-image-preview:large","max-video-preview":"max-video-preview:-1"},"canonical":"https:\/\/hartkorn-gewuerze.de\/unternehmen\/en\/terms-and-conditions\/","og_locale":"en_US","og_type":"article","og_title":"Terms and Conditions - Hartkorn Gew\u00fcrze","og_description":"General terms and conditions 1.\u00a0Scope 2.\u00a0Contractual partner, formation of contract, options for corrections 3.\u00a0Contract language, saving of the contract text 4.\u00a0Delivery conditions 5.\u00a0Payment 6.\u00a0Retention of title 7.\u00a0Damage during delivery 8.\u00a0Warranty and guarantees 9.\u00a0Agreement on the use of Trusted Shops Buyer Protection 10.\u00a0Dispute resolution 1.\u00a0Scope The following Terms and Conditions apply to all orders placed via","og_url":"https:\/\/hartkorn-gewuerze.de\/unternehmen\/en\/terms-and-conditions\/","og_site_name":"Hartkorn Gew\u00fcrze","article_publisher":"https:\/\/de-de.facebook.com\/hartkorngewuerze\/","article_modified_time":"2025-12-12T09:18:46+00:00","twitter_card":"summary_large_image","twitter_misc":{"Est. reading time":"5 minutes"},"schema":{"@context":"https:\/\/schema.org","@graph":[{"@type":"WebPage","@id":"https:\/\/hartkorn-gewuerze.de\/unternehmen\/en\/terms-and-conditions\/","url":"https:\/\/hartkorn-gewuerze.de\/unternehmen\/en\/terms-and-conditions\/","name":"Terms and Conditions - Hartkorn Gew\u00fcrze","isPartOf":{"@id":"https:\/\/hartkorn-gewuerze.de\/unternehmen\/#website"},"datePublished":"2020-05-27T13:20:03+00:00","dateModified":"2025-12-12T09:18:46+00:00","breadcrumb":{"@id":"https:\/\/hartkorn-gewuerze.de\/unternehmen\/en\/terms-and-conditions\/#breadcrumb"},"inLanguage":"en-US","potentialAction":[{"@type":"ReadAction","target":["https:\/\/hartkorn-gewuerze.de\/unternehmen\/en\/terms-and-conditions\/"]}]},{"@type":"BreadcrumbList","@id":"https:\/\/hartkorn-gewuerze.de\/unternehmen\/en\/terms-and-conditions\/#breadcrumb","itemListElement":[{"@type":"ListItem","position":1,"name":"Startseite","item":"https:\/\/hartkorn-gewuerze.de\/unternehmen\/en\/"},{"@type":"ListItem","position":2,"name":"Terms and Conditions"}]},{"@type":"WebSite","@id":"https:\/\/hartkorn-gewuerze.de\/unternehmen\/#website","url":"https:\/\/hartkorn-gewuerze.de\/unternehmen\/","name":"Hartkorn Gew\u00fcrze","description":"Hartkorn Gew\u00fcrze Unternehmensseite","publisher":{"@id":"https:\/\/hartkorn-gewuerze.de\/unternehmen\/#organization"},"potentialAction":[{"@type":"SearchAction","target":{"@type":"EntryPoint","urlTemplate":"https:\/\/hartkorn-gewuerze.de\/unternehmen\/?s={search_term_string}"},"query-input":{"@type":"PropertyValueSpecification","valueRequired":true,"valueName":"search_term_string"}}],"inLanguage":"en-US"},{"@type":"Organization","@id":"https:\/\/hartkorn-gewuerze.de\/unternehmen\/#organization","name":"Hartkorn Gew\u00fcrzm\u00fchle GmbH","url":"https:\/\/hartkorn-gewuerze.de\/unternehmen\/","logo":{"@type":"ImageObject","inLanguage":"en-US","@id":"https:\/\/hartkorn-gewuerze.de\/unternehmen\/#\/schema\/logo\/image\/","url":"https:\/\/hartkorn-gewuerze.de\/unternehmen\/wp-content\/uploads\/2020\/07\/cropped-Logo-hartkorn-144x144-1.png","contentUrl":"https:\/\/hartkorn-gewuerze.de\/unternehmen\/wp-content\/uploads\/2020\/07\/cropped-Logo-hartkorn-144x144-1.png","width":512,"height":512,"caption":"Hartkorn Gew\u00fcrzm\u00fchle GmbH"},"image":{"@id":"https:\/\/hartkorn-gewuerze.de\/unternehmen\/#\/schema\/logo\/image\/"},"sameAs":["https:\/\/de-de.facebook.com\/hartkorngewuerze\/","https:\/\/www.tiktok.com\/@hartkorngewuerze","https:\/\/www.instagram.com\/hartkorngewuerze\/"]}]}},"_links":{"self":[{"href":"https:\/\/hartkorn-gewuerze.de\/unternehmen\/en\/wp-json\/wp\/v2\/pages\/4090","targetHints":{"allow":["GET"]}}],"collection":[{"href":"https:\/\/hartkorn-gewuerze.de\/unternehmen\/en\/wp-json\/wp\/v2\/pages"}],"about":[{"href":"https:\/\/hartkorn-gewuerze.de\/unternehmen\/en\/wp-json\/wp\/v2\/types\/page"}],"author":[{"embeddable":true,"href":"https:\/\/hartkorn-gewuerze.de\/unternehmen\/en\/wp-json\/wp\/v2\/users\/1"}],"replies":[{"embeddable":true,"href":"https:\/\/hartkorn-gewuerze.de\/unternehmen\/en\/wp-json\/wp\/v2\/comments?post=4090"}],"version-history":[{"count":8,"href":"https:\/\/hartkorn-gewuerze.de\/unternehmen\/en\/wp-json\/wp\/v2\/pages\/4090\/revisions"}],"predecessor-version":[{"id":19923,"href":"https:\/\/hartkorn-gewuerze.de\/unternehmen\/en\/wp-json\/wp\/v2\/pages\/4090\/revisions\/19923"}],"wp:attachment":[{"href":"https:\/\/hartkorn-gewuerze.de\/unternehmen\/en\/wp-json\/wp\/v2\/media?parent=4090"}],"curies":[{"name":"wp","href":"https:\/\/api.w.org\/{rel}","templated":true}]}}