{"id":4089,"date":"2020-05-27T15:18:58","date_gmt":"2020-05-27T13:18:58","guid":{"rendered":"http:\/\/wp.hartkorn-gewuerze.de\/wp1?page_id=4089"},"modified":"2025-04-11T09:19:47","modified_gmt":"2025-04-11T07:19:47","slug":"imprint","status":"publish","type":"page","link":"https:\/\/hartkorn-gewuerze.de\/unternehmen\/en\/imprint\/","title":{"rendered":"Imprint"},"content":{"rendered":"<div id=\"columns\" class=\"container\">\n<div class=\"row\">\n<p><strong>Imprint<\/strong><\/p>\n<p><strong>Hartkorn Gew\u00fcrzm\u00fchle GmbH<\/strong><\/p>\n<p>Carl-Benz-Stra\u00dfe 13<br \/>\n56218 M\u00fclheim-K\u00e4rlich<br \/>\nDeutschland<\/p>\n<p>Phone: Telefon: 49 (2630) 9632 &#8211; 0<\/p>\n<p>E-mail: info@hartkorn-gewuerze.de<\/p>\n<p>Managing Director: Dr. Andreas Hartkorn<\/p>\n<p>Registered at Amtsgericht Koblenz, HRB 4173<\/p>\n<p>Business identification number (W-IdNr.): DE812153947<\/p>\n<p>Value added tax registration number(s): DE812153947<\/p>\n<p>Responsible according to \u00a7 18 MStV:<br \/>\nDr. Andreas Hartkorn<br \/>\nCarl-Benz-Stra\u00dfe 13<br \/>\n56218 M\u00fclheim-K\u00e4rlich<\/p>\n<p>The European Commission provides a platform for online dispute resolutions (ODR) which can be accessed at <a href=\"https:\/\/ec.europa.eu\/consumers\/odr\/\" target=\"_blank\" rel=\"noopener\">https:\/\/ec.europa.eu\/consumers\/odr\/<\/a>. We are ready to participate in extra-judicial dispute settlement proceedings before a consumer dispute resolution body.<\/p>\n<p><strong>Important Notice:<\/strong> The European Online Dispute Resolution Platform (ODR platform) will be permanently discontinued as of 20 July 2025. Accordingly, the submission of complaints to the ODR platform will cease on 20 March 2025.<\/p>\n<\/div>\n<\/div>\n","protected":false},"excerpt":{"rendered":"<p>Imprint Hartkorn Gew\u00fcrzm\u00fchle GmbH Carl-Benz-Stra\u00dfe 13 56218 M\u00fclheim-K\u00e4rlich Deutschland Phone: Telefon: 49 (2630) 9632 &#8211; 0 E-mail: info@hartkorn-gewuerze.de Managing Director: Dr. Andreas Hartkorn Registered at Amtsgericht Koblenz, HRB 4173 Business identification number (W-IdNr.): DE812153947 Value added tax registration number(s): DE812153947 Responsible according to \u00a7 18 MStV: Dr. Andreas Hartkorn Carl-Benz-Stra\u00dfe 13 56218 M\u00fclheim-K\u00e4rlich The European<\/p>\n","protected":false},"author":1,"featured_media":0,"parent":0,"menu_order":0,"comment_status":"closed","ping_status":"closed","template":"100-width.php","meta":{"footnotes":""},"class_list":["post-4089","page","type-page","status-publish","hentry"],"yoast_head":"<!-- This site is optimized with the Yoast SEO plugin v27.4 - https:\/\/yoast.com\/product\/yoast-seo-wordpress\/ -->\n<title>Imprint - Hartkorn Gew\u00fcrze<\/title>\n<meta name=\"robots\" content=\"index, follow, max-snippet:-1, max-image-preview:large, max-video-preview:-1\" \/>\n<link rel=\"canonical\" href=\"https:\/\/hartkorn-gewuerze.de\/unternehmen\/en\/imprint\/\" \/>\n<meta property=\"og:locale\" content=\"en_US\" \/>\n<meta property=\"og:type\" content=\"article\" \/>\n<meta property=\"og:title\" content=\"Imprint - Hartkorn Gew\u00fcrze\" \/>\n<meta property=\"og:description\" content=\"Imprint Hartkorn Gew\u00fcrzm\u00fchle GmbH Carl-Benz-Stra\u00dfe 13 56218 M\u00fclheim-K\u00e4rlich Deutschland Phone: Telefon: 49 (2630) 9632 &#8211; 0 E-mail: info@hartkorn-gewuerze.de Managing Director: Dr. Andreas Hartkorn Registered at Amtsgericht Koblenz, HRB 4173 Business identification number (W-IdNr.): DE812153947 Value added tax registration number(s): DE812153947 Responsible according to \u00a7 18 MStV: Dr. Andreas Hartkorn Carl-Benz-Stra\u00dfe 13 56218 M\u00fclheim-K\u00e4rlich The European\" \/>\n<meta property=\"og:url\" content=\"https:\/\/hartkorn-gewuerze.de\/unternehmen\/en\/imprint\/\" \/>\n<meta property=\"og:site_name\" content=\"Hartkorn Gew\u00fcrze\" \/>\n<meta property=\"article:publisher\" content=\"https:\/\/de-de.facebook.com\/hartkorngewuerze\/\" \/>\n<meta property=\"article:modified_time\" content=\"2025-04-11T07:19:47+00:00\" \/>\n<meta name=\"twitter:card\" content=\"summary_large_image\" \/>\n<meta name=\"twitter:label1\" content=\"Est. reading time\" \/>\n\t<meta name=\"twitter:data1\" content=\"1 minute\" \/>\n<script type=\"application\/ld+json\" class=\"yoast-schema-graph\">{\"@context\":\"https:\\\/\\\/schema.org\",\"@graph\":[{\"@type\":\"WebPage\",\"@id\":\"https:\\\/\\\/hartkorn-gewuerze.de\\\/unternehmen\\\/en\\\/imprint\\\/\",\"url\":\"https:\\\/\\\/hartkorn-gewuerze.de\\\/unternehmen\\\/en\\\/imprint\\\/\",\"name\":\"Imprint - Hartkorn Gew\u00fcrze\",\"isPartOf\":{\"@id\":\"https:\\\/\\\/hartkorn-gewuerze.de\\\/unternehmen\\\/#website\"},\"datePublished\":\"2020-05-27T13:18:58+00:00\",\"dateModified\":\"2025-04-11T07:19:47+00:00\",\"breadcrumb\":{\"@id\":\"https:\\\/\\\/hartkorn-gewuerze.de\\\/unternehmen\\\/en\\\/imprint\\\/#breadcrumb\"},\"inLanguage\":\"en-US\",\"potentialAction\":[{\"@type\":\"ReadAction\",\"target\":[\"https:\\\/\\\/hartkorn-gewuerze.de\\\/unternehmen\\\/en\\\/imprint\\\/\"]}]},{\"@type\":\"BreadcrumbList\",\"@id\":\"https:\\\/\\\/hartkorn-gewuerze.de\\\/unternehmen\\\/en\\\/imprint\\\/#breadcrumb\",\"itemListElement\":[{\"@type\":\"ListItem\",\"position\":1,\"name\":\"Startseite\",\"item\":\"https:\\\/\\\/hartkorn-gewuerze.de\\\/unternehmen\\\/en\\\/\"},{\"@type\":\"ListItem\",\"position\":2,\"name\":\"Imprint\"}]},{\"@type\":\"WebSite\",\"@id\":\"https:\\\/\\\/hartkorn-gewuerze.de\\\/unternehmen\\\/#website\",\"url\":\"https:\\\/\\\/hartkorn-gewuerze.de\\\/unternehmen\\\/\",\"name\":\"Hartkorn Gew\u00fcrze\",\"description\":\"Hartkorn Gew\u00fcrze Unternehmensseite\",\"publisher\":{\"@id\":\"https:\\\/\\\/hartkorn-gewuerze.de\\\/unternehmen\\\/#organization\"},\"potentialAction\":[{\"@type\":\"SearchAction\",\"target\":{\"@type\":\"EntryPoint\",\"urlTemplate\":\"https:\\\/\\\/hartkorn-gewuerze.de\\\/unternehmen\\\/?s={search_term_string}\"},\"query-input\":{\"@type\":\"PropertyValueSpecification\",\"valueRequired\":true,\"valueName\":\"search_term_string\"}}],\"inLanguage\":\"en-US\"},{\"@type\":\"Organization\",\"@id\":\"https:\\\/\\\/hartkorn-gewuerze.de\\\/unternehmen\\\/#organization\",\"name\":\"Hartkorn Gew\u00fcrzm\u00fchle GmbH\",\"url\":\"https:\\\/\\\/hartkorn-gewuerze.de\\\/unternehmen\\\/\",\"logo\":{\"@type\":\"ImageObject\",\"inLanguage\":\"en-US\",\"@id\":\"https:\\\/\\\/hartkorn-gewuerze.de\\\/unternehmen\\\/#\\\/schema\\\/logo\\\/image\\\/\",\"url\":\"https:\\\/\\\/hartkorn-gewuerze.de\\\/unternehmen\\\/wp-content\\\/uploads\\\/2020\\\/07\\\/cropped-Logo-hartkorn-144x144-1.png\",\"contentUrl\":\"https:\\\/\\\/hartkorn-gewuerze.de\\\/unternehmen\\\/wp-content\\\/uploads\\\/2020\\\/07\\\/cropped-Logo-hartkorn-144x144-1.png\",\"width\":512,\"height\":512,\"caption\":\"Hartkorn Gew\u00fcrzm\u00fchle GmbH\"},\"image\":{\"@id\":\"https:\\\/\\\/hartkorn-gewuerze.de\\\/unternehmen\\\/#\\\/schema\\\/logo\\\/image\\\/\"},\"sameAs\":[\"https:\\\/\\\/de-de.facebook.com\\\/hartkorngewuerze\\\/\",\"https:\\\/\\\/www.tiktok.com\\\/@hartkorngewuerze\",\"https:\\\/\\\/www.instagram.com\\\/hartkorngewuerze\\\/\"]}]}<\/script>\n<!-- \/ Yoast SEO plugin. -->","yoast_head_json":{"title":"Imprint - Hartkorn Gew\u00fcrze","robots":{"index":"index","follow":"follow","max-snippet":"max-snippet:-1","max-image-preview":"max-image-preview:large","max-video-preview":"max-video-preview:-1"},"canonical":"https:\/\/hartkorn-gewuerze.de\/unternehmen\/en\/imprint\/","og_locale":"en_US","og_type":"article","og_title":"Imprint - Hartkorn Gew\u00fcrze","og_description":"Imprint Hartkorn Gew\u00fcrzm\u00fchle GmbH Carl-Benz-Stra\u00dfe 13 56218 M\u00fclheim-K\u00e4rlich Deutschland Phone: Telefon: 49 (2630) 9632 &#8211; 0 E-mail: info@hartkorn-gewuerze.de Managing Director: Dr. Andreas Hartkorn Registered at Amtsgericht Koblenz, HRB 4173 Business identification number (W-IdNr.): DE812153947 Value added tax registration number(s): DE812153947 Responsible according to \u00a7 18 MStV: Dr. Andreas Hartkorn Carl-Benz-Stra\u00dfe 13 56218 M\u00fclheim-K\u00e4rlich The European","og_url":"https:\/\/hartkorn-gewuerze.de\/unternehmen\/en\/imprint\/","og_site_name":"Hartkorn Gew\u00fcrze","article_publisher":"https:\/\/de-de.facebook.com\/hartkorngewuerze\/","article_modified_time":"2025-04-11T07:19:47+00:00","twitter_card":"summary_large_image","twitter_misc":{"Est. reading time":"1 minute"},"schema":{"@context":"https:\/\/schema.org","@graph":[{"@type":"WebPage","@id":"https:\/\/hartkorn-gewuerze.de\/unternehmen\/en\/imprint\/","url":"https:\/\/hartkorn-gewuerze.de\/unternehmen\/en\/imprint\/","name":"Imprint - Hartkorn Gew\u00fcrze","isPartOf":{"@id":"https:\/\/hartkorn-gewuerze.de\/unternehmen\/#website"},"datePublished":"2020-05-27T13:18:58+00:00","dateModified":"2025-04-11T07:19:47+00:00","breadcrumb":{"@id":"https:\/\/hartkorn-gewuerze.de\/unternehmen\/en\/imprint\/#breadcrumb"},"inLanguage":"en-US","potentialAction":[{"@type":"ReadAction","target":["https:\/\/hartkorn-gewuerze.de\/unternehmen\/en\/imprint\/"]}]},{"@type":"BreadcrumbList","@id":"https:\/\/hartkorn-gewuerze.de\/unternehmen\/en\/imprint\/#breadcrumb","itemListElement":[{"@type":"ListItem","position":1,"name":"Startseite","item":"https:\/\/hartkorn-gewuerze.de\/unternehmen\/en\/"},{"@type":"ListItem","position":2,"name":"Imprint"}]},{"@type":"WebSite","@id":"https:\/\/hartkorn-gewuerze.de\/unternehmen\/#website","url":"https:\/\/hartkorn-gewuerze.de\/unternehmen\/","name":"Hartkorn Gew\u00fcrze","description":"Hartkorn Gew\u00fcrze Unternehmensseite","publisher":{"@id":"https:\/\/hartkorn-gewuerze.de\/unternehmen\/#organization"},"potentialAction":[{"@type":"SearchAction","target":{"@type":"EntryPoint","urlTemplate":"https:\/\/hartkorn-gewuerze.de\/unternehmen\/?s={search_term_string}"},"query-input":{"@type":"PropertyValueSpecification","valueRequired":true,"valueName":"search_term_string"}}],"inLanguage":"en-US"},{"@type":"Organization","@id":"https:\/\/hartkorn-gewuerze.de\/unternehmen\/#organization","name":"Hartkorn Gew\u00fcrzm\u00fchle GmbH","url":"https:\/\/hartkorn-gewuerze.de\/unternehmen\/","logo":{"@type":"ImageObject","inLanguage":"en-US","@id":"https:\/\/hartkorn-gewuerze.de\/unternehmen\/#\/schema\/logo\/image\/","url":"https:\/\/hartkorn-gewuerze.de\/unternehmen\/wp-content\/uploads\/2020\/07\/cropped-Logo-hartkorn-144x144-1.png","contentUrl":"https:\/\/hartkorn-gewuerze.de\/unternehmen\/wp-content\/uploads\/2020\/07\/cropped-Logo-hartkorn-144x144-1.png","width":512,"height":512,"caption":"Hartkorn Gew\u00fcrzm\u00fchle GmbH"},"image":{"@id":"https:\/\/hartkorn-gewuerze.de\/unternehmen\/#\/schema\/logo\/image\/"},"sameAs":["https:\/\/de-de.facebook.com\/hartkorngewuerze\/","https:\/\/www.tiktok.com\/@hartkorngewuerze","https:\/\/www.instagram.com\/hartkorngewuerze\/"]}]}},"_links":{"self":[{"href":"https:\/\/hartkorn-gewuerze.de\/unternehmen\/en\/wp-json\/wp\/v2\/pages\/4089","targetHints":{"allow":["GET"]}}],"collection":[{"href":"https:\/\/hartkorn-gewuerze.de\/unternehmen\/en\/wp-json\/wp\/v2\/pages"}],"about":[{"href":"https:\/\/hartkorn-gewuerze.de\/unternehmen\/en\/wp-json\/wp\/v2\/types\/page"}],"author":[{"embeddable":true,"href":"https:\/\/hartkorn-gewuerze.de\/unternehmen\/en\/wp-json\/wp\/v2\/users\/1"}],"replies":[{"embeddable":true,"href":"https:\/\/hartkorn-gewuerze.de\/unternehmen\/en\/wp-json\/wp\/v2\/comments?post=4089"}],"version-history":[{"count":6,"href":"https:\/\/hartkorn-gewuerze.de\/unternehmen\/en\/wp-json\/wp\/v2\/pages\/4089\/revisions"}],"predecessor-version":[{"id":15698,"href":"https:\/\/hartkorn-gewuerze.de\/unternehmen\/en\/wp-json\/wp\/v2\/pages\/4089\/revisions\/15698"}],"wp:attachment":[{"href":"https:\/\/hartkorn-gewuerze.de\/unternehmen\/en\/wp-json\/wp\/v2\/media?parent=4089"}],"curies":[{"name":"wp","href":"https:\/\/api.w.org\/{rel}","templated":true}]}}