{"id":1616,"date":"2020-06-10T12:14:15","date_gmt":"2020-06-10T10:14:15","guid":{"rendered":"http:\/\/wp.hartkorn-gewuerze.de\/wp2\/?page_id=1616"},"modified":"2025-12-16T11:50:03","modified_gmt":"2025-12-16T10:50:03","slug":"impressum","status":"publish","type":"page","link":"https:\/\/hartkorn-gewuerze.de\/blog\/impressum\/","title":{"rendered":"Impressum"},"content":{"rendered":"<h2><strong>Impressum<\/strong><\/h2>\n<p><strong>Hartkorn Gew\u00fcrzm\u00fchle GmbH<\/strong><\/p>\n<p>Carl-Benz-Stra\u00dfe 13<br \/>\n56218 M\u00fclheim-K\u00e4rlich<br \/>\nDeutschland<\/p>\n<p>Telefon: 49 (2630) 9632 &#8211; 0<\/p>\n<p>Mail: info@hartkorn-gewuerze.de<\/p>\n<p>Gesch\u00e4ftsf\u00fchrer: Dr. Andreas Hartkorn<\/p>\n<p>Handelsregister: Amtsgericht Koblenz, 4173<\/p>\n<p>Wirtschafts-Identifikationsnummer(n): DE812153947<\/p>\n<p>Umsatzsteuer-Identifikationsnummer(n): DE812153947<\/p>\n<p>Verantwortlich gem\u00e4\u00df \u00a7 18 MStV:<br \/>\nDr. Andreas Hartkorn<br \/>\nCarl-Benz-Stra\u00dfe 13<br \/>\n56218 M\u00fclheim-K\u00e4rlich<\/p>\n<p>Die Europ\u00e4ische Kommission stellt eine Plattform zur Online-Streitbeilegung (OS) bereit, die Sie hier finden\u00a0<a href=\"https:\/\/ec.europa.eu\/consumers\/odr\/\" target=\"_blank\" rel=\"noopener\">https:\/\/ec.europa.eu\/consumers\/odr\/<\/a>.<\/p>\n<p>Wir sind bereit, an einem au\u00dfergerichtlichen Schlichtungsverfahren vor einer Verbraucherschlichtungsstelle teilzunehmen. Zust\u00e4ndig ist die Universalschlichtungsstelle des Bundes am Zentrum f\u00fcr Schlichtung e.V., Stra\u00dfburger Stra\u00dfe 8, 77694 Kehl am Rhein, Deutschland, https:\/\/www.universalschlichtungsstelle.de\/.<\/p>\n<p>Hinweise zu Urheberrechten bzgl. der von uns verwendeten Bildern auf dieser Webseite:<\/p>\n<h3><strong>Haftung f\u00fcr Inhalte\u00a0<\/strong><\/h3>\n<p>Als Diensteanbieter sind wir gem\u00e4\u00df \u00a7 7 Abs.1 DDG f\u00fcr eigene Inhalte auf diesen Seiten nach den allgemeinen Gesetzen verantwortlich. Nach \u00a7\u00a7 8 bis 10 DDG sind wir als Diensteanbieter jedoch nicht verpflichtet, \u00fcbermittelte oder gespeicherte fremde Informationen zu \u00fcberwachen oder nach Umst\u00e4nden zu forschen, die auf eine rechtswidrige T\u00e4tigkeit hinweisen.<\/p>\n<p>Verpflichtungen zur Entfernung oder Sperrung der Nutzung von Informationen nach den allgemeinen Gesetzen bleiben hiervon unber\u00fchrt. Eine diesbez\u00fcgliche Haftung ist jedoch erst ab dem Zeitpunkt der Kenntnis einer konkreten Rechtsverletzung m\u00f6glich. Bei Bekanntwerden von entsprechenden Rechtsverletzungen werden wir diese Inhalte umgehend entfernen.<\/p>\n<h3><strong>Haftung f\u00fcr Links<\/strong><\/h3>\n<p>Unser Angebot enth\u00e4lt Links zu externen Websites Dritter, auf deren Inhalte wir keinen Einfluss haben. Deshalb k\u00f6nnen wir f\u00fcr diese fremden Inhalte auch keine Gew\u00e4hr \u00fcbernehmen. F\u00fcr die Inhalte der verlinkten Seiten ist stets der jeweilige Anbieter oder Betreiber der Seiten verantwortlich. Die verlinkten Seiten wurden zum Zeitpunkt der Verlinkung auf m\u00f6gliche Rechtsverst\u00f6\u00dfe \u00fcberpr\u00fcft. Rechtswidrige Inhalte waren zum Zeitpunkt der Verlinkung nicht erkennbar.<\/p>\n<p>Eine permanente inhaltliche Kontrolle der verlinkten Seiten ist jedoch ohne konkrete Anhaltspunkte einer Rechtsverletzung nicht zumutbar. Bei Bekanntwerden von Rechtsverletzungen werden wir derartige Links umgehend entfernen.<\/p>\n<p><strong>Zust\u00e4ndige Beh\u00f6rde f\u00fcr audiovisuelle Mediendienste:<\/strong><\/p>\n<p>Medienanstalt Rheinland-Pfalz<\/p>\n<p>Turmstra\u00dfe 10<\/p>\n<p>67059 Ludwigshafen<\/p>\n<p>Deutschland<\/p>\n<p><i><a title=\"Impressum\" href=\"https:\/\/legal.trustedshops.com\/produkte\/rechtstexter\" target=\"_blank\" rel=\"noopener\">Impressum<\/a>\u00a0erstellt mit dem\u00a0<a title=\"Trusted Shops\" href=\"https:\/\/legal.trustedshops.com\/\" target=\"_blank\" rel=\"noopener\">Trusted Shops<\/a>\u00a0Rechtstexter in Kooperation mit\u00a0<a title=\"F\u00d6HLISCH Rechtsanw\u00e4lte\" href=\"https:\/\/foehlisch.com\" target=\"_blank\" rel=\"nofollow noopener\">F\u00d6HLISCH Rechtsanw\u00e4lte<\/a>.<\/i><\/p>\n","protected":false},"excerpt":{"rendered":"<p>Impressum Hartkorn Gew\u00fcrzm\u00fchle GmbH Carl-Benz-Stra\u00dfe 13 56218 M\u00fclheim-K\u00e4rlich Deutschland Telefon: 49 (2630) 9632 &#8211; 0 Mail: info@hartkorn-gewuerze.de Gesch\u00e4ftsf\u00fchrer: Dr. Andreas Hartkorn Handelsregister: Amtsgericht Koblenz, 4173 &hellip; <\/p>\n","protected":false},"author":1,"featured_media":0,"parent":0,"menu_order":0,"comment_status":"closed","ping_status":"closed","template":"","meta":{"footnotes":""},"class_list":["post-1616","page","type-page","status-publish","hentry"],"yoast_head":"<!-- This site is optimized with the Yoast SEO plugin v27.3 - https:\/\/yoast.com\/product\/yoast-seo-wordpress\/ -->\n<title>Impressum - Hartkorn Gew\u00fcrzm\u00fchle Blog<\/title>\n<meta name=\"robots\" content=\"index, follow, max-snippet:-1, max-image-preview:large, max-video-preview:-1\" \/>\n<link rel=\"canonical\" href=\"https:\/\/hartkorn-gewuerze.de\/blog\/impressum\/\" \/>\n<meta property=\"og:locale\" content=\"de_DE\" \/>\n<meta property=\"og:type\" content=\"article\" \/>\n<meta property=\"og:title\" content=\"Impressum - Hartkorn Gew\u00fcrzm\u00fchle Blog\" \/>\n<meta property=\"og:description\" content=\"Impressum Hartkorn Gew\u00fcrzm\u00fchle GmbH Carl-Benz-Stra\u00dfe 13 56218 M\u00fclheim-K\u00e4rlich Deutschland Telefon: 49 (2630) 9632 &#8211; 0 Mail: info@hartkorn-gewuerze.de Gesch\u00e4ftsf\u00fchrer: Dr. Andreas Hartkorn Handelsregister: Amtsgericht Koblenz, 4173 &hellip;\" \/>\n<meta property=\"og:url\" content=\"https:\/\/hartkorn-gewuerze.de\/blog\/impressum\/\" \/>\n<meta property=\"og:site_name\" content=\"Hartkorn Gew\u00fcrzm\u00fchle Blog\" \/>\n<meta property=\"article:publisher\" content=\"https:\/\/de-de.facebook.com\/hartkorngewuerze\/\" \/>\n<meta property=\"article:modified_time\" content=\"2025-12-16T10:50:03+00:00\" \/>\n<meta name=\"twitter:card\" content=\"summary_large_image\" \/>\n<meta name=\"twitter:label1\" content=\"Gesch\u00e4tzte Lesezeit\" \/>\n\t<meta name=\"twitter:data1\" content=\"2\u00a0Minuten\" \/>\n<script type=\"application\/ld+json\" class=\"yoast-schema-graph\">{\"@context\":\"https:\\\/\\\/schema.org\",\"@graph\":[{\"@type\":\"WebPage\",\"@id\":\"https:\\\/\\\/hartkorn-gewuerze.de\\\/blog\\\/impressum\\\/\",\"url\":\"https:\\\/\\\/hartkorn-gewuerze.de\\\/blog\\\/impressum\\\/\",\"name\":\"Impressum - Hartkorn Gew\u00fcrzm\u00fchle Blog\",\"isPartOf\":{\"@id\":\"https:\\\/\\\/hartkorn-gewuerze.de\\\/blog\\\/#website\"},\"datePublished\":\"2020-06-10T10:14:15+00:00\",\"dateModified\":\"2025-12-16T10:50:03+00:00\",\"breadcrumb\":{\"@id\":\"https:\\\/\\\/hartkorn-gewuerze.de\\\/blog\\\/impressum\\\/#breadcrumb\"},\"inLanguage\":\"de\",\"potentialAction\":[{\"@type\":\"ReadAction\",\"target\":[\"https:\\\/\\\/hartkorn-gewuerze.de\\\/blog\\\/impressum\\\/\"]}]},{\"@type\":\"BreadcrumbList\",\"@id\":\"https:\\\/\\\/hartkorn-gewuerze.de\\\/blog\\\/impressum\\\/#breadcrumb\",\"itemListElement\":[{\"@type\":\"ListItem\",\"position\":1,\"name\":\"Startseite\",\"item\":\"https:\\\/\\\/hartkorn-gewuerze.de\\\/blog\\\/\"},{\"@type\":\"ListItem\",\"position\":2,\"name\":\"Impressum\"}]},{\"@type\":\"WebSite\",\"@id\":\"https:\\\/\\\/hartkorn-gewuerze.de\\\/blog\\\/#website\",\"url\":\"https:\\\/\\\/hartkorn-gewuerze.de\\\/blog\\\/\",\"name\":\"Hartkorn Gew\u00fcrze Blog\",\"description\":\"Neuigkeiten, Rezepte, Gew\u00fcrzinformationen\",\"publisher\":{\"@id\":\"https:\\\/\\\/hartkorn-gewuerze.de\\\/blog\\\/#organization\"},\"potentialAction\":[{\"@type\":\"SearchAction\",\"target\":{\"@type\":\"EntryPoint\",\"urlTemplate\":\"https:\\\/\\\/hartkorn-gewuerze.de\\\/blog\\\/?s={search_term_string}\"},\"query-input\":{\"@type\":\"PropertyValueSpecification\",\"valueRequired\":true,\"valueName\":\"search_term_string\"}}],\"inLanguage\":\"de\"},{\"@type\":\"Organization\",\"@id\":\"https:\\\/\\\/hartkorn-gewuerze.de\\\/blog\\\/#organization\",\"name\":\"Hartkorn Gew\u00fcrze\",\"url\":\"https:\\\/\\\/hartkorn-gewuerze.de\\\/blog\\\/\",\"logo\":{\"@type\":\"ImageObject\",\"inLanguage\":\"de\",\"@id\":\"https:\\\/\\\/hartkorn-gewuerze.de\\\/blog\\\/#\\\/schema\\\/logo\\\/image\\\/\",\"url\":\"https:\\\/\\\/hartkorn-gewuerze.de\\\/blog\\\/wp-content\\\/uploads\\\/2020\\\/04\\\/Logo_300px.png\",\"contentUrl\":\"https:\\\/\\\/hartkorn-gewuerze.de\\\/blog\\\/wp-content\\\/uploads\\\/2020\\\/04\\\/Logo_300px.png\",\"width\":300,\"height\":300,\"caption\":\"Hartkorn Gew\u00fcrze\"},\"image\":{\"@id\":\"https:\\\/\\\/hartkorn-gewuerze.de\\\/blog\\\/#\\\/schema\\\/logo\\\/image\\\/\"},\"sameAs\":[\"https:\\\/\\\/de-de.facebook.com\\\/hartkorngewuerze\\\/\",\"https:\\\/\\\/www.instagram.com\\\/hartkorngewuerze\\\/\",\"https:\\\/\\\/www.tiktok.com\\\/@hartkorngewuerze\"]}]}<\/script>\n<!-- \/ Yoast SEO plugin. -->","yoast_head_json":{"title":"Impressum - Hartkorn Gew\u00fcrzm\u00fchle Blog","robots":{"index":"index","follow":"follow","max-snippet":"max-snippet:-1","max-image-preview":"max-image-preview:large","max-video-preview":"max-video-preview:-1"},"canonical":"https:\/\/hartkorn-gewuerze.de\/blog\/impressum\/","og_locale":"de_DE","og_type":"article","og_title":"Impressum - Hartkorn Gew\u00fcrzm\u00fchle Blog","og_description":"Impressum Hartkorn Gew\u00fcrzm\u00fchle GmbH Carl-Benz-Stra\u00dfe 13 56218 M\u00fclheim-K\u00e4rlich Deutschland Telefon: 49 (2630) 9632 &#8211; 0 Mail: info@hartkorn-gewuerze.de Gesch\u00e4ftsf\u00fchrer: Dr. Andreas Hartkorn Handelsregister: Amtsgericht Koblenz, 4173 &hellip;","og_url":"https:\/\/hartkorn-gewuerze.de\/blog\/impressum\/","og_site_name":"Hartkorn Gew\u00fcrzm\u00fchle Blog","article_publisher":"https:\/\/de-de.facebook.com\/hartkorngewuerze\/","article_modified_time":"2025-12-16T10:50:03+00:00","twitter_card":"summary_large_image","twitter_misc":{"Gesch\u00e4tzte Lesezeit":"2\u00a0Minuten"},"schema":{"@context":"https:\/\/schema.org","@graph":[{"@type":"WebPage","@id":"https:\/\/hartkorn-gewuerze.de\/blog\/impressum\/","url":"https:\/\/hartkorn-gewuerze.de\/blog\/impressum\/","name":"Impressum - Hartkorn Gew\u00fcrzm\u00fchle Blog","isPartOf":{"@id":"https:\/\/hartkorn-gewuerze.de\/blog\/#website"},"datePublished":"2020-06-10T10:14:15+00:00","dateModified":"2025-12-16T10:50:03+00:00","breadcrumb":{"@id":"https:\/\/hartkorn-gewuerze.de\/blog\/impressum\/#breadcrumb"},"inLanguage":"de","potentialAction":[{"@type":"ReadAction","target":["https:\/\/hartkorn-gewuerze.de\/blog\/impressum\/"]}]},{"@type":"BreadcrumbList","@id":"https:\/\/hartkorn-gewuerze.de\/blog\/impressum\/#breadcrumb","itemListElement":[{"@type":"ListItem","position":1,"name":"Startseite","item":"https:\/\/hartkorn-gewuerze.de\/blog\/"},{"@type":"ListItem","position":2,"name":"Impressum"}]},{"@type":"WebSite","@id":"https:\/\/hartkorn-gewuerze.de\/blog\/#website","url":"https:\/\/hartkorn-gewuerze.de\/blog\/","name":"Hartkorn Gew\u00fcrze Blog","description":"Neuigkeiten, Rezepte, Gew\u00fcrzinformationen","publisher":{"@id":"https:\/\/hartkorn-gewuerze.de\/blog\/#organization"},"potentialAction":[{"@type":"SearchAction","target":{"@type":"EntryPoint","urlTemplate":"https:\/\/hartkorn-gewuerze.de\/blog\/?s={search_term_string}"},"query-input":{"@type":"PropertyValueSpecification","valueRequired":true,"valueName":"search_term_string"}}],"inLanguage":"de"},{"@type":"Organization","@id":"https:\/\/hartkorn-gewuerze.de\/blog\/#organization","name":"Hartkorn Gew\u00fcrze","url":"https:\/\/hartkorn-gewuerze.de\/blog\/","logo":{"@type":"ImageObject","inLanguage":"de","@id":"https:\/\/hartkorn-gewuerze.de\/blog\/#\/schema\/logo\/image\/","url":"https:\/\/hartkorn-gewuerze.de\/blog\/wp-content\/uploads\/2020\/04\/Logo_300px.png","contentUrl":"https:\/\/hartkorn-gewuerze.de\/blog\/wp-content\/uploads\/2020\/04\/Logo_300px.png","width":300,"height":300,"caption":"Hartkorn Gew\u00fcrze"},"image":{"@id":"https:\/\/hartkorn-gewuerze.de\/blog\/#\/schema\/logo\/image\/"},"sameAs":["https:\/\/de-de.facebook.com\/hartkorngewuerze\/","https:\/\/www.instagram.com\/hartkorngewuerze\/","https:\/\/www.tiktok.com\/@hartkorngewuerze"]}]}},"_links":{"self":[{"href":"https:\/\/hartkorn-gewuerze.de\/blog\/wp-json\/wp\/v2\/pages\/1616","targetHints":{"allow":["GET"]}}],"collection":[{"href":"https:\/\/hartkorn-gewuerze.de\/blog\/wp-json\/wp\/v2\/pages"}],"about":[{"href":"https:\/\/hartkorn-gewuerze.de\/blog\/wp-json\/wp\/v2\/types\/page"}],"author":[{"embeddable":true,"href":"https:\/\/hartkorn-gewuerze.de\/blog\/wp-json\/wp\/v2\/users\/1"}],"replies":[{"embeddable":true,"href":"https:\/\/hartkorn-gewuerze.de\/blog\/wp-json\/wp\/v2\/comments?post=1616"}],"version-history":[{"count":7,"href":"https:\/\/hartkorn-gewuerze.de\/blog\/wp-json\/wp\/v2\/pages\/1616\/revisions"}],"predecessor-version":[{"id":8520,"href":"https:\/\/hartkorn-gewuerze.de\/blog\/wp-json\/wp\/v2\/pages\/1616\/revisions\/8520"}],"wp:attachment":[{"href":"https:\/\/hartkorn-gewuerze.de\/blog\/wp-json\/wp\/v2\/media?parent=1616"}],"curies":[{"name":"wp","href":"https:\/\/api.w.org\/{rel}","templated":true}]}}