{"id":1620,"date":"2020-06-10T12:20:00","date_gmt":"2020-06-10T10:20:00","guid":{"rendered":"http:\/\/wp.hartkorn-gewuerze.de\/wp2\/imprint\/"},"modified":"2025-04-22T11:50:10","modified_gmt":"2025-04-22T09:50:10","slug":"supplier-identification","status":"publish","type":"page","link":"https:\/\/hartkorn-gewuerze.de\/blog\/en\/supplier-identification\/","title":{"rendered":"Supplier Identification"},"content":{"rendered":"\n<p><strong>Hartkorn Gew\u00fcrzm\u00fchle GmbH<\/strong><\/p>\n\n\n\n<p>Carl-Benz-Stra\u00dfe 13<br>56218 M\u00fclheim-K\u00e4rlich<br>Deutschland<\/p>\n\n\n\n<p>Phone: Telefon: 49 (2630) 9632 &#8211; 0<\/p>\n\n\n\n<p>E-mail: info@hartkorn-gewuerze.de<\/p>\n\n\n\n<p>Managing Director: Dr. Andreas Hartkorn<\/p>\n\n\n\n<p>Registered at Amtsgericht Koblenz, HRB 4173<\/p>\n\n\n\n<p>Business identification number (W-IdNr.): DE812153947<\/p>\n\n\n\n<p>Value added tax registration number(s): DE812153947<\/p>\n\n\n\n<p>Responsible according to \u00a7 18 MStV:<br>Dr. Andreas Hartkorn<br>Carl-Benz-Stra\u00dfe 13<br>56218 M\u00fclheim-K\u00e4rlich<\/p>\n\n\n\n<p>The European Commission provides a platform for online dispute resolutions (ODR) which can be accessed at&nbsp;<a href=\"https:\/\/ec.europa.eu\/consumers\/odr\/\" target=\"_blank\" rel=\"noreferrer noopener\">https:\/\/ec.europa.eu\/consumers\/odr\/<\/a>. We are ready to participate in extra-judicial dispute settlement proceedings before a consumer dispute resolution body.<\/p>\n\n\n\n<p><strong>Important Notice:<\/strong>&nbsp;The European Online Dispute Resolution Platform (ODR platform) will be permanently discontinued as of 20 July 2025. Accordingly, the submission of complaints to the ODR platform will cease on 20 March 2025.<\/p>\n","protected":false},"excerpt":{"rendered":"<p>Hartkorn Gew\u00fcrzm\u00fchle GmbH Carl-Benz-Stra\u00dfe 1356218 M\u00fclheim-K\u00e4rlichDeutschland Phone: Telefon: 49 (2630) 9632 &#8211; 0 E-mail: info@hartkorn-gewuerze.de Managing Director: Dr. Andreas Hartkorn Registered at Amtsgericht Koblenz, HRB &hellip; <\/p>\n","protected":false},"author":1,"featured_media":0,"parent":0,"menu_order":0,"comment_status":"closed","ping_status":"closed","template":"","meta":{"footnotes":""},"class_list":["post-1620","page","type-page","status-publish","hentry"],"yoast_head":"<!-- This site is optimized with the Yoast SEO plugin v27.3 - https:\/\/yoast.com\/product\/yoast-seo-wordpress\/ -->\n<title>Supplier Identification - Hartkorn Gew\u00fcrzm\u00fchle Blog<\/title>\n<meta name=\"robots\" content=\"index, follow, max-snippet:-1, max-image-preview:large, max-video-preview:-1\" \/>\n<link rel=\"canonical\" href=\"https:\/\/hartkorn-gewuerze.de\/blog\/en\/supplier-identification\/\" \/>\n<meta property=\"og:locale\" content=\"en_US\" \/>\n<meta property=\"og:type\" content=\"article\" \/>\n<meta property=\"og:title\" content=\"Supplier Identification - Hartkorn Gew\u00fcrzm\u00fchle Blog\" \/>\n<meta property=\"og:description\" content=\"Hartkorn Gew\u00fcrzm\u00fchle GmbH Carl-Benz-Stra\u00dfe 1356218 M\u00fclheim-K\u00e4rlichDeutschland Phone: Telefon: 49 (2630) 9632 &#8211; 0 E-mail: info@hartkorn-gewuerze.de Managing Director: Dr. Andreas Hartkorn Registered at Amtsgericht Koblenz, HRB &hellip;\" \/>\n<meta property=\"og:url\" content=\"https:\/\/hartkorn-gewuerze.de\/blog\/en\/supplier-identification\/\" \/>\n<meta property=\"og:site_name\" content=\"Hartkorn Gew\u00fcrzm\u00fchle Blog\" \/>\n<meta property=\"article:publisher\" content=\"https:\/\/de-de.facebook.com\/hartkorngewuerze\/\" \/>\n<meta property=\"article:modified_time\" content=\"2025-04-22T09:50:10+00:00\" \/>\n<meta name=\"twitter:card\" content=\"summary_large_image\" \/>\n<meta name=\"twitter:label1\" content=\"Est. reading time\" \/>\n\t<meta name=\"twitter:data1\" content=\"1 minute\" \/>\n<script type=\"application\/ld+json\" class=\"yoast-schema-graph\">{\"@context\":\"https:\\\/\\\/schema.org\",\"@graph\":[{\"@type\":\"WebPage\",\"@id\":\"https:\\\/\\\/hartkorn-gewuerze.de\\\/blog\\\/en\\\/supplier-identification\\\/\",\"url\":\"https:\\\/\\\/hartkorn-gewuerze.de\\\/blog\\\/en\\\/supplier-identification\\\/\",\"name\":\"Supplier Identification - Hartkorn Gew\u00fcrzm\u00fchle Blog\",\"isPartOf\":{\"@id\":\"https:\\\/\\\/hartkorn-gewuerze.de\\\/blog\\\/en\\\/#website\"},\"datePublished\":\"2020-06-10T10:20:00+00:00\",\"dateModified\":\"2025-04-22T09:50:10+00:00\",\"breadcrumb\":{\"@id\":\"https:\\\/\\\/hartkorn-gewuerze.de\\\/blog\\\/en\\\/supplier-identification\\\/#breadcrumb\"},\"inLanguage\":\"en-US\",\"potentialAction\":[{\"@type\":\"ReadAction\",\"target\":[\"https:\\\/\\\/hartkorn-gewuerze.de\\\/blog\\\/en\\\/supplier-identification\\\/\"]}]},{\"@type\":\"BreadcrumbList\",\"@id\":\"https:\\\/\\\/hartkorn-gewuerze.de\\\/blog\\\/en\\\/supplier-identification\\\/#breadcrumb\",\"itemListElement\":[{\"@type\":\"ListItem\",\"position\":1,\"name\":\"Startseite\",\"item\":\"https:\\\/\\\/hartkorn-gewuerze.de\\\/blog\\\/en\\\/\"},{\"@type\":\"ListItem\",\"position\":2,\"name\":\"Supplier Identification\"}]},{\"@type\":\"WebSite\",\"@id\":\"https:\\\/\\\/hartkorn-gewuerze.de\\\/blog\\\/en\\\/#website\",\"url\":\"https:\\\/\\\/hartkorn-gewuerze.de\\\/blog\\\/en\\\/\",\"name\":\"Hartkorn Gew\u00fcrze Blog\",\"description\":\"Neuigkeiten, Rezepte, Gew\u00fcrzinformationen\",\"publisher\":{\"@id\":\"https:\\\/\\\/hartkorn-gewuerze.de\\\/blog\\\/en\\\/#organization\"},\"potentialAction\":[{\"@type\":\"SearchAction\",\"target\":{\"@type\":\"EntryPoint\",\"urlTemplate\":\"https:\\\/\\\/hartkorn-gewuerze.de\\\/blog\\\/en\\\/?s={search_term_string}\"},\"query-input\":{\"@type\":\"PropertyValueSpecification\",\"valueRequired\":true,\"valueName\":\"search_term_string\"}}],\"inLanguage\":\"en-US\"},{\"@type\":\"Organization\",\"@id\":\"https:\\\/\\\/hartkorn-gewuerze.de\\\/blog\\\/en\\\/#organization\",\"name\":\"Hartkorn Gew\u00fcrze\",\"url\":\"https:\\\/\\\/hartkorn-gewuerze.de\\\/blog\\\/en\\\/\",\"logo\":{\"@type\":\"ImageObject\",\"inLanguage\":\"en-US\",\"@id\":\"https:\\\/\\\/hartkorn-gewuerze.de\\\/blog\\\/en\\\/#\\\/schema\\\/logo\\\/image\\\/\",\"url\":\"https:\\\/\\\/hartkorn-gewuerze.de\\\/blog\\\/wp-content\\\/uploads\\\/2020\\\/04\\\/Logo_300px.png\",\"contentUrl\":\"https:\\\/\\\/hartkorn-gewuerze.de\\\/blog\\\/wp-content\\\/uploads\\\/2020\\\/04\\\/Logo_300px.png\",\"width\":300,\"height\":300,\"caption\":\"Hartkorn Gew\u00fcrze\"},\"image\":{\"@id\":\"https:\\\/\\\/hartkorn-gewuerze.de\\\/blog\\\/en\\\/#\\\/schema\\\/logo\\\/image\\\/\"},\"sameAs\":[\"https:\\\/\\\/de-de.facebook.com\\\/hartkorngewuerze\\\/\",\"https:\\\/\\\/www.instagram.com\\\/hartkorngewuerze\\\/\",\"https:\\\/\\\/www.tiktok.com\\\/@hartkorngewuerze\"]}]}<\/script>\n<!-- \/ Yoast SEO plugin. -->","yoast_head_json":{"title":"Supplier Identification - Hartkorn Gew\u00fcrzm\u00fchle Blog","robots":{"index":"index","follow":"follow","max-snippet":"max-snippet:-1","max-image-preview":"max-image-preview:large","max-video-preview":"max-video-preview:-1"},"canonical":"https:\/\/hartkorn-gewuerze.de\/blog\/en\/supplier-identification\/","og_locale":"en_US","og_type":"article","og_title":"Supplier Identification - Hartkorn Gew\u00fcrzm\u00fchle Blog","og_description":"Hartkorn Gew\u00fcrzm\u00fchle GmbH Carl-Benz-Stra\u00dfe 1356218 M\u00fclheim-K\u00e4rlichDeutschland Phone: Telefon: 49 (2630) 9632 &#8211; 0 E-mail: info@hartkorn-gewuerze.de Managing Director: Dr. Andreas Hartkorn Registered at Amtsgericht Koblenz, HRB &hellip;","og_url":"https:\/\/hartkorn-gewuerze.de\/blog\/en\/supplier-identification\/","og_site_name":"Hartkorn Gew\u00fcrzm\u00fchle Blog","article_publisher":"https:\/\/de-de.facebook.com\/hartkorngewuerze\/","article_modified_time":"2025-04-22T09:50:10+00:00","twitter_card":"summary_large_image","twitter_misc":{"Est. reading time":"1 minute"},"schema":{"@context":"https:\/\/schema.org","@graph":[{"@type":"WebPage","@id":"https:\/\/hartkorn-gewuerze.de\/blog\/en\/supplier-identification\/","url":"https:\/\/hartkorn-gewuerze.de\/blog\/en\/supplier-identification\/","name":"Supplier Identification - Hartkorn Gew\u00fcrzm\u00fchle Blog","isPartOf":{"@id":"https:\/\/hartkorn-gewuerze.de\/blog\/en\/#website"},"datePublished":"2020-06-10T10:20:00+00:00","dateModified":"2025-04-22T09:50:10+00:00","breadcrumb":{"@id":"https:\/\/hartkorn-gewuerze.de\/blog\/en\/supplier-identification\/#breadcrumb"},"inLanguage":"en-US","potentialAction":[{"@type":"ReadAction","target":["https:\/\/hartkorn-gewuerze.de\/blog\/en\/supplier-identification\/"]}]},{"@type":"BreadcrumbList","@id":"https:\/\/hartkorn-gewuerze.de\/blog\/en\/supplier-identification\/#breadcrumb","itemListElement":[{"@type":"ListItem","position":1,"name":"Startseite","item":"https:\/\/hartkorn-gewuerze.de\/blog\/en\/"},{"@type":"ListItem","position":2,"name":"Supplier Identification"}]},{"@type":"WebSite","@id":"https:\/\/hartkorn-gewuerze.de\/blog\/en\/#website","url":"https:\/\/hartkorn-gewuerze.de\/blog\/en\/","name":"Hartkorn Gew\u00fcrze Blog","description":"Neuigkeiten, Rezepte, Gew\u00fcrzinformationen","publisher":{"@id":"https:\/\/hartkorn-gewuerze.de\/blog\/en\/#organization"},"potentialAction":[{"@type":"SearchAction","target":{"@type":"EntryPoint","urlTemplate":"https:\/\/hartkorn-gewuerze.de\/blog\/en\/?s={search_term_string}"},"query-input":{"@type":"PropertyValueSpecification","valueRequired":true,"valueName":"search_term_string"}}],"inLanguage":"en-US"},{"@type":"Organization","@id":"https:\/\/hartkorn-gewuerze.de\/blog\/en\/#organization","name":"Hartkorn Gew\u00fcrze","url":"https:\/\/hartkorn-gewuerze.de\/blog\/en\/","logo":{"@type":"ImageObject","inLanguage":"en-US","@id":"https:\/\/hartkorn-gewuerze.de\/blog\/en\/#\/schema\/logo\/image\/","url":"https:\/\/hartkorn-gewuerze.de\/blog\/wp-content\/uploads\/2020\/04\/Logo_300px.png","contentUrl":"https:\/\/hartkorn-gewuerze.de\/blog\/wp-content\/uploads\/2020\/04\/Logo_300px.png","width":300,"height":300,"caption":"Hartkorn Gew\u00fcrze"},"image":{"@id":"https:\/\/hartkorn-gewuerze.de\/blog\/en\/#\/schema\/logo\/image\/"},"sameAs":["https:\/\/de-de.facebook.com\/hartkorngewuerze\/","https:\/\/www.instagram.com\/hartkorngewuerze\/","https:\/\/www.tiktok.com\/@hartkorngewuerze"]}]}},"_links":{"self":[{"href":"https:\/\/hartkorn-gewuerze.de\/blog\/en\/wp-json\/wp\/v2\/pages\/1620","targetHints":{"allow":["GET"]}}],"collection":[{"href":"https:\/\/hartkorn-gewuerze.de\/blog\/en\/wp-json\/wp\/v2\/pages"}],"about":[{"href":"https:\/\/hartkorn-gewuerze.de\/blog\/en\/wp-json\/wp\/v2\/types\/page"}],"author":[{"embeddable":true,"href":"https:\/\/hartkorn-gewuerze.de\/blog\/en\/wp-json\/wp\/v2\/users\/1"}],"replies":[{"embeddable":true,"href":"https:\/\/hartkorn-gewuerze.de\/blog\/en\/wp-json\/wp\/v2\/comments?post=1620"}],"version-history":[{"count":5,"href":"https:\/\/hartkorn-gewuerze.de\/blog\/en\/wp-json\/wp\/v2\/pages\/1620\/revisions"}],"predecessor-version":[{"id":8446,"href":"https:\/\/hartkorn-gewuerze.de\/blog\/en\/wp-json\/wp\/v2\/pages\/1620\/revisions\/8446"}],"wp:attachment":[{"href":"https:\/\/hartkorn-gewuerze.de\/blog\/en\/wp-json\/wp\/v2\/media?parent=1620"}],"curies":[{"name":"wp","href":"https:\/\/api.w.org\/{rel}","templated":true}]}}